{"id":1067,"date":"2022-01-09T10:40:43","date_gmt":"2022-01-09T10:40:43","guid":{"rendered":"https:\/\/euphe.eu\/cookies-policy\/"},"modified":"2022-01-17T12:11:11","modified_gmt":"2022-01-17T12:11:11","slug":"cookies-politik","status":"publish","type":"page","link":"https:\/\/euphe.eu\/de\/cookies-politik\/","title":{"rendered":"Cookies-Politik"},"content":{"rendered":"<p>Um Ihnen einen pers\u00f6nlicheren und reaktionsschnelleren Service bieten zu k\u00f6nnen, m\u00fcssen wir uns Informationen \u00fcber Ihre Nutzung dieser Website merken und speichern. Dies geschieht mit kleinen Textdateien, die Cookies genannt werden. Cookies enthalten kleine Mengen an Informationen und werden von einem Server f\u00fcr diese Website auf Ihren Computer oder ein anderes Ger\u00e4t heruntergeladen. Ihr Webbrowser sendet diese Cookies dann bei jedem weiteren Besuch an diese Website zur\u00fcck, damit er Sie erkennen und sich Dinge wie Ihre Benutzereinstellungen merken kann. Ausf\u00fchrlichere Informationen \u00fcber Cookies und deren Funktionsweise finden Sie unter <a href=\"http:\/\/www.aboutcookies.org\/\">http:\/\/www.aboutcookies.org\/<\/a>.<\/p>\n<p>Wenn Sie diese Website nutzen, k\u00f6nnen durch den Einsatz von Cookies und anderen Technologien Informationen gesammelt werden. Durch die Nutzung dieser Website erkl\u00e4ren Sie sich damit einverstanden, dass wir Cookies verwenden, wie in diesem Cookie-Hinweis beschrieben, sowie mit der Verwendung von Cookies auf den anderen l\u00e4nder-, regional- oder praxisbezogenen Websites von empleobelux.com, die Sie m\u00f6glicherweise besuchen, wie in den zugeh\u00f6rigen Cookie-Hinweisen beschrieben.<\/p>\n<h3>Welche Cookies verwenden wir und warum?<\/h3>\n<p>Einige der von uns verwendeten Cookies sind notwendig, damit Sie sich auf der Website bewegen und ihre Funktionen nutzen k\u00f6nnen, z. B. den Zugang zu gesch\u00fctzten Bereichen, die Inhalte f\u00fcr registrierte Benutzer enthalten k\u00f6nnen.<\/p>\n<p>Wir verwenden auch funktionale Cookies, um Informationen \u00fcber die von Ihnen getroffenen Entscheidungen zu speichern und um die Website auf unsere Nutzer zuzuschneiden, z. B. um sich an Ihre Sprache oder Region zu erinnern oder daran, dass Sie bereits eine Umfrage abgeschlossen haben. Diese Informationen sind in der Regel anonymisiert und werden nicht f\u00fcr andere Zwecke verwendet.<\/p>\n<p>Wir oder unsere Dienstleister nutzen auch Analysedienste, um zu verstehen, wie effektiv unsere Inhalte sind, welche Interessen unsere Nutzer haben und um die Funktionsweise dieser Website zu verbessern. Dar\u00fcber hinaus verwenden wir Web-Beacons oder Z\u00e4hlpixel, um die Besucherzahlen zu z\u00e4hlen, und Performance-Cookies, um festzustellen, wie viele einzelne Benutzer auf diese Website zugreifen und wie oft. Diese Informationen werden ausschlie\u00dflich zu statistischen Zwecken verwendet, und es ist nicht unsere Absicht, diese Informationen zur pers\u00f6nlichen Identifizierung von Nutzern zu verwenden. Wenn Sie sich jedoch registriert und auf dieser Website angemeldet haben, k\u00f6nnen wir diese Daten mit Informationen aus unseren Webanalysediensten und Cookies kombinieren, um Ihre Nutzung dieser Website genauer zu analysieren.<\/p>\n<p>Diese Website kann mit Ihrem Einverst\u00e4ndnis auch gezielte Cookies verwenden, d. h. Cookies, die dazu dienen, Werbung oder Marketingmaterial zu liefern, das Ihren Interessen entspricht. Sie k\u00f6nnen auch verwendet werden, um die Anzahl der Anzeigen zu begrenzen, die Sie sehen. Sie merken sich, dass Sie eine Website besucht haben, und diese Informationen k\u00f6nnen an andere Organisationen wie z. B. Werbetreibende weitergegeben werden.<\/p>\n<h3>Wie kann man Cookies kontrollieren?<\/h3>\n<p>Durch die Nutzung dieser Website erkl\u00e4ren Sie sich damit einverstanden, dass wir, wie oben beschrieben, Cookies auf Ihrem Computer oder Ger\u00e4t platzieren k\u00f6nnen. Sie k\u00f6nnen Cookies jedoch auf verschiedene Weise kontrollieren und verwalten. Bitte bedenken Sie, dass das Entfernen oder Blockieren von Cookies Ihr Nutzererlebnis beeintr\u00e4chtigen kann und Teile dieser Website m\u00f6glicherweise nicht mehr vollst\u00e4ndig zug\u00e4nglich sind.<\/p>\n<h3>Browser-Steuerung<\/h3>\n<p>Bei den meisten Browsern k\u00f6nnen Sie sehen, welche Cookies Sie haben, und diese einzeln l\u00f6schen oder Cookies von bestimmten oder allen Websites blockieren. Beachten Sie, dass alle Ihre Einstellungen verloren gehen, wenn Sie alle Cookies l\u00f6schen, einschlie\u00dflich der Einstellung, keine Cookies mehr zuzulassen, da dies wiederum voraussetzt, dass ein Opt-out-Cookie gesetzt wurde. Weitere Informationen dar\u00fcber, wie Sie Ihre Browsereinstellungen \u00e4ndern k\u00f6nnen, um Cookies zu blockieren oder zu filtern, finden Sie unter http:\/\/www.aboutcookies.org\/ oder <a href=\"http:\/\/www.cookiecentral.com\/faq\/\">http:\/\/www.cookiecentral.com\/faq\/<\/a>.<\/p>\n<h3>Verwaltung von Analytics-Cookies<\/h3>\n<p>Sie k\u00f6nnen sich dagegen entscheiden, dass Ihre anonymen Surfaktivit\u00e4ten auf Websites durch Analyse-Cookies aufgezeichnet werden. Wir verwenden die folgenden Dienstanbieter und Sie k\u00f6nnen mehr \u00fcber deren Datenschutzrichtlinien erfahren und wie Sie deren Cookies ablehnen k\u00f6nnen, indem Sie auf die folgenden Links klicken:<\/p>\n<ul>\n<li>Adobe: <a href=\"http:\/\/www.adobe.com\/privacy\/opt-out.html\">http:\/\/www.adobe.com\/privacy\/opt-out.html<\/a><\/li>\n<li>Google Analytics: <a href=\"http:\/\/www.google.com\/analytics\/learn\/privacy.html\">http:\/\/www.google.com\/analytics\/learn\/privacy.html<\/a><\/li>\n<li>Marketo: <a href=\"http:\/\/uk.marketo.com\/trust\/legal\/privacy\/\">http:\/\/uk.marketo.com\/trust\/legal\/privacy\/<\/a><\/li>\n<\/ul>\n<h3>Verwaltung von lokal freigegebenen Objekten oder Flash-Cookies<\/h3>\n<p>Ein Local Shared Object oder Flash-Cookie ist wie die meisten anderen Browser-Cookies, mit dem Unterschied, dass es zus\u00e4tzliche Arten von Informationen speichern kann. Diese Cookies k\u00f6nnen nicht \u00fcber die oben aufgef\u00fchrten Mechanismen gesteuert werden. Einige Teile dieser Website verwenden diese Art von Cookies, um Benutzerpr\u00e4ferenzen f\u00fcr Media-Player-Funktionen zu speichern, und ohne diese Cookies werden einige Videoinhalte m\u00f6glicherweise nicht richtig wiedergegeben. Diese Cookies k\u00f6nnen manuell kontrolliert werden, indem Sie die Adobe-Website besuchen.<\/p>\n<p><a href=\"http:\/\/www.macromedia.com\/support\/documentation\/en\/flashplayer\/help\/settings_manager07.html\">http:\/\/www.macromedia.com\/support\/documentation\/en\/flashplayer\/help\/settings_manager07.html<\/a><\/p>\n<h3>Soziale Schaltfl\u00e4chen<\/h3>\n<p>Wir verwenden &#8222;soziale Schaltfl\u00e4chen&#8220;, um unseren Nutzern die M\u00f6glichkeit zu geben, Webseiten zu teilen oder Lesezeichen zu setzen. Dabei handelt es sich um Schaltfl\u00e4chen f\u00fcr Social-Media-Seiten von Drittanbietern, und diese Seiten k\u00f6nnen Informationen \u00fcber Ihre Aktivit\u00e4ten im Internet, einschlie\u00dflich dieser Website, aufzeichnen. Bitte lesen Sie die jeweiligen Nutzungsbedingungen und Datenschutzrichtlinien dieser Websites, um genau zu verstehen, wie sie Ihre Informationen verwenden und um herauszufinden, wie Sie sich dagegen entscheiden oder diese Informationen l\u00f6schen k\u00f6nnen.<\/p>\n<h3>Externe Webdienste<\/h3>\n<p>Wir verwenden manchmal externe Webdienste auf dieser Website, um Inhalte auf den Seiten dieser Website anzuzeigen, z. B. um Bilder oder Videos zu zeigen oder Umfragen durchzuf\u00fchren. Wie bei den sozialen Schaltfl\u00e4chen k\u00f6nnen wir nicht verhindern, dass diese Websites oder externen Dom\u00e4nen Informationen \u00fcber Ihre Nutzung dieser eingebetteten Inhalte sammeln.<\/p>\n<h3>E-Mail-Kommunikation<\/h3>\n<p>Wir k\u00f6nnen auch Tracking-Technologien verwenden, um festzustellen, ob Sie bestimmte E-Mail-Nachrichten, die wir Ihnen senden, gelesen, angeklickt oder weitergeleitet haben, damit wir unsere Mitteilungen hilfreicher und interessanter gestalten k\u00f6nnen. Wenn Sie nicht m\u00f6chten, dass wir best\u00e4tigen, ob Sie unsere Mitteilungen ge\u00f6ffnet, angeklickt oder weitergeleitet haben, m\u00fcssen Sie sich abmelden, da es uns nicht m\u00f6glich ist, diese E-Mails ohne aktivierte Nachverfolgung zu versenden. Registrierte Abonnenten k\u00f6nnen ihre Kommunikationspr\u00e4ferenzen jederzeit aktualisieren, indem sie sich mit uns in Verbindung setzen, oder sie k\u00f6nnen sich abmelden, indem sie den Anweisungen in den einzelnen E-Mails folgen, die sie von uns erhalten.<\/p>\n<p>Wir k\u00f6nnen diesen Cookie-Hinweis von Zeit zu Zeit nach eigenem Ermessen \u00e4ndern oder erg\u00e4nzen. Wenn wir \u00c4nderungen an diesem Hinweis vornehmen, werden wir das \u00c4nderungsdatum oben auf dieser Seite \u00e4ndern, und ein solcher ge\u00e4nderter oder erg\u00e4nzter Cookie-Hinweis ist f\u00fcr Sie und Ihre Daten ab dem \u00c4nderungsdatum wirksam. Wir empfehlen Ihnen, diesen Cookie-Hinweis regelm\u00e4\u00dfig zu lesen, um sich dar\u00fcber zu informieren, wie wir Cookies verwenden.<\/p>\n","protected":false},"excerpt":{"rendered":"<p>Um Ihnen einen pers\u00f6nlicheren und reaktionsschnelleren Service bieten zu k\u00f6nnen, m\u00fcssen wir uns Informationen \u00fcber Ihre Nutzung dieser Website merken und speichern. Dies geschieht mit [&hellip;]<\/p>\n","protected":false},"author":1,"featured_media":0,"parent":0,"menu_order":0,"comment_status":"closed","ping_status":"closed","template":"","meta":{"_acf_changed":false,"footnotes":""},"class_list":["post-1067","page","type-page","status-publish","hentry"],"acf":[],"yoast_head":"<!-- This site is optimized with the Yoast SEO plugin v27.2 - https:\/\/yoast.com\/product\/yoast-seo-wordpress\/ -->\n<title>Cookies-Politik - EUPHE<\/title>\n<meta name=\"robots\" content=\"index, follow, max-snippet:-1, max-image-preview:large, max-video-preview:-1\" \/>\n<link rel=\"canonical\" href=\"https:\/\/euphe.eu\/cookies-policy\/\" \/>\n<meta property=\"og:locale\" content=\"de_DE\" \/>\n<meta property=\"og:type\" content=\"article\" \/>\n<meta property=\"og:title\" content=\"Cookies-Politik - EUPHE\" \/>\n<meta property=\"og:description\" content=\"Um Ihnen einen pers\u00f6nlicheren und reaktionsschnelleren Service bieten zu k\u00f6nnen, m\u00fcssen wir uns Informationen \u00fcber Ihre Nutzung dieser Website merken und speichern. Dies geschieht mit [&hellip;]\" \/>\n<meta property=\"og:url\" content=\"https:\/\/euphe.eu\/cookies-policy\/\" \/>\n<meta property=\"og:site_name\" content=\"EUPHE\" \/>\n<meta property=\"article:modified_time\" content=\"2022-01-17T12:11:11+00:00\" \/>\n<meta name=\"twitter:card\" content=\"summary_large_image\" \/>\n<meta name=\"twitter:label1\" content=\"Gesch\u00e4tzte Lesezeit\" \/>\n\t<meta name=\"twitter:data1\" content=\"6\u00a0Minuten\" \/>\n<script type=\"application\/ld+json\" class=\"yoast-schema-graph\">{\"@context\":\"https:\/\/schema.org\",\"@graph\":[{\"@type\":\"WebPage\",\"@id\":\"https:\/\/euphe.eu\/cookies-policy\/\",\"url\":\"https:\/\/euphe.eu\/cookies-policy\/\",\"name\":\"Cookies-Politik - EUPHE\",\"isPartOf\":{\"@id\":\"https:\/\/euphe.eu\/#website\"},\"datePublished\":\"2022-01-09T10:40:43+00:00\",\"dateModified\":\"2022-01-17T12:11:11+00:00\",\"breadcrumb\":{\"@id\":\"https:\/\/euphe.eu\/cookies-policy\/#breadcrumb\"},\"inLanguage\":\"de\",\"potentialAction\":[{\"@type\":\"ReadAction\",\"target\":[\"https:\/\/euphe.eu\/cookies-policy\/\"]}]},{\"@type\":\"BreadcrumbList\",\"@id\":\"https:\/\/euphe.eu\/cookies-policy\/#breadcrumb\",\"itemListElement\":[{\"@type\":\"ListItem\",\"position\":1,\"name\":\"Home\",\"item\":\"https:\/\/euphe.eu\/\"},{\"@type\":\"ListItem\",\"position\":2,\"name\":\"Cookies-Politik\"}]},{\"@type\":\"WebSite\",\"@id\":\"https:\/\/euphe.eu\/#website\",\"url\":\"https:\/\/euphe.eu\/\",\"name\":\"EUPHE\",\"description\":\"The Alliance of Non-State Higher Education Institutions\",\"potentialAction\":[{\"@type\":\"SearchAction\",\"target\":{\"@type\":\"EntryPoint\",\"urlTemplate\":\"https:\/\/euphe.eu\/?s={search_term_string}\"},\"query-input\":{\"@type\":\"PropertyValueSpecification\",\"valueRequired\":true,\"valueName\":\"search_term_string\"}}],\"inLanguage\":\"de\"}]}<\/script>\n<!-- \/ Yoast SEO plugin. -->","yoast_head_json":{"title":"Cookies-Politik - EUPHE","robots":{"index":"index","follow":"follow","max-snippet":"max-snippet:-1","max-image-preview":"max-image-preview:large","max-video-preview":"max-video-preview:-1"},"canonical":"https:\/\/euphe.eu\/cookies-policy\/","og_locale":"de_DE","og_type":"article","og_title":"Cookies-Politik - EUPHE","og_description":"Um Ihnen einen pers\u00f6nlicheren und reaktionsschnelleren Service bieten zu k\u00f6nnen, m\u00fcssen wir uns Informationen \u00fcber Ihre Nutzung dieser Website merken und speichern. Dies geschieht mit [&hellip;]","og_url":"https:\/\/euphe.eu\/cookies-policy\/","og_site_name":"EUPHE","article_modified_time":"2022-01-17T12:11:11+00:00","twitter_card":"summary_large_image","twitter_misc":{"Gesch\u00e4tzte Lesezeit":"6\u00a0Minuten"},"schema":{"@context":"https:\/\/schema.org","@graph":[{"@type":"WebPage","@id":"https:\/\/euphe.eu\/cookies-policy\/","url":"https:\/\/euphe.eu\/cookies-policy\/","name":"Cookies-Politik - EUPHE","isPartOf":{"@id":"https:\/\/euphe.eu\/#website"},"datePublished":"2022-01-09T10:40:43+00:00","dateModified":"2022-01-17T12:11:11+00:00","breadcrumb":{"@id":"https:\/\/euphe.eu\/cookies-policy\/#breadcrumb"},"inLanguage":"de","potentialAction":[{"@type":"ReadAction","target":["https:\/\/euphe.eu\/cookies-policy\/"]}]},{"@type":"BreadcrumbList","@id":"https:\/\/euphe.eu\/cookies-policy\/#breadcrumb","itemListElement":[{"@type":"ListItem","position":1,"name":"Home","item":"https:\/\/euphe.eu\/"},{"@type":"ListItem","position":2,"name":"Cookies-Politik"}]},{"@type":"WebSite","@id":"https:\/\/euphe.eu\/#website","url":"https:\/\/euphe.eu\/","name":"EUPHE","description":"The Alliance of Non-State Higher Education Institutions","potentialAction":[{"@type":"SearchAction","target":{"@type":"EntryPoint","urlTemplate":"https:\/\/euphe.eu\/?s={search_term_string}"},"query-input":{"@type":"PropertyValueSpecification","valueRequired":true,"valueName":"search_term_string"}}],"inLanguage":"de"}]}},"_links":{"self":[{"href":"https:\/\/euphe.eu\/de\/wp-json\/wp\/v2\/pages\/1067","targetHints":{"allow":["GET"]}}],"collection":[{"href":"https:\/\/euphe.eu\/de\/wp-json\/wp\/v2\/pages"}],"about":[{"href":"https:\/\/euphe.eu\/de\/wp-json\/wp\/v2\/types\/page"}],"author":[{"embeddable":true,"href":"https:\/\/euphe.eu\/de\/wp-json\/wp\/v2\/users\/1"}],"replies":[{"embeddable":true,"href":"https:\/\/euphe.eu\/de\/wp-json\/wp\/v2\/comments?post=1067"}],"version-history":[{"count":3,"href":"https:\/\/euphe.eu\/de\/wp-json\/wp\/v2\/pages\/1067\/revisions"}],"predecessor-version":[{"id":1080,"href":"https:\/\/euphe.eu\/de\/wp-json\/wp\/v2\/pages\/1067\/revisions\/1080"}],"wp:attachment":[{"href":"https:\/\/euphe.eu\/de\/wp-json\/wp\/v2\/media?parent=1067"}],"curies":[{"name":"wp","href":"https:\/\/api.w.org\/{rel}","templated":true}]}}