{"id":1090,"date":"2021-04-27T08:07:26","date_gmt":"2021-04-27T08:07:26","guid":{"rendered":"https:\/\/euphe.eu\/privacy-policy\/"},"modified":"2022-01-27T14:57:30","modified_gmt":"2022-01-27T14:57:30","slug":"datenschutzbestimmungen","status":"publish","type":"page","link":"https:\/\/euphe.eu\/de\/datenschutzbestimmungen\/","title":{"rendered":"Datenschutzbestimmungen"},"content":{"rendered":"\r\n<p>Durch die Nutzung dieser Website erkl\u00e4ren Sie sich mit der Verwendung Ihrer Daten, wie sie in dieser Datenschutzerkl\u00e4rung erl\u00e4utert wird, einverstanden.<\/p>\r\n<h3 class=\"wp-block-heading\">Verantwortung f\u00fcr pers\u00f6nliche Daten<\/h3>\r\n<ul>\r\n<li><strong>Identit\u00e4t<\/strong>: Europ\u00e4ische Union Private Hochschulbildung, ASBL. (BE 715.444.977)<\/li>\r\n<li><strong>Anschrift<\/strong>: Rue Belliard 20, 1 &#8211; 1040 Br\u00fcssel (Belgien)<\/li>\r\n<li><strong>Telefon-Nummer<\/strong>: +330 140 650 933<\/li>\r\n<li><strong>E-Mail<\/strong>: direccion@aeen.org<\/li>\r\n<\/ul>\r\n<h3>Sammlung von Informationen<\/h3>\r\n<p>Die European Union Private Higher Education (im Folgenden &#8222;EUPHE&#8220;) verlangt keine pers\u00f6nlichen Daten f\u00fcr den Besuch der Website.<\/p>\r\n<p>Die pers\u00f6nlichen Daten, die EUPHE von den Nutzern erhebt, werden \u00fcber folgende Wege gesammelt:<\/p>\r\n<ul>\r\n<li>Das Bewerbungsformular, das Ihren Namen, Ihre E-Mail-Adresse und Ihre Adresse enth\u00e4lt<\/li>\r\n<li>E-Mails werden an die E-Mail-Adressen der EUPHE gesendet, einschlie\u00dflich aller Informationen, die der Nutzer uns in der Kommunikation gibt<\/li>\r\n<li>Die Anmeldung zum Newsletter der EUPHE<\/li>\r\n<li>Informationen \u00fcber die Besuche auf der Website, einschlie\u00dflich, aber nicht beschr\u00e4nkt auf die IP-Adresse, den verwendeten Navigator, die Lokalisierung, das Land, die Eintr\u00e4ge auf der Website und die aufgerufenen Quellen.<\/li>\r\n<\/ul>\r\n<p>Wir k\u00f6nnen auch jede Art von Inhalten speichern und pflegen, die in Blogs, Foren, Wikis und anderen Anwendungen und Diensten bereitgestellt werden, die sich \u00fcber soziale Medien verbreiten k\u00f6nnen.<\/p>\r\n<p>EUPHE fragt nicht nach sensiblen Informationen der Nutzer, wie z. B. Daten \u00fcber Rasse oder ethnische Herkunft, religi\u00f6se \u00dcberzeugungen, Vorstrafen, k\u00f6rperliche oder geistige Gesundheit oder sexuelle Orientierung.<\/p>\r\n<h3>Verwendung von Informationen<\/h3>\r\n<p>Wir k\u00f6nnen Ihre pers\u00f6nlichen Daten zu Werbezwecken oder zur \u00dcbermittlung von Mitteilungen \u00fcber die von unseren Mitgliedern und kooperierenden Einrichtungen der EUPHE angebotenen Dienstleistungen nutzen, die f\u00fcr Sie von Interesse sein k\u00f6nnten. Wir k\u00f6nnen uns auch mit Ihnen in Verbindung setzen, um Sie zu Marktforschungs- oder anderen Zwecken um Feedback zu den von EUPHE-Einrichtungen angebotenen Dienstleistungen zu bitten.<br \/>Mit dem Abonnement des Newsletters erkl\u00e4ren Sie sich damit einverstanden, diese Publikation und Informationen aus der T\u00e4tigkeit der EUPHE und ihrer Mitglieder und kooperierenden Einrichtungen zu erhalten, z. B. Werbung f\u00fcr Dienstleistungen, Einladungen zu Veranstaltungen, Informationen \u00fcber Aktivit\u00e4ten oder sonstige Informationen, die unserer Ansicht nach f\u00fcr Sie von Interesse sein k\u00f6nnten.<\/p>\r\n<p>Ihre pers\u00f6nlichen Daten k\u00f6nnen auch verwendet werden, um unsere Rechte und das Eigentum unserer Nutzer zu sch\u00fctzen und um rechtlichen Verfahren nachzukommen.<\/p>\r\n<p>Neben der Aus\u00fcbung Ihrer Rechte auf Zugang, Berichtigung, L\u00f6schung und Widerspruch k\u00f6nnen Sie als Nutzer jederzeit verlangen, dass wir die Zusendung von E-Mails oder anderen Mitteilungen, die als Reaktion auf Ihre Registrierung auf dieser Website erstellt wurden, einstellen.<\/p>\r\n<h3>Weitergabe von Informationen an Dritte<\/h3>\r\n<p>Die pers\u00f6nlichen Daten k\u00f6nnen weitergegeben werden, wenn dies von einem Gesetz oder einer Beh\u00f6rde oder einem Dritten, der sie zur Erf\u00fcllung einer rechtlichen Verpflichtung oder Anfrage ben\u00f6tigt, verlangt wird.<\/p>\r\n<p>Durch die Bereitstellung von Informationen \u00fcber diese Website akzeptiert der Besucher die oben beschriebenen Klauseln.<\/p>\r\n<h3>Protokolldaten, Cookies und Webbeacons<\/h3>\r\n<p>Diese Website sammelt Standard-Internetprotokolldaten, einschlie\u00dflich Ihrer IP-Adresse, des Browsertyps und der Sprache, der Zugriffszeiten und der Adressen der verweisenden Websites. Diese Informationen werden im Rahmen des EU-US-Datenschutzschilds an Google LLC \u00fcbermittelt.<\/p>\r\n<p>Um sicherzustellen, dass diese Website gut verwaltet wird, und um eine verbesserte Navigation zu erm\u00f6glichen, k\u00f6nnen wir oder unsere Dienstanbieter auch Cookies (kleine Textdateien, die im Browser eines Benutzers gespeichert werden) oder Web Beacons (elektronische Bilder, die es dieser Website erm\u00f6glichen, die Besucher zu z\u00e4hlen, die eine bestimmte Seite aufgerufen haben, und auf bestimmte Cookies zuzugreifen) verwenden, um Gesamtdaten zu sammeln. Weitere Informationen dar\u00fcber, wie wir Cookies und andere Tracking-Technologien verwenden und wie Sie diese kontrollieren k\u00f6nnen, finden Sie in unserem Cookie-Hinweis.<\/p>\r\n<h3>Blogs, Foren, Wikis und andere soziale Medien<\/h3>\r\n<p>Diese Website kann verschiedene Blogs, Foren, Wikis und andere Social-Media-Anwendungen oder -Dienste enthalten, die es Ihnen erm\u00f6glichen, Inhalte mit anderen Nutzern zu teilen (zusammenfassend &#8222;Social-Media-Anwendungen&#8220;). Alle personenbezogenen Daten oder anderen Informationen, die Sie zu einer Social Media-Anwendung beitragen, k\u00f6nnen von anderen Benutzern dieser Social Media-Anwendung gelesen, gesammelt und verwendet werden, \u00fcber die wir keine oder nur eine geringe Kontrolle haben. Daher sind wir nicht verantwortlich f\u00fcr die Nutzung, den Missbrauch oder die Zweckentfremdung von personenbezogenen Daten oder anderen Informationen, die Sie zu einer Social-Media-Anwendung beisteuern, durch andere Nutzer.<\/p>\r\n<h3>Zugang zu Informationen<\/h3>\r\n<p>Besucher, die Zugang zu ihren Daten beantragen, ihre Angaben aktualisieren oder sich von Mitteilungen abmelden m\u00f6chten, sollten sich \u00fcber diese E-Mail an die Webmasterdienste wenden. In allen F\u00e4llen werden wir Anfragen zum Zugriff auf Informationen oder zur \u00c4nderung von Informationen in \u00dcbereinstimmung mit den geltenden rechtlichen Anforderungen behandeln.<\/p>\r\n<h3>Informationssicherheit<\/h3>\r\n<p>Wir verf\u00fcgen \u00fcber angemessene kommerzielle Standards f\u00fcr Technologie und betriebliche Sicherheit, um alle von Besuchern \u00fcber diese Website bereitgestellten Informationen vor unbefugtem Zugriff, Offenlegung, \u00c4nderung oder Zerst\u00f6rung zu sch\u00fctzen.<\/p>\r\n<h3>\u00c4nderungen an unserer Datenschutzerkl\u00e4rung<\/h3>\r\n<p>Wir k\u00f6nnen diese Datenschutzerkl\u00e4rung von Zeit zu Zeit nach eigenem Ermessen \u00e4ndern oder erg\u00e4nzen. Wenn wir \u00c4nderungen an dieser Erkl\u00e4rung vornehmen, werden wir das \u00c4nderungsdatum oben auf dieser Seite \u00e4ndern, und eine solche ge\u00e4nderte oder erg\u00e4nzte Datenschutzerkl\u00e4rung ist f\u00fcr Sie und Ihre Daten ab dem \u00c4nderungsdatum g\u00fcltig. Wir empfehlen Ihnen, diese Datenschutzerkl\u00e4rung regelm\u00e4\u00dfig zu lesen, um sich dar\u00fcber zu informieren, wie wir Ihre Daten sch\u00fctzen.<\/p>\r\n<p>Fragen der Besucher<\/p>\r\n<p>Wenn Sie Fragen oder Bedenken bez\u00fcglich des Datenschutzes bei der Nutzung dieser Website haben, wenden Sie sich bitte per E-Mail an den Webmaster.<\/p>\r\n","protected":false},"excerpt":{"rendered":"<p>Durch die Nutzung dieser Website erkl\u00e4ren Sie sich mit der Verwendung Ihrer Daten, wie sie in dieser Datenschutzerkl\u00e4rung erl\u00e4utert wird, einverstanden. Verantwortung f\u00fcr pers\u00f6nliche Daten [&hellip;]<\/p>\n","protected":false},"author":1,"featured_media":0,"parent":0,"menu_order":0,"comment_status":"closed","ping_status":"open","template":"","meta":{"_acf_changed":false,"footnotes":""},"class_list":["post-1090","page","type-page","status-publish","hentry"],"acf":[],"yoast_head":"<!-- This site is optimized with the Yoast SEO plugin v27.2 - https:\/\/yoast.com\/product\/yoast-seo-wordpress\/ -->\n<title>Datenschutzbestimmungen - EUPHE<\/title>\n<meta name=\"robots\" content=\"index, follow, max-snippet:-1, max-image-preview:large, max-video-preview:-1\" \/>\n<link rel=\"canonical\" href=\"https:\/\/euphe.eu\/privacy-policy\/\" \/>\n<meta property=\"og:locale\" content=\"de_DE\" \/>\n<meta property=\"og:type\" content=\"article\" \/>\n<meta property=\"og:title\" content=\"Datenschutzbestimmungen - EUPHE\" \/>\n<meta property=\"og:description\" content=\"Durch die Nutzung dieser Website erkl\u00e4ren Sie sich mit der Verwendung Ihrer Daten, wie sie in dieser Datenschutzerkl\u00e4rung erl\u00e4utert wird, einverstanden. Verantwortung f\u00fcr pers\u00f6nliche Daten [&hellip;]\" \/>\n<meta property=\"og:url\" content=\"https:\/\/euphe.eu\/privacy-policy\/\" \/>\n<meta property=\"og:site_name\" content=\"EUPHE\" \/>\n<meta property=\"article:modified_time\" content=\"2022-01-27T14:57:30+00:00\" \/>\n<meta name=\"twitter:card\" content=\"summary_large_image\" \/>\n<meta name=\"twitter:label1\" content=\"Gesch\u00e4tzte Lesezeit\" \/>\n\t<meta name=\"twitter:data1\" content=\"4\u00a0Minuten\" \/>\n<script type=\"application\/ld+json\" class=\"yoast-schema-graph\">{\"@context\":\"https:\/\/schema.org\",\"@graph\":[{\"@type\":\"WebPage\",\"@id\":\"https:\/\/euphe.eu\/privacy-policy\/\",\"url\":\"https:\/\/euphe.eu\/privacy-policy\/\",\"name\":\"Datenschutzbestimmungen - EUPHE\",\"isPartOf\":{\"@id\":\"https:\/\/euphe.eu\/#website\"},\"datePublished\":\"2021-04-27T08:07:26+00:00\",\"dateModified\":\"2022-01-27T14:57:30+00:00\",\"breadcrumb\":{\"@id\":\"https:\/\/euphe.eu\/privacy-policy\/#breadcrumb\"},\"inLanguage\":\"de\",\"potentialAction\":[{\"@type\":\"ReadAction\",\"target\":[\"https:\/\/euphe.eu\/privacy-policy\/\"]}]},{\"@type\":\"BreadcrumbList\",\"@id\":\"https:\/\/euphe.eu\/privacy-policy\/#breadcrumb\",\"itemListElement\":[{\"@type\":\"ListItem\",\"position\":1,\"name\":\"Home\",\"item\":\"https:\/\/euphe.eu\/\"},{\"@type\":\"ListItem\",\"position\":2,\"name\":\"Datenschutzbestimmungen\"}]},{\"@type\":\"WebSite\",\"@id\":\"https:\/\/euphe.eu\/#website\",\"url\":\"https:\/\/euphe.eu\/\",\"name\":\"EUPHE\",\"description\":\"The Alliance of Non-State Higher Education Institutions\",\"potentialAction\":[{\"@type\":\"SearchAction\",\"target\":{\"@type\":\"EntryPoint\",\"urlTemplate\":\"https:\/\/euphe.eu\/?s={search_term_string}\"},\"query-input\":{\"@type\":\"PropertyValueSpecification\",\"valueRequired\":true,\"valueName\":\"search_term_string\"}}],\"inLanguage\":\"de\"}]}<\/script>\n<!-- \/ Yoast SEO plugin. -->","yoast_head_json":{"title":"Datenschutzbestimmungen - EUPHE","robots":{"index":"index","follow":"follow","max-snippet":"max-snippet:-1","max-image-preview":"max-image-preview:large","max-video-preview":"max-video-preview:-1"},"canonical":"https:\/\/euphe.eu\/privacy-policy\/","og_locale":"de_DE","og_type":"article","og_title":"Datenschutzbestimmungen - EUPHE","og_description":"Durch die Nutzung dieser Website erkl\u00e4ren Sie sich mit der Verwendung Ihrer Daten, wie sie in dieser Datenschutzerkl\u00e4rung erl\u00e4utert wird, einverstanden. Verantwortung f\u00fcr pers\u00f6nliche Daten [&hellip;]","og_url":"https:\/\/euphe.eu\/privacy-policy\/","og_site_name":"EUPHE","article_modified_time":"2022-01-27T14:57:30+00:00","twitter_card":"summary_large_image","twitter_misc":{"Gesch\u00e4tzte Lesezeit":"4\u00a0Minuten"},"schema":{"@context":"https:\/\/schema.org","@graph":[{"@type":"WebPage","@id":"https:\/\/euphe.eu\/privacy-policy\/","url":"https:\/\/euphe.eu\/privacy-policy\/","name":"Datenschutzbestimmungen - EUPHE","isPartOf":{"@id":"https:\/\/euphe.eu\/#website"},"datePublished":"2021-04-27T08:07:26+00:00","dateModified":"2022-01-27T14:57:30+00:00","breadcrumb":{"@id":"https:\/\/euphe.eu\/privacy-policy\/#breadcrumb"},"inLanguage":"de","potentialAction":[{"@type":"ReadAction","target":["https:\/\/euphe.eu\/privacy-policy\/"]}]},{"@type":"BreadcrumbList","@id":"https:\/\/euphe.eu\/privacy-policy\/#breadcrumb","itemListElement":[{"@type":"ListItem","position":1,"name":"Home","item":"https:\/\/euphe.eu\/"},{"@type":"ListItem","position":2,"name":"Datenschutzbestimmungen"}]},{"@type":"WebSite","@id":"https:\/\/euphe.eu\/#website","url":"https:\/\/euphe.eu\/","name":"EUPHE","description":"The Alliance of Non-State Higher Education Institutions","potentialAction":[{"@type":"SearchAction","target":{"@type":"EntryPoint","urlTemplate":"https:\/\/euphe.eu\/?s={search_term_string}"},"query-input":{"@type":"PropertyValueSpecification","valueRequired":true,"valueName":"search_term_string"}}],"inLanguage":"de"}]}},"_links":{"self":[{"href":"https:\/\/euphe.eu\/de\/wp-json\/wp\/v2\/pages\/1090","targetHints":{"allow":["GET"]}}],"collection":[{"href":"https:\/\/euphe.eu\/de\/wp-json\/wp\/v2\/pages"}],"about":[{"href":"https:\/\/euphe.eu\/de\/wp-json\/wp\/v2\/types\/page"}],"author":[{"embeddable":true,"href":"https:\/\/euphe.eu\/de\/wp-json\/wp\/v2\/users\/1"}],"replies":[{"embeddable":true,"href":"https:\/\/euphe.eu\/de\/wp-json\/wp\/v2\/comments?post=1090"}],"version-history":[{"count":5,"href":"https:\/\/euphe.eu\/de\/wp-json\/wp\/v2\/pages\/1090\/revisions"}],"predecessor-version":[{"id":1602,"href":"https:\/\/euphe.eu\/de\/wp-json\/wp\/v2\/pages\/1090\/revisions\/1602"}],"wp:attachment":[{"href":"https:\/\/euphe.eu\/de\/wp-json\/wp\/v2\/media?parent=1090"}],"curies":[{"name":"wp","href":"https:\/\/api.w.org\/{rel}","templated":true}]}}