{"id":1120,"date":"2022-01-09T10:41:47","date_gmt":"2022-01-09T10:41:47","guid":{"rendered":"https:\/\/euphe.eu\/legal-advice\/"},"modified":"2022-01-17T13:04:09","modified_gmt":"2022-01-17T13:04:09","slug":"rechtsberatung","status":"publish","type":"page","link":"https:\/\/euphe.eu\/de\/rechtsberatung\/","title":{"rendered":"Rechtsberatung"},"content":{"rendered":"<h3>Nutzung der Inhalte; Einschr\u00e4nkungen; Datenschutzerkl\u00e4rung<\/h3>\n<p>Sofern im jeweiligen Inhalt nicht anders angegeben und unter der Bedingung, dass Sie alle Ihre Verpflichtungen im Rahmen dieser Nutzungsbedingungen einhalten, sind Sie berechtigt, den Inhalt dieser Website anzusehen, zu kopieren, zu drucken und zu verbreiten (jedoch nicht zu ver\u00e4ndern), vorausgesetzt, dass (i) eine solche Nutzung ausschlie\u00dflich zu Informationszwecken und nicht zu kommerziellen Zwecken erfolgt und (ii) jede Kopie des Inhalts, die Sie anfertigen, den Urheberrechtsvermerk oder andere mit dem Inhalt verbundene Angaben enth\u00e4lt.<\/p>\n<p>Sie sind nicht berechtigt, Software, gesch\u00fctzte Verfahren oder Technologien, die auf dieser Website enthalten oder beschrieben sind, zu kopieren oder zu verwenden.<\/p>\n<p>Sie halten sich beim Zugriff auf diese Website und deren Nutzung an alle geltenden Gesetze.<\/p>\n<p>Sie erkennen an, dass wir Ihre pers\u00f6nlichen Informationen und Daten gem\u00e4\u00df unserer Datenschutzerkl\u00e4rung und unserem Cookie-Hinweis verwenden d\u00fcrfen, die durch diesen Verweis hier aufgenommen werden. Sie erkl\u00e4ren sich hiermit mit den Bedingungen unserer Datenschutzerkl\u00e4rung und des Cookie-Hinweises einverstanden, einschlie\u00dflich aller Ihnen darin auferlegten Verpflichtungen.<\/p>\n<h3>Geistige Eigentumsrechte; Keine Verwendung von Namen oder Logos der privaten Hochschulen der Europ\u00e4ischen Union<\/h3>\n<p>Sofern nicht anders angegeben, werden die Inhalte auf dieser Website von uns oder einer anderen Einrichtung innerhalb der European Union Private Higher Education bereitgestellt.<\/p>\n<p>Diese Website und ihr Inhalt sind durch das Urheberrecht, das Markenrecht und andere Gesetze von England und Wales und\/oder anderen Gerichtsbarkeiten gesch\u00fctzt. Wir und unsere Lizenzgeber behalten uns alle Rechte vor, die nicht ausdr\u00fccklich in diesen Nutzungsbedingungen gew\u00e4hrt werden.<br \/>\n&#8222;Das &#8222;European Union Private Higher Education&#8220;-Logo und lokale Sprachvarianten der vorgenannten Marken sowie bestimmte Produktnamen, die auf dieser Website erscheinen (zusammen die &#8222;European Union Private Higher Education&#8220;), sind Marken oder eingetragene Marken von Unternehmen innerhalb der European Union Private Higher Education. Sofern nicht ausdr\u00fccklich in diesen Nutzungsbedingungen vorgesehen oder ausdr\u00fccklich schriftlich durch den jeweiligen Markeninhaber genehmigt, d\u00fcrfen Sie keine European Union Private Higher Education. Marken weder allein noch in Kombination mit anderen W\u00f6rtern oder Designelementen verwenden, auch nicht in Pressemitteilungen, Anzeigen oder anderen Werbe- oder Marketingmaterialien oder -medien, sei es in schriftlicher, m\u00fcndlicher, elektronischer, visueller oder sonstiger Form.<\/p>\n<p>Verweise auf die Marken anderer Parteien auf dieser Website dienen nur der Identifizierung und bedeuten nicht, dass diese Parteien diese Website oder deren Inhalt genehmigt haben. Diese Nutzungsbedingungen gew\u00e4hren Ihnen kein Recht zur Nutzung der Marken anderer Parteien.<\/p>\n<h3>Haftungsausschl\u00fcsse und Haftungsbeschr\u00e4nkungen<\/h3>\n<p>Diese Website (einschlie\u00dflich und ohne Einschr\u00e4nkung jeglicher Inhalte oder anderer Teile davon) enth\u00e4lt nur allgemeine Informationen, und wir erbringen durch diese Website keine professionelle Beratung oder Dienstleistungen. Bevor Sie Entscheidungen treffen oder Ma\u00dfnahmen ergreifen, die sich auf Ihre Finanzen oder Ihr Gesch\u00e4ft auswirken k\u00f6nnten, sollten Sie einen qualifizierten professionellen Berater konsultieren.<\/p>\n<p>Diese Website wird im Ist-Zustand zur Verf\u00fcgung gestellt, und wir geben keine ausdr\u00fccklichen oder stillschweigenden Zusicherungen oder Gew\u00e4hrleistungen in Bezug auf sie ab. Ohne das Vorstehende einzuschr\u00e4nken, garantieren wir nicht, dass diese Website sicher, fehlerfrei, frei von Viren oder b\u00f6sartigem Code ist oder bestimmten Leistungs- oder Qualit\u00e4tskriterien entspricht. Wir lehnen ausdr\u00fccklich alle stillschweigenden Garantien ab, einschlie\u00dflich, ohne Einschr\u00e4nkung, Garantien der Marktg\u00e4ngigkeit, des Eigentumsrechts, der Eignung f\u00fcr einen bestimmten Zweck, der Nichtverletzung von Rechten, der Kompatibilit\u00e4t, der Sicherheit und der Genauigkeit.<\/p>\n<p>Die Nutzung dieser Website erfolgt auf eigene Gefahr, und Sie \u00fcbernehmen die volle Verantwortung und das Risiko von Verlusten, die sich aus Ihrer Nutzung ergeben, einschlie\u00dflich und ohne Einschr\u00e4nkung in Bezug auf den Verlust von Diensten oder Daten. Wir haften nicht f\u00fcr direkte, indirekte, besondere, zuf\u00e4llige oder Folgesch\u00e4den oder sonstige Sch\u00e4den, die sich aus der Nutzung dieser Website ergeben, unabh\u00e4ngig davon, ob diese aus einem Vertrag, einem Gesetz, einer unerlaubten Handlung (einschlie\u00dflich, aber nicht beschr\u00e4nkt auf Fahrl\u00e4ssigkeit) oder anderweitig resultieren, selbst wenn wir von der M\u00f6glichkeit solcher Sch\u00e4den wussten oder h\u00e4tten wissen m\u00fcssen.<br \/>\nBestimmte Links auf dieser Website k\u00f6nnen zu Websites, Ressourcen oder Tools f\u00fchren, die von Dritten unterhalten werden, auf die wir keinen Einfluss haben, einschlie\u00dflich, aber nicht beschr\u00e4nkt auf solche, die von anderen Einrichtungen innerhalb der European Union Private Higher Education oder einzelnen Mitarbeitern solcher Einrichtungen unterhalten werden. Ohne das Vorstehende einzuschr\u00e4nken, geben wir keine ausdr\u00fccklichen oder stillschweigenden Zusicherungen oder Gew\u00e4hrleistungen in Bezug auf solche Websites, Ressourcen und Tools, und Links zu solchen Websites, Ressourcen und Tools sind nicht als Billigung dieser Websites oder ihres Inhalts durch uns zu verstehen.<\/p>\n<p>Die obigen Haftungsausschl\u00fcsse und -beschr\u00e4nkungen gelten nicht nur f\u00fcr uns, sondern auch f\u00fcr jede andere Einrichtung innerhalb der European Union Private Higher Education und f\u00fcr unser und deren jeweiliges Personal.<br \/>\nDie obigen Haftungsausschl\u00fcsse und -beschr\u00e4nkungen gelten im vollen gesetzlich zul\u00e4ssigen Umfang, unabh\u00e4ngig davon, ob es sich um einen Vertrag, ein Gesetz, eine unerlaubte Handlung (einschlie\u00dflich, ohne Einschr\u00e4nkung, Fahrl\u00e4ssigkeit) oder etwas anderes handelt.<\/p>\n<h3>Zus\u00e4tzliche Bedingungen<\/h3>\n<p>Sollte ein Teil dieser Nutzungsbedingungen in einer Rechtsordnung ung\u00fcltig oder nicht durchsetzbar sein, dann (i) ist er in dieser Rechtsordnung im gr\u00f6\u00dftm\u00f6glichen gesetzlich zul\u00e4ssigen Umfang neu zu interpretieren, um seine Absicht so weit wie m\u00f6glich zu verwirklichen, und der Rest dieser Nutzungsbedingungen bleibt in vollem Umfang in Kraft und wirksam, und (ii) in jeder anderen Rechtsordnung bleiben alle diese Nutzungsbedingungen in vollem Umfang in Kraft und wirksam.<\/p>\n<p>Wir k\u00f6nnen diese Nutzungsbedingungen jederzeit nach unserem alleinigen Ermessen \u00e4ndern, indem wir die ge\u00e4nderten Nutzungsbedingungen \u00fcber den Link zu den Nutzungsbedingungen (d. h. diese Webseite, die Sie gerade betrachten) oder an anderer Stelle auf dieser Website ver\u00f6ffentlichen. Solche \u00dcberarbeitungen treten f\u00fcr Sie mit der Ver\u00f6ffentlichung in Kraft, es sei denn, wir weisen ausdr\u00fccklich darauf hin. Es liegt in Ihrer Verantwortung, sich \u00fcber solche \u00fcberarbeiteten Nutzungsbedingungen zu informieren, indem Sie diese Webseite \u00fcberpr\u00fcfen. Durch die fortgesetzte Nutzung dieser Website nach \u00c4nderungen dieser Nutzungsbedingungen erkl\u00e4ren Sie sich mit den \u00fcberarbeiteten Nutzungsbedingungen einverstanden.<\/p>\n","protected":false},"excerpt":{"rendered":"<p>Nutzung der Inhalte; Einschr\u00e4nkungen; Datenschutzerkl\u00e4rung Sofern im jeweiligen Inhalt nicht anders angegeben und unter der Bedingung, dass Sie alle Ihre Verpflichtungen im Rahmen dieser Nutzungsbedingungen [&hellip;]<\/p>\n","protected":false},"author":1,"featured_media":0,"parent":0,"menu_order":0,"comment_status":"closed","ping_status":"closed","template":"","meta":{"_acf_changed":false,"footnotes":""},"class_list":["post-1120","page","type-page","status-publish","hentry"],"acf":[],"yoast_head":"<!-- This site is optimized with the Yoast SEO plugin v27.2 - https:\/\/yoast.com\/product\/yoast-seo-wordpress\/ -->\n<title>Rechtsberatung - EUPHE<\/title>\n<meta name=\"robots\" content=\"index, follow, max-snippet:-1, max-image-preview:large, max-video-preview:-1\" \/>\n<link rel=\"canonical\" href=\"https:\/\/euphe.eu\/legal-advice\/\" \/>\n<meta property=\"og:locale\" content=\"de_DE\" \/>\n<meta property=\"og:type\" content=\"article\" \/>\n<meta property=\"og:title\" content=\"Rechtsberatung - EUPHE\" \/>\n<meta property=\"og:description\" content=\"Nutzung der Inhalte; Einschr\u00e4nkungen; Datenschutzerkl\u00e4rung Sofern im jeweiligen Inhalt nicht anders angegeben und unter der Bedingung, dass Sie alle Ihre Verpflichtungen im Rahmen dieser Nutzungsbedingungen [&hellip;]\" \/>\n<meta property=\"og:url\" content=\"https:\/\/euphe.eu\/legal-advice\/\" \/>\n<meta property=\"og:site_name\" content=\"EUPHE\" \/>\n<meta property=\"article:modified_time\" content=\"2022-01-17T13:04:09+00:00\" \/>\n<meta name=\"twitter:card\" content=\"summary_large_image\" \/>\n<meta name=\"twitter:label1\" content=\"Gesch\u00e4tzte Lesezeit\" \/>\n\t<meta name=\"twitter:data1\" content=\"5\u00a0Minuten\" \/>\n<script type=\"application\/ld+json\" class=\"yoast-schema-graph\">{\"@context\":\"https:\/\/schema.org\",\"@graph\":[{\"@type\":\"WebPage\",\"@id\":\"https:\/\/euphe.eu\/legal-advice\/\",\"url\":\"https:\/\/euphe.eu\/legal-advice\/\",\"name\":\"Rechtsberatung - EUPHE\",\"isPartOf\":{\"@id\":\"https:\/\/euphe.eu\/#website\"},\"datePublished\":\"2022-01-09T10:41:47+00:00\",\"dateModified\":\"2022-01-17T13:04:09+00:00\",\"breadcrumb\":{\"@id\":\"https:\/\/euphe.eu\/legal-advice\/#breadcrumb\"},\"inLanguage\":\"de\",\"potentialAction\":[{\"@type\":\"ReadAction\",\"target\":[\"https:\/\/euphe.eu\/legal-advice\/\"]}]},{\"@type\":\"BreadcrumbList\",\"@id\":\"https:\/\/euphe.eu\/legal-advice\/#breadcrumb\",\"itemListElement\":[{\"@type\":\"ListItem\",\"position\":1,\"name\":\"Home\",\"item\":\"https:\/\/euphe.eu\/\"},{\"@type\":\"ListItem\",\"position\":2,\"name\":\"Rechtsberatung\"}]},{\"@type\":\"WebSite\",\"@id\":\"https:\/\/euphe.eu\/#website\",\"url\":\"https:\/\/euphe.eu\/\",\"name\":\"EUPHE\",\"description\":\"The Alliance of Non-State Higher Education Institutions\",\"potentialAction\":[{\"@type\":\"SearchAction\",\"target\":{\"@type\":\"EntryPoint\",\"urlTemplate\":\"https:\/\/euphe.eu\/?s={search_term_string}\"},\"query-input\":{\"@type\":\"PropertyValueSpecification\",\"valueRequired\":true,\"valueName\":\"search_term_string\"}}],\"inLanguage\":\"de\"}]}<\/script>\n<!-- \/ Yoast SEO plugin. -->","yoast_head_json":{"title":"Rechtsberatung - EUPHE","robots":{"index":"index","follow":"follow","max-snippet":"max-snippet:-1","max-image-preview":"max-image-preview:large","max-video-preview":"max-video-preview:-1"},"canonical":"https:\/\/euphe.eu\/legal-advice\/","og_locale":"de_DE","og_type":"article","og_title":"Rechtsberatung - EUPHE","og_description":"Nutzung der Inhalte; Einschr\u00e4nkungen; Datenschutzerkl\u00e4rung Sofern im jeweiligen Inhalt nicht anders angegeben und unter der Bedingung, dass Sie alle Ihre Verpflichtungen im Rahmen dieser Nutzungsbedingungen [&hellip;]","og_url":"https:\/\/euphe.eu\/legal-advice\/","og_site_name":"EUPHE","article_modified_time":"2022-01-17T13:04:09+00:00","twitter_card":"summary_large_image","twitter_misc":{"Gesch\u00e4tzte Lesezeit":"5\u00a0Minuten"},"schema":{"@context":"https:\/\/schema.org","@graph":[{"@type":"WebPage","@id":"https:\/\/euphe.eu\/legal-advice\/","url":"https:\/\/euphe.eu\/legal-advice\/","name":"Rechtsberatung - EUPHE","isPartOf":{"@id":"https:\/\/euphe.eu\/#website"},"datePublished":"2022-01-09T10:41:47+00:00","dateModified":"2022-01-17T13:04:09+00:00","breadcrumb":{"@id":"https:\/\/euphe.eu\/legal-advice\/#breadcrumb"},"inLanguage":"de","potentialAction":[{"@type":"ReadAction","target":["https:\/\/euphe.eu\/legal-advice\/"]}]},{"@type":"BreadcrumbList","@id":"https:\/\/euphe.eu\/legal-advice\/#breadcrumb","itemListElement":[{"@type":"ListItem","position":1,"name":"Home","item":"https:\/\/euphe.eu\/"},{"@type":"ListItem","position":2,"name":"Rechtsberatung"}]},{"@type":"WebSite","@id":"https:\/\/euphe.eu\/#website","url":"https:\/\/euphe.eu\/","name":"EUPHE","description":"The Alliance of Non-State Higher Education Institutions","potentialAction":[{"@type":"SearchAction","target":{"@type":"EntryPoint","urlTemplate":"https:\/\/euphe.eu\/?s={search_term_string}"},"query-input":{"@type":"PropertyValueSpecification","valueRequired":true,"valueName":"search_term_string"}}],"inLanguage":"de"}]}},"_links":{"self":[{"href":"https:\/\/euphe.eu\/de\/wp-json\/wp\/v2\/pages\/1120","targetHints":{"allow":["GET"]}}],"collection":[{"href":"https:\/\/euphe.eu\/de\/wp-json\/wp\/v2\/pages"}],"about":[{"href":"https:\/\/euphe.eu\/de\/wp-json\/wp\/v2\/types\/page"}],"author":[{"embeddable":true,"href":"https:\/\/euphe.eu\/de\/wp-json\/wp\/v2\/users\/1"}],"replies":[{"embeddable":true,"href":"https:\/\/euphe.eu\/de\/wp-json\/wp\/v2\/comments?post=1120"}],"version-history":[{"count":2,"href":"https:\/\/euphe.eu\/de\/wp-json\/wp\/v2\/pages\/1120\/revisions"}],"predecessor-version":[{"id":1133,"href":"https:\/\/euphe.eu\/de\/wp-json\/wp\/v2\/pages\/1120\/revisions\/1133"}],"wp:attachment":[{"href":"https:\/\/euphe.eu\/de\/wp-json\/wp\/v2\/media?parent=1120"}],"curies":[{"name":"wp","href":"https:\/\/api.w.org\/{rel}","templated":true}]}}