{"id":1071,"date":"2022-01-09T10:40:43","date_gmt":"2022-01-09T10:40:43","guid":{"rendered":"https:\/\/euphe.eu\/cookies-policy\/"},"modified":"2022-01-17T12:47:19","modified_gmt":"2022-01-17T12:47:19","slug":"politica-de-cookies","status":"publish","type":"page","link":"https:\/\/euphe.eu\/es\/politica-de-cookies\/","title":{"rendered":"Pol\u00edtica de cookies"},"content":{"rendered":"<p>Para poder ofrecerle un servicio m\u00e1s personalizado y receptivo, necesitamos recordar y almacenar informaci\u00f3n sobre c\u00f3mo utiliza este sitio web. Para ello, utilizamos unos peque\u00f1os archivos de texto denominados cookies. Las cookies contienen peque\u00f1as cantidades de informaci\u00f3n y son descargadas en su ordenador o en otro dispositivo por un servidor de este sitio web. Su navegador web env\u00eda estas cookies a este sitio web en cada visita posterior para que pueda reconocerle y recordar cosas como sus preferencias de usuario. Puede encontrar informaci\u00f3n m\u00e1s detallada sobre las cookies y su funcionamiento en <a href=\"http:\/\/www.aboutcookies.org\/\">http:\/\/www.aboutcookies.org\/<\/a>.<\/p>\n<p>Cada vez que usted utiliza este sitio web, se puede recoger informaci\u00f3n mediante el uso de cookies y otras tecnolog\u00edas. Al utilizar este sitio web, usted acepta el uso que hacemos de las cookies tal y como se describe en este Aviso de cookies y tambi\u00e9n el uso de cookies en otros sitios web espec\u00edficos de pa\u00edses, regiones o pr\u00e1cticas que pueda visitar en empleobelux.com, tal y como se describe en los avisos de cookies que los acompa\u00f1an.<\/p>\n<h3>\u00bfQu\u00e9 cookies utilizamos y por qu\u00e9?<\/h3>\n<p>Algunas de las cookies que utilizamos son necesarias para permitirle moverse por el sitio web y utilizar sus funciones, como el acceso a \u00e1reas seguras que pueden contener contenido para usuarios registrados.<\/p>\n<p>Tambi\u00e9n utilizamos cookies funcionales para registrar informaci\u00f3n sobre las elecciones que ha hecho y para permitirnos adaptar el sitio a nuestros usuarios; por ejemplo, para recordar su idioma o regi\u00f3n o que ya ha completado una encuesta. Esta informaci\u00f3n suele ser an\u00f3nima y no se utiliza para ning\u00fan otro fin.<\/p>\n<p>Nosotros o nuestros proveedores de servicios tambi\u00e9n utilizamos servicios anal\u00edticos para ayudarnos a comprender la eficacia de nuestros contenidos, los intereses de nuestros usuarios y para mejorar el funcionamiento de este sitio web. Adem\u00e1s, utilizamos balizas web o p\u00edxeles de seguimiento para contar el n\u00famero de visitantes y cookies de rendimiento para saber cu\u00e1ntos usuarios individuales acceden a este sitio web y con qu\u00e9 frecuencia. Esta informaci\u00f3n se utiliza \u00fanicamente con fines estad\u00edsticos y no es nuestra intenci\u00f3n utilizarla para identificar personalmente a ning\u00fan usuario. Sin embargo, si usted se ha registrado y ha iniciado sesi\u00f3n en este sitio web, podemos combinar esta informaci\u00f3n con la informaci\u00f3n de nuestros servicios de an\u00e1lisis de la web y las cookies para analizar c\u00f3mo utiliza este sitio web con m\u00e1s detalle.<\/p>\n<p>Este sitio web puede, con su permiso, utilizar tambi\u00e9n cookies dirigidas, que son las que se utilizan para ofrecer publicidad o material de marketing relevante para sus intereses. Tambi\u00e9n pueden utilizarse para limitar el n\u00famero de veces que usted ve un anuncio. Recuerdan que usted ha visitado un sitio web y esta informaci\u00f3n puede ser compartida con otras organizaciones, como los anunciantes.<\/p>\n<h3>\u00bfC\u00f3mo controlar las cookies?<\/h3>\n<p>Al utilizar este sitio web, usted acepta que podamos colocar cookies en su ordenador o dispositivo, como se ha explicado anteriormente. Sin embargo, usted puede controlar y gestionar las cookies de varias maneras. Tenga en cuenta que eliminar o bloquear las cookies puede afectar a su experiencia de usuario y es posible que algunas partes de este sitio web dejen de ser totalmente accesibles.<\/p>\n<h3>Controles del navegador<\/h3>\n<p>La mayor\u00eda de los navegadores le permitir\u00e1n ver qu\u00e9 cookies tiene y eliminarlas de forma individual o bloquear las cookies de determinados sitios web o de todos ellos. Tenga en cuenta que cualquier preferencia que haya establecido se perder\u00e1 si elimina todas las cookies, incluyendo su preferencia de exclusi\u00f3n de cookies, ya que esto requiere que se haya establecido una cookie de exclusi\u00f3n. Para m\u00e1s informaci\u00f3n sobre c\u00f3mo modificar la configuraci\u00f3n de su navegador para bloquear o filtrar las cookies, consulte <a href=\"http:\/\/www.aboutcookies.org\/\">http:\/\/www.aboutcookies.org\/<\/a> o <a href=\"http:\/\/www.cookiecentral.com\/faq\/\">http:\/\/www.cookiecentral.com\/faq\/<\/a>.<\/p>\n<h3>Gesti\u00f3n de las cookies de an\u00e1lisis<\/h3>\n<p>Usted puede optar por evitar que su actividad de navegaci\u00f3n an\u00f3nima dentro de los sitios web sea registrada por las cookies de an\u00e1lisis. Utilizamos los siguientes proveedores de servicios y puede obtener m\u00e1s informaci\u00f3n sobre sus pol\u00edticas de privacidad y c\u00f3mo excluirse de sus cookies haciendo clic en los siguientes enlaces:<\/p>\n<ul>\n<li>Adobe: <a href=\"http:\/\/www.adobe.com\/privacy\/opt-out.html\">http:\/\/www.adobe.com\/privacy\/opt-out.html<\/a><\/li>\n<li>Google Analytics: <a href=\"http:\/\/www.google.com\/analytics\/learn\/privacy.html\">http:\/\/www.google.com\/analytics\/learn\/privacy.html<\/a><\/li>\n<li>Marketo: <a href=\"http:\/\/uk.marketo.com\/trust\/legal\/privacy\/\">http:\/\/uk.marketo.com\/trust\/legal\/privacy\/<\/a><\/li>\n<\/ul>\n<h3>Gesti\u00f3n de objetos locales compartidos o flash cookies<\/h3>\n<p>Un objeto local compartido o flash cookie es como la mayor\u00eda de las cookies de los navegadores, excepto que puede almacenar tipos adicionales de informaci\u00f3n. Estas cookies no pueden ser controladas mediante los mecanismos mencionados anteriormente. Algunas partes de este sitio web utilizan este tipo de cookies para almacenar las preferencias del usuario para la funcionalidad del reproductor multimedia y, sin ellas, algunos contenidos de v\u00eddeo podr\u00edan no reproducirse correctamente. Estas cookies pueden controlarse manualmente visitando el sitio web de Adobe.<\/p>\n<p><a href=\"http:\/\/www.macromedia.com\/support\/documentation\/en\/flashplayer\/help\/settings_manager07.html\">http:\/\/www.macromedia.com\/support\/documentation\/en\/flashplayer\/help\/settings_manager07.html<\/a><\/p>\n<h3>Botones sociales<\/h3>\n<p>Utilizamos \u00abbotones sociales\u00bb para que nuestros usuarios puedan compartir o marcar p\u00e1ginas web. Se trata de botones de sitios de medios sociales de terceros y estos sitios pueden registrar informaci\u00f3n sobre sus actividades en Internet, incluido este sitio web. Por favor, revise las respectivas condiciones de uso y pol\u00edticas de privacidad de estos sitios para entender exactamente c\u00f3mo utilizan su informaci\u00f3n y para averiguar c\u00f3mo excluirse o eliminar dicha informaci\u00f3n.<\/p>\n<h3>Servicios web externos<\/h3>\n<p>A veces utilizamos servicios web externos en este sitio web para mostrar contenido en las p\u00e1ginas web de este sitio web, por ejemplo, para mostrar im\u00e1genes, mostrar v\u00eddeos o realizar encuestas. Al igual que con los botones sociales, no podemos evitar que estos sitios, o los dominios externos, recopilen informaci\u00f3n sobre el uso que usted hace de este contenido incrustado.<\/p>\n<h3>Comunicaciones por correo electr\u00f3nico<\/h3>\n<p>Tambi\u00e9n podemos utilizar tecnolog\u00edas de seguimiento para determinar si ha le\u00eddo, hecho clic o reenviado determinadas comunicaciones por correo electr\u00f3nico que le enviamos, de modo que podamos hacer que nuestras comunicaciones sean m\u00e1s \u00fatiles e interesantes. Si no desea que confirmemos si ha abierto, ha hecho clic o ha reenviado nuestras comunicaciones, tendr\u00e1 que darse de baja, ya que no es posible que enviemos estos correos electr\u00f3nicos sin el seguimiento activado. Los suscriptores registrados pueden actualizar sus preferencias de comunicaci\u00f3n en cualquier momento poni\u00e9ndose en contacto con nosotros, o puede darse de baja siguiendo las instrucciones de las comunicaciones individuales por correo electr\u00f3nico que recibe de nosotros.<\/p>\n<p>Podemos modificar o enmendar este Aviso de Cookies de vez en cuando a nuestra discreci\u00f3n. Cuando realicemos cambios en este aviso, modificaremos la fecha de revisi\u00f3n en la parte superior de esta p\u00e1gina, y dicho Aviso de Cookies modificado o enmendado ser\u00e1 efectivo para usted y su informaci\u00f3n a partir de esa fecha de revisi\u00f3n. Le recomendamos que revise peri\u00f3dicamente este Aviso de Cookies para estar informado sobre el uso que hacemos de las mismas.<\/p>\n","protected":false},"excerpt":{"rendered":"<p>Para poder ofrecerle un servicio m\u00e1s personalizado y receptivo, necesitamos recordar y almacenar informaci\u00f3n sobre c\u00f3mo utiliza este sitio web. Para ello, utilizamos unos peque\u00f1os [&hellip;]<\/p>\n","protected":false},"author":1,"featured_media":0,"parent":0,"menu_order":0,"comment_status":"closed","ping_status":"closed","template":"","meta":{"_acf_changed":false,"footnotes":""},"class_list":["post-1071","page","type-page","status-publish","hentry"],"acf":[],"yoast_head":"<!-- This site is optimized with the Yoast SEO plugin v27.2 - https:\/\/yoast.com\/product\/yoast-seo-wordpress\/ -->\n<title>Pol\u00edtica de cookies - EUPHE<\/title>\n<meta name=\"robots\" content=\"index, follow, max-snippet:-1, max-image-preview:large, max-video-preview:-1\" \/>\n<link rel=\"canonical\" href=\"https:\/\/euphe.eu\/cookies-policy\/\" \/>\n<meta property=\"og:locale\" content=\"es_ES\" \/>\n<meta property=\"og:type\" content=\"article\" \/>\n<meta property=\"og:title\" content=\"Pol\u00edtica de cookies - EUPHE\" \/>\n<meta property=\"og:description\" content=\"Para poder ofrecerle un servicio m\u00e1s personalizado y receptivo, necesitamos recordar y almacenar informaci\u00f3n sobre c\u00f3mo utiliza este sitio web. Para ello, utilizamos unos peque\u00f1os [&hellip;]\" \/>\n<meta property=\"og:url\" content=\"https:\/\/euphe.eu\/cookies-policy\/\" \/>\n<meta property=\"og:site_name\" content=\"EUPHE\" \/>\n<meta property=\"article:modified_time\" content=\"2022-01-17T12:47:19+00:00\" \/>\n<meta name=\"twitter:card\" content=\"summary_large_image\" \/>\n<meta name=\"twitter:label1\" content=\"Tiempo de lectura\" \/>\n\t<meta name=\"twitter:data1\" content=\"6 minutos\" \/>\n<script type=\"application\/ld+json\" class=\"yoast-schema-graph\">{\"@context\":\"https:\/\/schema.org\",\"@graph\":[{\"@type\":\"WebPage\",\"@id\":\"https:\/\/euphe.eu\/cookies-policy\/\",\"url\":\"https:\/\/euphe.eu\/cookies-policy\/\",\"name\":\"Pol\u00edtica de cookies - EUPHE\",\"isPartOf\":{\"@id\":\"https:\/\/euphe.eu\/#website\"},\"datePublished\":\"2022-01-09T10:40:43+00:00\",\"dateModified\":\"2022-01-17T12:47:19+00:00\",\"breadcrumb\":{\"@id\":\"https:\/\/euphe.eu\/cookies-policy\/#breadcrumb\"},\"inLanguage\":\"es\",\"potentialAction\":[{\"@type\":\"ReadAction\",\"target\":[\"https:\/\/euphe.eu\/cookies-policy\/\"]}]},{\"@type\":\"BreadcrumbList\",\"@id\":\"https:\/\/euphe.eu\/cookies-policy\/#breadcrumb\",\"itemListElement\":[{\"@type\":\"ListItem\",\"position\":1,\"name\":\"Home\",\"item\":\"https:\/\/euphe.eu\/\"},{\"@type\":\"ListItem\",\"position\":2,\"name\":\"Pol\u00edtica de cookies\"}]},{\"@type\":\"WebSite\",\"@id\":\"https:\/\/euphe.eu\/#website\",\"url\":\"https:\/\/euphe.eu\/\",\"name\":\"EUPHE\",\"description\":\"The Alliance of Non-State Higher Education Institutions\",\"potentialAction\":[{\"@type\":\"SearchAction\",\"target\":{\"@type\":\"EntryPoint\",\"urlTemplate\":\"https:\/\/euphe.eu\/?s={search_term_string}\"},\"query-input\":{\"@type\":\"PropertyValueSpecification\",\"valueRequired\":true,\"valueName\":\"search_term_string\"}}],\"inLanguage\":\"es\"}]}<\/script>\n<!-- \/ Yoast SEO plugin. -->","yoast_head_json":{"title":"Pol\u00edtica de cookies - EUPHE","robots":{"index":"index","follow":"follow","max-snippet":"max-snippet:-1","max-image-preview":"max-image-preview:large","max-video-preview":"max-video-preview:-1"},"canonical":"https:\/\/euphe.eu\/cookies-policy\/","og_locale":"es_ES","og_type":"article","og_title":"Pol\u00edtica de cookies - EUPHE","og_description":"Para poder ofrecerle un servicio m\u00e1s personalizado y receptivo, necesitamos recordar y almacenar informaci\u00f3n sobre c\u00f3mo utiliza este sitio web. Para ello, utilizamos unos peque\u00f1os [&hellip;]","og_url":"https:\/\/euphe.eu\/cookies-policy\/","og_site_name":"EUPHE","article_modified_time":"2022-01-17T12:47:19+00:00","twitter_card":"summary_large_image","twitter_misc":{"Tiempo de lectura":"6 minutos"},"schema":{"@context":"https:\/\/schema.org","@graph":[{"@type":"WebPage","@id":"https:\/\/euphe.eu\/cookies-policy\/","url":"https:\/\/euphe.eu\/cookies-policy\/","name":"Pol\u00edtica de cookies - EUPHE","isPartOf":{"@id":"https:\/\/euphe.eu\/#website"},"datePublished":"2022-01-09T10:40:43+00:00","dateModified":"2022-01-17T12:47:19+00:00","breadcrumb":{"@id":"https:\/\/euphe.eu\/cookies-policy\/#breadcrumb"},"inLanguage":"es","potentialAction":[{"@type":"ReadAction","target":["https:\/\/euphe.eu\/cookies-policy\/"]}]},{"@type":"BreadcrumbList","@id":"https:\/\/euphe.eu\/cookies-policy\/#breadcrumb","itemListElement":[{"@type":"ListItem","position":1,"name":"Home","item":"https:\/\/euphe.eu\/"},{"@type":"ListItem","position":2,"name":"Pol\u00edtica de cookies"}]},{"@type":"WebSite","@id":"https:\/\/euphe.eu\/#website","url":"https:\/\/euphe.eu\/","name":"EUPHE","description":"The Alliance of Non-State Higher Education Institutions","potentialAction":[{"@type":"SearchAction","target":{"@type":"EntryPoint","urlTemplate":"https:\/\/euphe.eu\/?s={search_term_string}"},"query-input":{"@type":"PropertyValueSpecification","valueRequired":true,"valueName":"search_term_string"}}],"inLanguage":"es"}]}},"_links":{"self":[{"href":"https:\/\/euphe.eu\/es\/wp-json\/wp\/v2\/pages\/1071","targetHints":{"allow":["GET"]}}],"collection":[{"href":"https:\/\/euphe.eu\/es\/wp-json\/wp\/v2\/pages"}],"about":[{"href":"https:\/\/euphe.eu\/es\/wp-json\/wp\/v2\/types\/page"}],"author":[{"embeddable":true,"href":"https:\/\/euphe.eu\/es\/wp-json\/wp\/v2\/users\/1"}],"replies":[{"embeddable":true,"href":"https:\/\/euphe.eu\/es\/wp-json\/wp\/v2\/comments?post=1071"}],"version-history":[{"count":2,"href":"https:\/\/euphe.eu\/es\/wp-json\/wp\/v2\/pages\/1071\/revisions"}],"predecessor-version":[{"id":1087,"href":"https:\/\/euphe.eu\/es\/wp-json\/wp\/v2\/pages\/1071\/revisions\/1087"}],"wp:attachment":[{"href":"https:\/\/euphe.eu\/es\/wp-json\/wp\/v2\/media?parent=1071"}],"curies":[{"name":"wp","href":"https:\/\/api.w.org\/{rel}","templated":true}]}}