{"id":1094,"date":"2021-04-27T08:07:26","date_gmt":"2021-04-27T08:07:26","guid":{"rendered":"https:\/\/euphe.eu\/privacy-policy\/"},"modified":"2022-01-17T13:01:15","modified_gmt":"2022-01-17T13:01:15","slug":"politica-de-privacidad","status":"publish","type":"page","link":"https:\/\/euphe.eu\/es\/politica-de-privacidad\/","title":{"rendered":"Pol\u00edtica de privacidad"},"content":{"rendered":"\r\n<p>Al utilizar este sitio, usted acepta el uso de su informaci\u00f3n tal y como se explica en esta Pol\u00edtica Privada.<\/p>\r\n<h3 class=\"wp-block-heading\">Responsabilidad de los datos personales<\/h3>\r\n<ul>\r\n<li><strong>Identidad<\/strong>: Educaci\u00f3n Superior Privada de la Uni\u00f3n Europea, ASBL. (BE 715.444.977)<\/li>\r\n<li><strong>Direcci\u00f3n<\/strong>: Rue Belliard 20, 1 &#8211; 1040 Bruselas (B\u00e9lgica)<\/li>\r\n<li><strong>N\u00famero de tel\u00e9fono<\/strong>: +330 140 650 933<\/li>\r\n<li><strong>Correo electr\u00f3nico<\/strong>: direccion@aeen.org<\/li>\r\n<\/ul>\r\n<h3>Recogida de informaci\u00f3n<\/h3>\r\n<p>La Ense\u00f1anza Superior Privada de la Uni\u00f3n Europea (en adelante \u00abEUPHE\u00bb) no pide informaci\u00f3n personal para visitar el sitio web.<\/p>\r\n<p>La informaci\u00f3n personal que EUPHE recopila de los usuarios se recoge a trav\u00e9s de<\/p>\r\n<ul>\r\n<li>El formulario de solicitud de contacto, que incluye su nombre, correo electr\u00f3nico y direcci\u00f3n<\/li>\r\n<li>El env\u00edo de correos electr\u00f3nicos a las direcciones de correo electr\u00f3nico de EUPHE, incluyendo cualquier informaci\u00f3n que el usuario nos facilite en la comunicaci\u00f3n<\/li>\r\n<li>La suscripci\u00f3n al bolet\u00edn de noticias de EUPHE<\/li>\r\n<li>La informaci\u00f3n sobre las visitas al sitio web, incluyendo, pero sin limitarse a, la direcci\u00f3n IP, el navegador utilizado, la localizaci\u00f3n, el pa\u00eds, las entradas al sitio web y las fuentes a las que se ha accedido.<\/li>\r\n<\/ul>\r\n<p>Tambi\u00e9n podemos conservar y mantener cualquier tipo de contenido suministrado en blogs, foros, wikis y otras aplicaciones y servicios que puedan promocionarse a trav\u00e9s de las redes sociales.<\/p>\r\n<p>EUPHE no solicita informaci\u00f3n sensible de los usuarios, como datos relacionados con la raza o el origen \u00e9tnico, las creencias religiosas, los antecedentes penales, la salud f\u00edsica o mental, o la orientaci\u00f3n sexual.<\/p>\r\n<h3>Uso de la informaci\u00f3n<\/h3>\r\n<p>Podemos utilizar su informaci\u00f3n personal con fines promocionales, o para enviar comunicaciones relacionadas con los servicios prestados por nuestros miembros, y entidades colaboradoras de EUPHE que consideremos que pueden ser de su inter\u00e9s. Tambi\u00e9n podemos ponernos en contacto con usted para recabar su opini\u00f3n sobre los servicios prestados por las entidades de EUPHE con fines de investigaci\u00f3n de mercado o de otro tipo.<br \/>Mediante su suscripci\u00f3n al bolet\u00edn, usted acepta recibir esta publicaci\u00f3n y la informaci\u00f3n derivada de la actividad de EUPHE y de sus miembros y entidades colaboradoras, como la promoci\u00f3n de servicios, invitaciones a eventos, comunicados de actividades, o cualquier otra informaci\u00f3n que consideremos que pueda ser de su inter\u00e9s.<\/p>\r\n<p>Su informaci\u00f3n personal tambi\u00e9n puede ser utilizada para proteger nuestros derechos o bienes y los de nuestros usuarios, y para cumplir con el proceso legal.<\/p>\r\n<p>Adem\u00e1s de ejercer sus derechos de acceso, rectificaci\u00f3n, cancelaci\u00f3n y oposici\u00f3n en cualquier momento, el usuario puede solicitar que dejemos de enviarle correos electr\u00f3nicos u otras comunicaciones que se generen en respuesta a su registro en este sitio web.<\/p>\r\n<h3>Divulgaci\u00f3n de informaci\u00f3n a terceros<\/h3>\r\n<p>En caso de que sea requerido por alguna ley o autoridad o por un tercero que pueda necesitarlo para cumplir con alguna obligaci\u00f3n o solicitud legal, la informaci\u00f3n personal puede ser revelada.<\/p>\r\n<p>Al proporcionar informaci\u00f3n a trav\u00e9s de este sitio web, el visitante acepta las cl\u00e1usulas descritas anteriormente.<\/p>\r\n<h3>Informaci\u00f3n de registro, cookies y balizas web<\/h3>\r\n<p>Este sitio recoge informaci\u00f3n est\u00e1ndar de registro de Internet, incluyendo su direcci\u00f3n IP, tipo de navegador e idioma, tiempos de acceso y direcciones de sitios web de referencia. Esta informaci\u00f3n se transfiere a Google LLC, a trav\u00e9s del acuerdo EU-US Privacy Shield.<\/p>\r\n<p>Para garantizar la buena gesti\u00f3n de este sitio web y facilitar una mejor navegaci\u00f3n, nosotros o nuestros proveedores de servicios tambi\u00e9n podemos utilizar cookies (peque\u00f1os archivos de texto almacenados en el navegador del usuario) o balizas web (im\u00e1genes electr\u00f3nicas que permiten a este sitio web contar los visitantes que han accedido a una p\u00e1gina concreta y acceder a determinadas cookies) para recopilar datos globales. Puede encontrar informaci\u00f3n adicional sobre c\u00f3mo utilizamos las cookies y otras tecnolog\u00edas de seguimiento y c\u00f3mo puede controlarlas en nuestro aviso sobre las cookies.<\/p>\r\n<h3>Blogs, foros, wikis y otros medios sociales<\/h3>\r\n<p>Este sitio web puede albergar varios blogs, foros, wikis y otras aplicaciones o servicios de medios sociales que le permiten compartir contenidos con otros usuarios (colectivamente, \u00abaplicaciones de medios sociales\u00bb). Cualquier informaci\u00f3n personal o de otro tipo que usted aporte a cualquier aplicaci\u00f3n de medios sociales puede ser le\u00edda, recopilada y utilizada por otros usuarios de esa aplicaci\u00f3n de medios sociales sobre los que tenemos poco o ning\u00fan control. Por lo tanto, no somos responsables del uso, el mal uso o la apropiaci\u00f3n indebida de cualquier informaci\u00f3n personal u otra informaci\u00f3n que usted contribuya a cualquier Aplicaci\u00f3n de Medios Sociales por parte de cualquier otro usuario.<\/p>\r\n<h3>Acceso a la informaci\u00f3n<\/h3>\r\n<p>Los visitantes que deseen solicitar el acceso a su informaci\u00f3n, actualizar sus datos o darse de baja de las comunicaciones deben ponerse en contacto con los servicios del webmaster a trav\u00e9s de este correo electr\u00f3nico. En todos los casos, trataremos las solicitudes de acceso a la informaci\u00f3n o de modificaci\u00f3n de la misma de acuerdo con los requisitos legales aplicables.<\/p>\r\n<h3>Seguridad de la informaci\u00f3n<\/h3>\r\n<p>Disponemos de normas comerciales razonables de seguridad tecnol\u00f3gica y operativa para proteger toda la informaci\u00f3n proporcionada por los visitantes a trav\u00e9s de este sitio web contra el acceso, la divulgaci\u00f3n, la alteraci\u00f3n o la destrucci\u00f3n no autorizados.<\/p>\r\n<h3>Cambios en nuestra Declaraci\u00f3n de Privacidad<\/h3>\r\n<p>Podemos modificar o enmendar esta Declaraci\u00f3n de Privacidad de vez en cuando a nuestra discreci\u00f3n. Cuando hagamos cambios en esta Declaraci\u00f3n, modificaremos la fecha de revisi\u00f3n en la parte superior de esta p\u00e1gina, y dicha Declaraci\u00f3n de Privacidad modificada o enmendada ser\u00e1 efectiva para usted y su informaci\u00f3n a partir de esa fecha de revisi\u00f3n. Le recomendamos que revise peri\u00f3dicamente esta Declaraci\u00f3n de Privacidad para estar informado sobre c\u00f3mo protegemos su informaci\u00f3n.<\/p>\r\n<p>Preguntas de los visitantes<\/p>\r\n<p>Si tiene alguna pregunta o duda sobre su privacidad al utilizar este sitio web, dir\u00edjala a los servicios del webmaster por correo electr\u00f3nico.<\/p>\r\n","protected":false},"excerpt":{"rendered":"<p>Al utilizar este sitio, usted acepta el uso de su informaci\u00f3n tal y como se explica en esta Pol\u00edtica Privada. Responsabilidad de los datos personales [&hellip;]<\/p>\n","protected":false},"author":1,"featured_media":0,"parent":0,"menu_order":0,"comment_status":"closed","ping_status":"open","template":"","meta":{"_acf_changed":false,"footnotes":""},"class_list":["post-1094","page","type-page","status-publish","hentry"],"acf":[],"yoast_head":"<!-- This site is optimized with the Yoast SEO plugin v27.2 - https:\/\/yoast.com\/product\/yoast-seo-wordpress\/ -->\n<title>Pol\u00edtica de privacidad - EUPHE<\/title>\n<meta name=\"robots\" content=\"index, follow, max-snippet:-1, max-image-preview:large, max-video-preview:-1\" \/>\n<link rel=\"canonical\" href=\"https:\/\/euphe.eu\/privacy-policy\/\" \/>\n<meta property=\"og:locale\" content=\"es_ES\" \/>\n<meta property=\"og:type\" content=\"article\" \/>\n<meta property=\"og:title\" content=\"Pol\u00edtica de privacidad - EUPHE\" \/>\n<meta property=\"og:description\" content=\"Al utilizar este sitio, usted acepta el uso de su informaci\u00f3n tal y como se explica en esta Pol\u00edtica Privada. Responsabilidad de los datos personales [&hellip;]\" \/>\n<meta property=\"og:url\" content=\"https:\/\/euphe.eu\/privacy-policy\/\" \/>\n<meta property=\"og:site_name\" content=\"EUPHE\" \/>\n<meta property=\"article:modified_time\" content=\"2022-01-17T13:01:15+00:00\" \/>\n<meta name=\"twitter:card\" content=\"summary_large_image\" \/>\n<meta name=\"twitter:label1\" content=\"Tiempo de lectura\" \/>\n\t<meta name=\"twitter:data1\" content=\"5 minutos\" \/>\n<script type=\"application\/ld+json\" class=\"yoast-schema-graph\">{\"@context\":\"https:\/\/schema.org\",\"@graph\":[{\"@type\":\"WebPage\",\"@id\":\"https:\/\/euphe.eu\/privacy-policy\/\",\"url\":\"https:\/\/euphe.eu\/privacy-policy\/\",\"name\":\"Pol\u00edtica de privacidad - EUPHE\",\"isPartOf\":{\"@id\":\"https:\/\/euphe.eu\/#website\"},\"datePublished\":\"2021-04-27T08:07:26+00:00\",\"dateModified\":\"2022-01-17T13:01:15+00:00\",\"breadcrumb\":{\"@id\":\"https:\/\/euphe.eu\/privacy-policy\/#breadcrumb\"},\"inLanguage\":\"es\",\"potentialAction\":[{\"@type\":\"ReadAction\",\"target\":[\"https:\/\/euphe.eu\/privacy-policy\/\"]}]},{\"@type\":\"BreadcrumbList\",\"@id\":\"https:\/\/euphe.eu\/privacy-policy\/#breadcrumb\",\"itemListElement\":[{\"@type\":\"ListItem\",\"position\":1,\"name\":\"Home\",\"item\":\"https:\/\/euphe.eu\/\"},{\"@type\":\"ListItem\",\"position\":2,\"name\":\"Pol\u00edtica de privacidad\"}]},{\"@type\":\"WebSite\",\"@id\":\"https:\/\/euphe.eu\/#website\",\"url\":\"https:\/\/euphe.eu\/\",\"name\":\"EUPHE\",\"description\":\"The Alliance of Non-State Higher Education Institutions\",\"potentialAction\":[{\"@type\":\"SearchAction\",\"target\":{\"@type\":\"EntryPoint\",\"urlTemplate\":\"https:\/\/euphe.eu\/?s={search_term_string}\"},\"query-input\":{\"@type\":\"PropertyValueSpecification\",\"valueRequired\":true,\"valueName\":\"search_term_string\"}}],\"inLanguage\":\"es\"}]}<\/script>\n<!-- \/ Yoast SEO plugin. -->","yoast_head_json":{"title":"Pol\u00edtica de privacidad - EUPHE","robots":{"index":"index","follow":"follow","max-snippet":"max-snippet:-1","max-image-preview":"max-image-preview:large","max-video-preview":"max-video-preview:-1"},"canonical":"https:\/\/euphe.eu\/privacy-policy\/","og_locale":"es_ES","og_type":"article","og_title":"Pol\u00edtica de privacidad - EUPHE","og_description":"Al utilizar este sitio, usted acepta el uso de su informaci\u00f3n tal y como se explica en esta Pol\u00edtica Privada. Responsabilidad de los datos personales [&hellip;]","og_url":"https:\/\/euphe.eu\/privacy-policy\/","og_site_name":"EUPHE","article_modified_time":"2022-01-17T13:01:15+00:00","twitter_card":"summary_large_image","twitter_misc":{"Tiempo de lectura":"5 minutos"},"schema":{"@context":"https:\/\/schema.org","@graph":[{"@type":"WebPage","@id":"https:\/\/euphe.eu\/privacy-policy\/","url":"https:\/\/euphe.eu\/privacy-policy\/","name":"Pol\u00edtica de privacidad - EUPHE","isPartOf":{"@id":"https:\/\/euphe.eu\/#website"},"datePublished":"2021-04-27T08:07:26+00:00","dateModified":"2022-01-17T13:01:15+00:00","breadcrumb":{"@id":"https:\/\/euphe.eu\/privacy-policy\/#breadcrumb"},"inLanguage":"es","potentialAction":[{"@type":"ReadAction","target":["https:\/\/euphe.eu\/privacy-policy\/"]}]},{"@type":"BreadcrumbList","@id":"https:\/\/euphe.eu\/privacy-policy\/#breadcrumb","itemListElement":[{"@type":"ListItem","position":1,"name":"Home","item":"https:\/\/euphe.eu\/"},{"@type":"ListItem","position":2,"name":"Pol\u00edtica de privacidad"}]},{"@type":"WebSite","@id":"https:\/\/euphe.eu\/#website","url":"https:\/\/euphe.eu\/","name":"EUPHE","description":"The Alliance of Non-State Higher Education Institutions","potentialAction":[{"@type":"SearchAction","target":{"@type":"EntryPoint","urlTemplate":"https:\/\/euphe.eu\/?s={search_term_string}"},"query-input":{"@type":"PropertyValueSpecification","valueRequired":true,"valueName":"search_term_string"}}],"inLanguage":"es"}]}},"_links":{"self":[{"href":"https:\/\/euphe.eu\/es\/wp-json\/wp\/v2\/pages\/1094","targetHints":{"allow":["GET"]}}],"collection":[{"href":"https:\/\/euphe.eu\/es\/wp-json\/wp\/v2\/pages"}],"about":[{"href":"https:\/\/euphe.eu\/es\/wp-json\/wp\/v2\/types\/page"}],"author":[{"embeddable":true,"href":"https:\/\/euphe.eu\/es\/wp-json\/wp\/v2\/users\/1"}],"replies":[{"embeddable":true,"href":"https:\/\/euphe.eu\/es\/wp-json\/wp\/v2\/comments?post=1094"}],"version-history":[{"count":4,"href":"https:\/\/euphe.eu\/es\/wp-json\/wp\/v2\/pages\/1094\/revisions"}],"predecessor-version":[{"id":1118,"href":"https:\/\/euphe.eu\/es\/wp-json\/wp\/v2\/pages\/1094\/revisions\/1118"}],"wp:attachment":[{"href":"https:\/\/euphe.eu\/es\/wp-json\/wp\/v2\/media?parent=1094"}],"curies":[{"name":"wp","href":"https:\/\/api.w.org\/{rel}","templated":true}]}}