{"id":1124,"date":"2022-01-09T10:41:47","date_gmt":"2022-01-09T10:41:47","guid":{"rendered":"https:\/\/euphe.eu\/legal-advice\/"},"modified":"2022-01-17T13:09:12","modified_gmt":"2022-01-17T13:09:12","slug":"aviso-legal","status":"publish","type":"page","link":"https:\/\/euphe.eu\/es\/aviso-legal\/","title":{"rendered":"Aviso legal"},"content":{"rendered":"<h3>Uso del contenido; restricciones; declaraci\u00f3n de privacidad<\/h3>\n<p>A menos que se indique lo contrario en el contenido correspondiente, y con la condici\u00f3n de que usted cumpla con todas sus obligaciones en virtud de estas Condiciones de Uso, usted est\u00e1 autorizado a ver, copiar, imprimir y distribuir (pero no modificar) el contenido de este sitio web; siempre que (i) dicho uso sea \u00fanicamente para fines informativos y no comerciales, y (ii) cualquier copia del contenido que usted haga debe incluir el aviso de derechos de autor u otra atribuci\u00f3n asociada con el contenido.<\/p>\n<p>Usted no est\u00e1 autorizado a copiar o utilizar ning\u00fan software, proceso patentado o tecnolog\u00eda incorporada o descrita en este sitio web.<\/p>\n<p>Usted cumplir\u00e1 con todas las leyes aplicables al acceder y utilizar este sitio web.<\/p>\n<p>Usted reconoce que podemos utilizar su informaci\u00f3n y datos personales de acuerdo con nuestra Declaraci\u00f3n de Privacidad y el Aviso de Cookies, que se incorporan aqu\u00ed por esta referencia. Por la presente, usted acepta los t\u00e9rminos de nuestra Declaraci\u00f3n de Privacidad y Aviso de Cookies, incluyendo cualquier obligaci\u00f3n que se le imponga en ellos.<\/p>\n<h3>Derechos de Propiedad Intelectual; Prohibici\u00f3n de uso de nombres o logotipos de la Ense\u00f1anza Superior Privada de la Uni\u00f3n Europea<\/h3>\n<p>A menos que se indique lo contrario, el contenido de este sitio web lo proporcionamos nosotros u otra entidad de la Ense\u00f1anza Superior Privada de la Uni\u00f3n Europea.<\/p>\n<p>Este sitio web y su contenido est\u00e1n protegidos por los derechos de autor, las marcas comerciales y otras leyes de Inglaterra y Gales y\/o de otras jurisdicciones. Nosotros y nuestros licenciantes nos reservamos todos los derechos no concedidos expresamente en estas Condiciones de Uso.<br \/>\n\u00abEl logotipo de \u00abEuropean Union Private Higher Education.\u00bb, y las variantes en el idioma local de las marcas comerciales anteriores, y ciertos nombres de productos que aparecen en este sitio web (colectivamente, el (\u00abEuropean Union Private Higher Education.\u00bb), son marcas comerciales o marcas registradas de entidades de la European Union Private Higher Education. Salvo lo dispuesto expresamente en estas Condiciones de Uso, o lo autorizado expresamente por escrito por el correspondiente propietario de la marca, usted no podr\u00e1 utilizar ninguna de las marcas de European Union Private Higher Education. Ya sea solo o en combinaci\u00f3n con otras palabras o elementos de dise\u00f1o, incluso en cualquier comunicado de prensa, anuncio u otro material o medio de promoci\u00f3n o marketing, ya sea de forma escrita, oral, electr\u00f3nica, visual o de cualquier otra forma.<\/p>\n<p>Las referencias a las marcas comerciales de otras partes en este sitio web son s\u00f3lo para fines de identificaci\u00f3n y no indican que dichas partes hayan aprobado este sitio web o cualquiera de sus contenidos. Estas condiciones de uso no le otorgan ning\u00fan derecho a utilizar las marcas comerciales de otras partes.<\/p>\n<h3>Renuncias y limitaciones de responsabilidad<\/h3>\n<p>Este sitio web (incluyendo, sin limitaci\u00f3n, cualquier contenido u otra parte del mismo) s\u00f3lo contiene informaci\u00f3n general, y no estamos, por medio de este sitio web, prestando asesoramiento o servicios profesionales. Antes de tomar cualquier decisi\u00f3n o emprender cualquier acci\u00f3n que pueda afectar a sus finanzas o a su negocio, debe consultar a un asesor profesional cualificado.<\/p>\n<p>Este sitio web se proporciona tal cual, y no ofrecemos ninguna declaraci\u00f3n o garant\u00eda expresa o impl\u00edcita al respecto. Sin perjuicio de lo anterior, no garantizamos que este sitio web sea seguro, est\u00e9 libre de errores, no contenga virus o c\u00f3digos maliciosos, ni que cumpla ning\u00fan criterio particular de rendimiento o calidad. Renunciamos expresamente a todas las garant\u00edas impl\u00edcitas, incluidas, sin limitaci\u00f3n, las garant\u00edas de comerciabilidad, titularidad, adecuaci\u00f3n a un fin determinado, no infracci\u00f3n, compatibilidad, seguridad y precisi\u00f3n.<\/p>\n<p>El uso que usted haga de este sitio web es bajo su propio riesgo y asume toda la responsabilidad y el riesgo de p\u00e9rdida resultante de su uso, incluyendo, sin limitaci\u00f3n, con respecto a la p\u00e9rdida de servicio o de datos. No seremos responsables de ning\u00fan da\u00f1o directo, indirecto, especial, incidental, consecuente o punitivo, ni de ning\u00fan otro da\u00f1o, ya sea en una acci\u00f3n contractual, estatutaria, extracontractual (incluyendo, sin limitaci\u00f3n, la negligencia) o de otro tipo, relacionada con el uso de este sitio web o que surja de \u00e9l, incluso si sab\u00edamos, o deber\u00edamos haber sabido, de la posibilidad de tales da\u00f1os.<br \/>\nAlgunos enlaces de este sitio web pueden conducir a sitios web, recursos o herramientas mantenidos por terceros sobre los que no tenemos control, incluidos, sin limitaci\u00f3n, los mantenidos por otras entidades de la Ense\u00f1anza Superior Privada de la Uni\u00f3n Europea o por personal individual de dichas entidades. Sin perjuicio de lo anterior, no hacemos ninguna declaraci\u00f3n o garant\u00eda expresa o impl\u00edcita en relaci\u00f3n con dichos sitios web, recursos y herramientas, y los enlaces a cualquiera de estos sitios web, recursos y herramientas no deben interpretarse como una aprobaci\u00f3n de los mismos o de su contenido por nuestra parte.<\/p>\n<p>Las anteriores exenciones y limitaciones de responsabilidad ser\u00e1n aplicables no s\u00f3lo a nosotros, sino tambi\u00e9n a cada una de las dem\u00e1s entidades de la Ense\u00f1anza Superior Privada de la Uni\u00f3n Europea y a nuestro personal y al de ellas.<br \/>\nLas anteriores exenciones y limitaciones de responsabilidad son aplicables en la mayor medida permitida por la ley, ya sea por contrato, estatuto, agravio (incluyendo, sin limitaci\u00f3n, la negligencia), o de otra manera.<\/p>\n<h3>Condiciones adicionales<\/h3>\n<p>Si alguna parte de estas Condiciones de Uso no es v\u00e1lida o no se puede aplicar en alguna jurisdicci\u00f3n, entonces (i) en esa jurisdicci\u00f3n se volver\u00e1 a interpretar con el m\u00e1ximo efecto permitido por la ley para que su intenci\u00f3n sea lo m\u00e1s parecida posible, y el resto de estas Condiciones de Uso seguir\u00e1n siendo plenamente vigentes, y (ii) en cualquier otra jurisdicci\u00f3n, todas estas Condiciones de Uso seguir\u00e1n siendo plenamente vigentes.<\/p>\n<p>Podemos revisar estas Condiciones de Uso en cualquier momento y a nuestra entera discreci\u00f3n, publicando dichas Condiciones de Uso revisadas en el enlace de las Condiciones de Uso (es decir, esta p\u00e1gina web que est\u00e1 viendo actualmente) o en cualquier otro lugar de este sitio web. Dichas revisiones entrar\u00e1n en vigor para usted en el momento de su publicaci\u00f3n, a menos que nosotros lo indiquemos expl\u00edcitamente. Es su responsabilidad estar al tanto de cualquier revisi\u00f3n de las Condiciones de Uso consultando esta p\u00e1gina web. El uso continuado de este sitio web despu\u00e9s de los cambios en estas condiciones de uso constituye su aceptaci\u00f3n de las condiciones de uso revisadas.<\/p>\n","protected":false},"excerpt":{"rendered":"<p>Uso del contenido; restricciones; declaraci\u00f3n de privacidad A menos que se indique lo contrario en el contenido correspondiente, y con la condici\u00f3n de que usted [&hellip;]<\/p>\n","protected":false},"author":1,"featured_media":0,"parent":0,"menu_order":0,"comment_status":"closed","ping_status":"closed","template":"","meta":{"_acf_changed":false,"footnotes":""},"class_list":["post-1124","page","type-page","status-publish","hentry"],"acf":[],"yoast_head":"<!-- This site is optimized with the Yoast SEO plugin v27.2 - https:\/\/yoast.com\/product\/yoast-seo-wordpress\/ -->\n<title>Aviso legal - EUPHE<\/title>\n<meta name=\"robots\" content=\"index, follow, max-snippet:-1, max-image-preview:large, max-video-preview:-1\" \/>\n<link rel=\"canonical\" href=\"https:\/\/euphe.eu\/legal-advice\/\" \/>\n<meta property=\"og:locale\" content=\"es_ES\" \/>\n<meta property=\"og:type\" content=\"article\" \/>\n<meta property=\"og:title\" content=\"Aviso legal - EUPHE\" \/>\n<meta property=\"og:description\" content=\"Uso del contenido; restricciones; declaraci\u00f3n de privacidad A menos que se indique lo contrario en el contenido correspondiente, y con la condici\u00f3n de que usted [&hellip;]\" \/>\n<meta property=\"og:url\" content=\"https:\/\/euphe.eu\/legal-advice\/\" \/>\n<meta property=\"og:site_name\" content=\"EUPHE\" \/>\n<meta property=\"article:modified_time\" content=\"2022-01-17T13:09:12+00:00\" \/>\n<meta name=\"twitter:card\" content=\"summary_large_image\" \/>\n<meta name=\"twitter:label1\" content=\"Tiempo de lectura\" \/>\n\t<meta name=\"twitter:data1\" content=\"6 minutos\" \/>\n<script type=\"application\/ld+json\" class=\"yoast-schema-graph\">{\"@context\":\"https:\/\/schema.org\",\"@graph\":[{\"@type\":\"WebPage\",\"@id\":\"https:\/\/euphe.eu\/legal-advice\/\",\"url\":\"https:\/\/euphe.eu\/legal-advice\/\",\"name\":\"Aviso legal - EUPHE\",\"isPartOf\":{\"@id\":\"https:\/\/euphe.eu\/#website\"},\"datePublished\":\"2022-01-09T10:41:47+00:00\",\"dateModified\":\"2022-01-17T13:09:12+00:00\",\"breadcrumb\":{\"@id\":\"https:\/\/euphe.eu\/legal-advice\/#breadcrumb\"},\"inLanguage\":\"es\",\"potentialAction\":[{\"@type\":\"ReadAction\",\"target\":[\"https:\/\/euphe.eu\/legal-advice\/\"]}]},{\"@type\":\"BreadcrumbList\",\"@id\":\"https:\/\/euphe.eu\/legal-advice\/#breadcrumb\",\"itemListElement\":[{\"@type\":\"ListItem\",\"position\":1,\"name\":\"Home\",\"item\":\"https:\/\/euphe.eu\/\"},{\"@type\":\"ListItem\",\"position\":2,\"name\":\"Aviso legal\"}]},{\"@type\":\"WebSite\",\"@id\":\"https:\/\/euphe.eu\/#website\",\"url\":\"https:\/\/euphe.eu\/\",\"name\":\"EUPHE\",\"description\":\"The Alliance of Non-State Higher Education Institutions\",\"potentialAction\":[{\"@type\":\"SearchAction\",\"target\":{\"@type\":\"EntryPoint\",\"urlTemplate\":\"https:\/\/euphe.eu\/?s={search_term_string}\"},\"query-input\":{\"@type\":\"PropertyValueSpecification\",\"valueRequired\":true,\"valueName\":\"search_term_string\"}}],\"inLanguage\":\"es\"}]}<\/script>\n<!-- \/ Yoast SEO plugin. -->","yoast_head_json":{"title":"Aviso legal - EUPHE","robots":{"index":"index","follow":"follow","max-snippet":"max-snippet:-1","max-image-preview":"max-image-preview:large","max-video-preview":"max-video-preview:-1"},"canonical":"https:\/\/euphe.eu\/legal-advice\/","og_locale":"es_ES","og_type":"article","og_title":"Aviso legal - EUPHE","og_description":"Uso del contenido; restricciones; declaraci\u00f3n de privacidad A menos que se indique lo contrario en el contenido correspondiente, y con la condici\u00f3n de que usted [&hellip;]","og_url":"https:\/\/euphe.eu\/legal-advice\/","og_site_name":"EUPHE","article_modified_time":"2022-01-17T13:09:12+00:00","twitter_card":"summary_large_image","twitter_misc":{"Tiempo de lectura":"6 minutos"},"schema":{"@context":"https:\/\/schema.org","@graph":[{"@type":"WebPage","@id":"https:\/\/euphe.eu\/legal-advice\/","url":"https:\/\/euphe.eu\/legal-advice\/","name":"Aviso legal - EUPHE","isPartOf":{"@id":"https:\/\/euphe.eu\/#website"},"datePublished":"2022-01-09T10:41:47+00:00","dateModified":"2022-01-17T13:09:12+00:00","breadcrumb":{"@id":"https:\/\/euphe.eu\/legal-advice\/#breadcrumb"},"inLanguage":"es","potentialAction":[{"@type":"ReadAction","target":["https:\/\/euphe.eu\/legal-advice\/"]}]},{"@type":"BreadcrumbList","@id":"https:\/\/euphe.eu\/legal-advice\/#breadcrumb","itemListElement":[{"@type":"ListItem","position":1,"name":"Home","item":"https:\/\/euphe.eu\/"},{"@type":"ListItem","position":2,"name":"Aviso legal"}]},{"@type":"WebSite","@id":"https:\/\/euphe.eu\/#website","url":"https:\/\/euphe.eu\/","name":"EUPHE","description":"The Alliance of Non-State Higher Education Institutions","potentialAction":[{"@type":"SearchAction","target":{"@type":"EntryPoint","urlTemplate":"https:\/\/euphe.eu\/?s={search_term_string}"},"query-input":{"@type":"PropertyValueSpecification","valueRequired":true,"valueName":"search_term_string"}}],"inLanguage":"es"}]}},"_links":{"self":[{"href":"https:\/\/euphe.eu\/es\/wp-json\/wp\/v2\/pages\/1124","targetHints":{"allow":["GET"]}}],"collection":[{"href":"https:\/\/euphe.eu\/es\/wp-json\/wp\/v2\/pages"}],"about":[{"href":"https:\/\/euphe.eu\/es\/wp-json\/wp\/v2\/types\/page"}],"author":[{"embeddable":true,"href":"https:\/\/euphe.eu\/es\/wp-json\/wp\/v2\/users\/1"}],"replies":[{"embeddable":true,"href":"https:\/\/euphe.eu\/es\/wp-json\/wp\/v2\/comments?post=1124"}],"version-history":[{"count":2,"href":"https:\/\/euphe.eu\/es\/wp-json\/wp\/v2\/pages\/1124\/revisions"}],"predecessor-version":[{"id":1138,"href":"https:\/\/euphe.eu\/es\/wp-json\/wp\/v2\/pages\/1124\/revisions\/1138"}],"wp:attachment":[{"href":"https:\/\/euphe.eu\/es\/wp-json\/wp\/v2\/media?parent=1124"}],"curies":[{"name":"wp","href":"https:\/\/api.w.org\/{rel}","templated":true}]}}