{"id":1066,"date":"2022-01-09T10:40:43","date_gmt":"2022-01-09T10:40:43","guid":{"rendered":"https:\/\/euphe.eu\/cookies-policy\/"},"modified":"2022-01-17T12:03:18","modified_gmt":"2022-01-17T12:03:18","slug":"politique-en-matiere-de-cookies","status":"publish","type":"page","link":"https:\/\/euphe.eu\/fr\/politique-en-matiere-de-cookies\/","title":{"rendered":"Politique en mati\u00e8re de cookies"},"content":{"rendered":"<p>Afin de vous fournir un service plus personnalis\u00e9 et plus r\u00e9actif, nous devons nous souvenir et stocker des informations sur la fa\u00e7on dont vous utilisez ce site Web. Pour ce faire, nous utilisons de petits fichiers texte appel\u00e9s \u00ab\u00a0cookies\u00a0\u00bb. Les cookies contiennent de petites quantit\u00e9s d&rsquo;informations et sont t\u00e9l\u00e9charg\u00e9s sur votre ordinateur ou un autre appareil par un serveur de ce site web. Votre navigateur Web renvoie ensuite ces cookies \u00e0 ce site Web lors de chaque visite ult\u00e9rieure afin qu&rsquo;il puisse vous reconna\u00eetre et se souvenir d&rsquo;\u00e9l\u00e9ments tels que vos pr\u00e9f\u00e9rences d&rsquo;utilisateur. Vous trouverez des informations plus d\u00e9taill\u00e9es sur les cookies et leur fonctionnement sur le site <a href=\"http:\/\/www.aboutcookies.org\/\">http:\/\/www.aboutcookies.org\/<\/a>.<\/p>\n<p>Chaque fois que vous utilisez ce site Web, des informations peuvent \u00eatre recueillies par le biais de cookies et d&rsquo;autres technologies. En utilisant ce site Web, vous acceptez notre utilisation des cookies telle que d\u00e9crite dans le pr\u00e9sent avis sur les cookies, ainsi que l&rsquo;utilisation de cookies sur les autres sites Web sp\u00e9cifiques \u00e0 un pays, une r\u00e9gion ou une pratique contenus dans empleobelux.com que vous pouvez visiter, comme d\u00e9crit dans les avis sur les cookies qui les accompagnent.<\/p>\n<h3>Quels sont les cookies que nous utilisons et pourquoi ?<\/h3>\n<p>Certains des cookies que nous utilisons sont n\u00e9cessaires pour vous permettre de vous d\u00e9placer sur le site Web et d&rsquo;utiliser ses fonctionnalit\u00e9s, comme l&rsquo;acc\u00e8s \u00e0 des zones s\u00e9curis\u00e9es qui peuvent contenir du contenu r\u00e9serv\u00e9 aux utilisateurs enregistr\u00e9s.<\/p>\n<p>Nous utilisons \u00e9galement des cookies fonctionnels pour enregistrer des informations sur les choix que vous avez faits et pour nous permettre d&rsquo;adapter le site \u00e0 nos utilisateurs ; par exemple, pour nous souvenir de votre langue ou de votre r\u00e9gion ou du fait que vous avez d\u00e9j\u00e0 r\u00e9pondu \u00e0 une enqu\u00eate. Ces informations sont g\u00e9n\u00e9ralement rendues anonymes et ne sont pas utilis\u00e9es \u00e0 d&rsquo;autres fins.<\/p>\n<p>Nous ou nos prestataires de services utilisons \u00e9galement des services d&rsquo;analyse pour nous aider \u00e0 comprendre l&rsquo;efficacit\u00e9 de notre contenu, les int\u00e9r\u00eats de nos utilisateurs et pour am\u00e9liorer le fonctionnement de ce site web. En outre, nous utilisons des balises web ou des pixels de suivi pour compter le nombre de visiteurs et des cookies de performance pour savoir combien d&rsquo;utilisateurs individuels acc\u00e8dent \u00e0 ce site web et \u00e0 quelle fr\u00e9quence. Ces informations sont utilis\u00e9es \u00e0 des fins statistiques uniquement et nous n&rsquo;avons pas l&rsquo;intention de les utiliser pour identifier personnellement un utilisateur. Toutefois, si vous vous \u00eates inscrit et avez ouvert une session sur ce site Web, nous pouvons combiner ces informations avec celles provenant de nos services d&rsquo;analyse Web et de nos cookies pour analyser plus en d\u00e9tail la mani\u00e8re dont vous utilisez ce site Web.<\/p>\n<p>Ce site peut \u00e9galement, avec votre autorisation, utiliser des cookies cibl\u00e9s, qui sont des cookies utilis\u00e9s pour diffuser des publicit\u00e9s ou du mat\u00e9riel de marketing en fonction de vos int\u00e9r\u00eats. Ils peuvent \u00e9galement \u00eatre utilis\u00e9s pour limiter le nombre de fois o\u00f9 vous voyez une publicit\u00e9. Ils se souviennent que vous avez visit\u00e9 un site web et cette information peut \u00eatre partag\u00e9e avec d&rsquo;autres organisations telles que des annonceurs.<\/p>\n<h3>Comment contr\u00f4ler les cookies ?<\/h3>\n<p>En utilisant ce site Web, vous acceptez que nous puissions placer des cookies sur votre ordinateur ou votre appareil, comme expliqu\u00e9 ci-dessus. Toutefois, vous pouvez contr\u00f4ler et g\u00e9rer les cookies de diff\u00e9rentes mani\u00e8res. Veuillez garder \u00e0 l&rsquo;esprit que la suppression ou le blocage des cookies peut avoir un impact sur votre exp\u00e9rience utilisateur et que certaines parties de ce site Web peuvent ne plus \u00eatre enti\u00e8rement accessibles.<\/p>\n<h3>Contr\u00f4les du navigateur<\/h3>\n<p>La plupart des navigateurs vous permettront de voir quels sont les cookies dont vous disposez et de les supprimer individuellement ou de bloquer les cookies de certains ou de tous les sites web. Sachez que toutes les pr\u00e9f\u00e9rences que vous avez d\u00e9finies seront perdues si vous supprimez tous les cookies, y compris votre pr\u00e9f\u00e9rence pour la d\u00e9sactivation des cookies, car celle-ci n\u00e9cessite l&rsquo;installation d&rsquo;un cookie de d\u00e9sactivation. Pour plus d&rsquo;informations sur la mani\u00e8re de modifier les param\u00e8tres de votre navigateur pour bloquer ou filtrer les cookies, voir http:\/\/www.aboutcookies.org\/ ou http:\/\/www.cookiecentral.com\/faq\/.<\/p>\n<h3>Gestion des cookies d&rsquo;analyse<\/h3>\n<p>Vous pouvez refuser que votre activit\u00e9 de navigation anonyme sur les sites web soit enregistr\u00e9e par des cookies analytiques. Nous utilisons les fournisseurs de services suivants et vous pouvez en savoir plus sur leurs politiques de confidentialit\u00e9 et sur la mani\u00e8re de refuser leurs cookies en cliquant sur les liens suivants :<\/p>\n<ul>\n<li>Adobe:\u00a0<a title=\"http:\/\/www.adobe.com\/privacy\/opt-out.html\" href=\"http:\/\/www.adobe.com\/privacy\/opt-out.html\" target=\"_blank\" rel=\"noopener\">http:\/\/www.adobe.com\/privacy\/opt-out.html<\/a><\/li>\n<li>Google Analytics: <a title=\"http:\/\/www.google.com\/analytics\/learn\/privacy.html\" href=\"http:\/\/www.google.com\/analytics\/learn\/privacy.html\" target=\"_blank\" rel=\"noopener\">http:\/\/www.google.com\/analytics\/learn\/privacy.html<\/a><\/li>\n<li>Marketo: <a title=\"http:\/\/uk.marketo.com\/trust\/legal\/privacy\/\" href=\"http:\/\/uk.marketo.com\/trust\/legal\/privacy\/\" target=\"_blank\" rel=\"noopener\">http:\/\/uk.marketo.com\/trust\/legal\/privacy\/<\/a><\/li>\n<\/ul>\n<h3>Gestion des objets locaux partag\u00e9s ou des cookies Flash<\/h3>\n<p>Un objet local partag\u00e9 ou cookie flash est semblable \u00e0 la plupart des autres cookies de navigateur, sauf qu&rsquo;il peut stocker des types d&rsquo;informations suppl\u00e9mentaires. Ces cookies ne peuvent pas \u00eatre contr\u00f4l\u00e9s \u00e0 l&rsquo;aide des m\u00e9canismes \u00e9num\u00e9r\u00e9s ci-dessus. Certaines parties de ce site Web utilisent ces types de cookies pour stocker les pr\u00e9f\u00e9rences de l&rsquo;utilisateur pour la fonctionnalit\u00e9 de lecteur multim\u00e9dia et sans eux, certains contenus vid\u00e9o peuvent ne pas \u00eatre lus correctement. Ces cookies peuvent \u00eatre contr\u00f4l\u00e9s manuellement en visitant le site Web d&rsquo;Adobe.<\/p>\n<p><a title=\"http:\/\/www.macromedia.com\/support\/documentation\/en\/flashplayer\/help\/settings_manager07.html\" href=\"http:\/\/www.macromedia.com\/support\/documentation\/en\/flashplayer\/help\/settings_manager07.html\" target=\"_blank\" rel=\"noopener\">http:\/\/www.macromedia.com\/support\/documentation\/en\/flashplayer\/help\/settings_manager07.html<\/a><\/p>\n<h3>Boutons sociaux<\/h3>\n<p>Nous utilisons des \u00ab\u00a0boutons sociaux\u00a0\u00bb pour permettre \u00e0 nos utilisateurs de partager ou de marquer des pages Web. Ces boutons sont destin\u00e9s \u00e0 des sites de m\u00e9dias sociaux tiers et ces sites peuvent enregistrer des informations sur vos activit\u00e9s sur Internet, y compris sur ce site Web. Veuillez consulter les conditions d&rsquo;utilisation et les politiques de confidentialit\u00e9 respectives de ces sites pour comprendre exactement comment ils utilisent vos informations et pour savoir comment se retirer ou supprimer ces informations.<\/p>\n<h3>Services web externes<\/h3>\n<p>Nous utilisons parfois des services Web externes sur ce site Web pour afficher du contenu dans les pages Web de ce site, par exemple pour afficher des images, des vid\u00e9os ou des sondages. Comme pour les boutons sociaux, nous ne pouvons emp\u00eacher ces sites, ou des domaines externes, de collecter des informations sur votre utilisation de ce contenu int\u00e9gr\u00e9.<\/p>\n<h3>Communications par courriel<\/h3>\n<p>Nous pouvons \u00e9galement utiliser des technologies de suivi pour d\u00e9terminer si vous avez lu, cliqu\u00e9 ou transf\u00e9r\u00e9 certains courriels que nous vous envoyons afin de rendre nos communications plus utiles et int\u00e9ressantes. Si vous ne souhaitez pas que nous confirmions si vous avez ouvert, cliqu\u00e9 ou transf\u00e9r\u00e9 nos communications, vous devrez vous d\u00e9sabonner, car il nous est impossible d&rsquo;envoyer ces courriels sans que le suivi soit activ\u00e9. Les abonn\u00e9s enregistr\u00e9s peuvent mettre \u00e0 jour leurs pr\u00e9f\u00e9rences de communication \u00e0 tout moment en nous contactant, ou vous pouvez vous d\u00e9sabonner en suivant les instructions figurant dans les communications \u00e9lectroniques individuelles que vous recevez de notre part.<\/p>\n<p>Nous pouvons modifier ou amender cet avis sur les cookies de temps \u00e0 autre, \u00e0 notre discr\u00e9tion. Lorsque nous apporterons des modifications \u00e0 cet avis, nous modifierons la date de r\u00e9vision en haut de cette page, et cet avis sur les cookies modifi\u00e9 ou amend\u00e9 sera effectif pour vous et vos informations \u00e0 partir de cette date de r\u00e9vision. Nous vous encourageons \u00e0 consulter r\u00e9guli\u00e8rement cet avis sur les cookies pour \u00eatre inform\u00e9 de la mani\u00e8re dont nous utilisons les cookies.<\/p>\n","protected":false},"excerpt":{"rendered":"<p>Afin de vous fournir un service plus personnalis\u00e9 et plus r\u00e9actif, nous devons nous souvenir et stocker des informations sur la fa\u00e7on dont vous utilisez [&hellip;]<\/p>\n","protected":false},"author":1,"featured_media":0,"parent":0,"menu_order":0,"comment_status":"closed","ping_status":"closed","template":"","meta":{"_acf_changed":false,"footnotes":""},"class_list":["post-1066","page","type-page","status-publish","hentry"],"acf":[],"yoast_head":"<!-- This site is optimized with the Yoast SEO plugin v27.2 - https:\/\/yoast.com\/product\/yoast-seo-wordpress\/ -->\n<title>Politique en mati\u00e8re de cookies - EUPHE<\/title>\n<meta name=\"robots\" content=\"index, follow, max-snippet:-1, max-image-preview:large, max-video-preview:-1\" \/>\n<link rel=\"canonical\" href=\"https:\/\/euphe.eu\/cookies-policy\/\" \/>\n<meta property=\"og:locale\" content=\"fr_FR\" \/>\n<meta property=\"og:type\" content=\"article\" \/>\n<meta property=\"og:title\" content=\"Politique en mati\u00e8re de cookies - EUPHE\" \/>\n<meta property=\"og:description\" content=\"Afin de vous fournir un service plus personnalis\u00e9 et plus r\u00e9actif, nous devons nous souvenir et stocker des informations sur la fa\u00e7on dont vous utilisez [&hellip;]\" \/>\n<meta property=\"og:url\" content=\"https:\/\/euphe.eu\/cookies-policy\/\" \/>\n<meta property=\"og:site_name\" content=\"EUPHE\" \/>\n<meta property=\"article:modified_time\" content=\"2022-01-17T12:03:18+00:00\" \/>\n<meta name=\"twitter:card\" content=\"summary_large_image\" \/>\n<meta name=\"twitter:label1\" content=\"Dur\u00e9e de lecture estim\u00e9e\" \/>\n\t<meta name=\"twitter:data1\" content=\"6 minutes\" \/>\n<script type=\"application\/ld+json\" class=\"yoast-schema-graph\">{\"@context\":\"https:\/\/schema.org\",\"@graph\":[{\"@type\":\"WebPage\",\"@id\":\"https:\/\/euphe.eu\/cookies-policy\/\",\"url\":\"https:\/\/euphe.eu\/cookies-policy\/\",\"name\":\"Politique en mati\u00e8re de cookies - EUPHE\",\"isPartOf\":{\"@id\":\"https:\/\/euphe.eu\/#website\"},\"datePublished\":\"2022-01-09T10:40:43+00:00\",\"dateModified\":\"2022-01-17T12:03:18+00:00\",\"breadcrumb\":{\"@id\":\"https:\/\/euphe.eu\/cookies-policy\/#breadcrumb\"},\"inLanguage\":\"fr-FR\",\"potentialAction\":[{\"@type\":\"ReadAction\",\"target\":[\"https:\/\/euphe.eu\/cookies-policy\/\"]}]},{\"@type\":\"BreadcrumbList\",\"@id\":\"https:\/\/euphe.eu\/cookies-policy\/#breadcrumb\",\"itemListElement\":[{\"@type\":\"ListItem\",\"position\":1,\"name\":\"Home\",\"item\":\"https:\/\/euphe.eu\/\"},{\"@type\":\"ListItem\",\"position\":2,\"name\":\"Politique en mati\u00e8re de cookies\"}]},{\"@type\":\"WebSite\",\"@id\":\"https:\/\/euphe.eu\/#website\",\"url\":\"https:\/\/euphe.eu\/\",\"name\":\"EUPHE\",\"description\":\"The Alliance of Non-State Higher Education Institutions\",\"potentialAction\":[{\"@type\":\"SearchAction\",\"target\":{\"@type\":\"EntryPoint\",\"urlTemplate\":\"https:\/\/euphe.eu\/?s={search_term_string}\"},\"query-input\":{\"@type\":\"PropertyValueSpecification\",\"valueRequired\":true,\"valueName\":\"search_term_string\"}}],\"inLanguage\":\"fr-FR\"}]}<\/script>\n<!-- \/ Yoast SEO plugin. -->","yoast_head_json":{"title":"Politique en mati\u00e8re de cookies - EUPHE","robots":{"index":"index","follow":"follow","max-snippet":"max-snippet:-1","max-image-preview":"max-image-preview:large","max-video-preview":"max-video-preview:-1"},"canonical":"https:\/\/euphe.eu\/cookies-policy\/","og_locale":"fr_FR","og_type":"article","og_title":"Politique en mati\u00e8re de cookies - EUPHE","og_description":"Afin de vous fournir un service plus personnalis\u00e9 et plus r\u00e9actif, nous devons nous souvenir et stocker des informations sur la fa\u00e7on dont vous utilisez [&hellip;]","og_url":"https:\/\/euphe.eu\/cookies-policy\/","og_site_name":"EUPHE","article_modified_time":"2022-01-17T12:03:18+00:00","twitter_card":"summary_large_image","twitter_misc":{"Dur\u00e9e de lecture estim\u00e9e":"6 minutes"},"schema":{"@context":"https:\/\/schema.org","@graph":[{"@type":"WebPage","@id":"https:\/\/euphe.eu\/cookies-policy\/","url":"https:\/\/euphe.eu\/cookies-policy\/","name":"Politique en mati\u00e8re de cookies - EUPHE","isPartOf":{"@id":"https:\/\/euphe.eu\/#website"},"datePublished":"2022-01-09T10:40:43+00:00","dateModified":"2022-01-17T12:03:18+00:00","breadcrumb":{"@id":"https:\/\/euphe.eu\/cookies-policy\/#breadcrumb"},"inLanguage":"fr-FR","potentialAction":[{"@type":"ReadAction","target":["https:\/\/euphe.eu\/cookies-policy\/"]}]},{"@type":"BreadcrumbList","@id":"https:\/\/euphe.eu\/cookies-policy\/#breadcrumb","itemListElement":[{"@type":"ListItem","position":1,"name":"Home","item":"https:\/\/euphe.eu\/"},{"@type":"ListItem","position":2,"name":"Politique en mati\u00e8re de cookies"}]},{"@type":"WebSite","@id":"https:\/\/euphe.eu\/#website","url":"https:\/\/euphe.eu\/","name":"EUPHE","description":"The Alliance of Non-State Higher Education Institutions","potentialAction":[{"@type":"SearchAction","target":{"@type":"EntryPoint","urlTemplate":"https:\/\/euphe.eu\/?s={search_term_string}"},"query-input":{"@type":"PropertyValueSpecification","valueRequired":true,"valueName":"search_term_string"}}],"inLanguage":"fr-FR"}]}},"_links":{"self":[{"href":"https:\/\/euphe.eu\/fr\/wp-json\/wp\/v2\/pages\/1066","targetHints":{"allow":["GET"]}}],"collection":[{"href":"https:\/\/euphe.eu\/fr\/wp-json\/wp\/v2\/pages"}],"about":[{"href":"https:\/\/euphe.eu\/fr\/wp-json\/wp\/v2\/types\/page"}],"author":[{"embeddable":true,"href":"https:\/\/euphe.eu\/fr\/wp-json\/wp\/v2\/users\/1"}],"replies":[{"embeddable":true,"href":"https:\/\/euphe.eu\/fr\/wp-json\/wp\/v2\/comments?post=1066"}],"version-history":[{"count":2,"href":"https:\/\/euphe.eu\/fr\/wp-json\/wp\/v2\/pages\/1066\/revisions"}],"predecessor-version":[{"id":1078,"href":"https:\/\/euphe.eu\/fr\/wp-json\/wp\/v2\/pages\/1066\/revisions\/1078"}],"wp:attachment":[{"href":"https:\/\/euphe.eu\/fr\/wp-json\/wp\/v2\/media?parent=1066"}],"curies":[{"name":"wp","href":"https:\/\/api.w.org\/{rel}","templated":true}]}}