{"id":1089,"date":"2021-04-27T08:07:26","date_gmt":"2021-04-27T08:07:26","guid":{"rendered":"https:\/\/euphe.eu\/privacy-policy\/"},"modified":"2022-01-17T12:53:15","modified_gmt":"2022-01-17T12:53:15","slug":"politique-de-confidentialite","status":"publish","type":"page","link":"https:\/\/euphe.eu\/fr\/politique-de-confidentialite\/","title":{"rendered":"Politique de confidentialit\u00e9"},"content":{"rendered":"\r\n<p>En utilisant ce site, vous acceptez l&rsquo;utilisation de vos informations comme il est expliqu\u00e9 dans cette politique priv\u00e9e.<\/p>\r\n<h3 class=\"wp-block-heading\">Responsabilit\u00e9 des donn\u00e9es personnelles<\/h3>\r\n<ul>\r\n<li><strong>Identit\u00e9<\/strong> : Enseignement sup\u00e9rieur priv\u00e9 de l&rsquo;Union europ\u00e9enne, ASBL. (BE 715.444.977)<\/li>\r\n<li><strong>Adresse<\/strong> : Rue Belliard 20, 1 &#8211; 1040 Bruxelles (Belgique)<\/li>\r\n<li><strong>Num\u00e9ro<\/strong> de t\u00e9l\u00e9phone : +330 140 650 933<\/li>\r\n<li><strong>Courriel<\/strong> : direccion@aeen.org<\/li>\r\n<\/ul>\r\n<h3>Collecte d&rsquo;informations<\/h3>\r\n<p>European Union Private Higher Education (d\u00e9sormais \u00ab\u00a0EUPHE\u00a0\u00bb) ne demande pas d&rsquo;informations personnelles pour visiter le site web.<\/p>\r\n<p>Les informations personnelles recueillies par EUPHE aupr\u00e8s des utilisateurs le sont par le biais de :<\/p>\r\n<ul>\r\n<li>Le formulaire de demande de contact, comprenant votre nom, votre adresse \u00e9lectronique et votre adresse<\/li>\r\n<li>Les courriers \u00e9lectroniques sont envoy\u00e9s aux adresses \u00e9lectroniques d&rsquo;EUPHE, y compris toute information que l&rsquo;utilisateur peut nous donner dans la communication<\/li>\r\n<li>L&rsquo;abonnement \u00e0 la lettre d&rsquo;information de l&rsquo;EUPHE<\/li>\r\n<li>Les informations sur les visites du site web, y compris, mais sans s&rsquo;y limiter, l&rsquo;adresse IP, le navigateur utilis\u00e9, la localisation, le pays, les entr\u00e9es sur le site web et les sources consult\u00e9es.<\/li>\r\n<\/ul>\r\n<p>Nous pouvons \u00e9galement conserver et maintenir tout type de contenu fourni dans les blogs, forums, wikis, et autres applications et services qui peuvent se promouvoir par le biais des m\u00e9dias sociaux.<\/p>\r\n<p>EUPHE ne demande pas d&rsquo;informations sensibles sur les utilisateurs, telles que les donn\u00e9es relatives \u00e0 la race ou \u00e0 l&rsquo;origine ethnique, aux croyances religieuses, au casier judiciaire, \u00e0 la sant\u00e9 physique ou mentale, ou \u00e0 l&rsquo;orientation sexuelle.<\/p>\r\n<h3>Utilisation des informations<\/h3>\r\n<p>Nous pouvons utiliser vos informations personnelles \u00e0 des fins promotionnelles, ou pour envoyer des communications relatives aux services fournis par nos membres et les entit\u00e9s collaboratrices d&rsquo;EUPHE que nous consid\u00e9rons comme susceptibles de vous int\u00e9resser. Nous pouvons \u00e9galement vous contacter pour vous demander votre avis sur les services fournis par les entit\u00e9s d&rsquo;EUPHE \u00e0 des fins d&rsquo;\u00e9tudes de march\u00e9 ou autres.<br \/>En vous abonnant \u00e0 la lettre d&rsquo;information, vous acceptez de recevoir cette publication et les informations d\u00e9riv\u00e9es de l&rsquo;activit\u00e9 d&rsquo;EUPHE et de ses membres et entit\u00e9s collaboratrices, telles que la promotion de services, les invitations \u00e0 des \u00e9v\u00e9nements, les informations sur les activit\u00e9s, ou toute autre information que nous consid\u00e9rons comme pouvant pr\u00e9senter un int\u00e9r\u00eat pour vous.<\/p>\r\n<p>Vos informations personnelles peuvent \u00e9galement \u00eatre utilis\u00e9es pour prot\u00e9ger nos droits ou nos biens et ceux de nos utilisateurs, et pour se conformer \u00e0 la proc\u00e9dure l\u00e9gale.<\/p>\r\n<p>Outre l&rsquo;exercice de vos droits d&rsquo;acc\u00e8s, de rectification, d&rsquo;annulation et d&rsquo;opposition \u00e0 tout moment, l&rsquo;utilisateur peut nous demander de cesser l&rsquo;envoi de courriers \u00e9lectroniques ou d&rsquo;autres communications g\u00e9n\u00e9r\u00e9s en r\u00e9ponse \u00e0 votre enregistrement sur ce site web.<\/p>\r\n<h3>Divulgation d&rsquo;informations \u00e0 des tiers<\/h3>\r\n<p>Les informations personnelles peuvent \u00eatre divulgu\u00e9es si la loi, une autorit\u00e9 ou un tiers en a besoin pour remplir une obligation ou une demande l\u00e9gale.<\/p>\r\n<p>En fournissant des informations par le biais de ce site web, le visiteur accepte les clauses d\u00e9crites ci-dessus.<\/p>\r\n<h3>Informations de journal, cookies et balises web<\/h3>\r\n<p>Ce site recueille des informations de journal Internet standard, notamment votre adresse IP, le type et la langue du navigateur, les temps d&rsquo;acc\u00e8s et les adresses des sites Web de r\u00e9f\u00e9rence. Ces informations sont transmises \u00e0 Google LLC, par le biais de l&rsquo;accord EU-US Privacy Shield.<\/p>\r\n<p>Afin de garantir la bonne gestion de ce site Web et de faciliter une meilleure navigation, nous ou nos prestataires de services pouvons \u00e9galement utiliser des cookies (petits fichiers texte stock\u00e9s dans le navigateur d&rsquo;un utilisateur) ou des balises Web (images \u00e9lectroniques permettant \u00e0 ce site Web de compter les visiteurs qui ont acc\u00e9d\u00e9 \u00e0 une page particuli\u00e8re et d&rsquo;acc\u00e9der \u00e0 certains cookies) pour collecter des donn\u00e9es agr\u00e9g\u00e9es. Vous trouverez des informations suppl\u00e9mentaires sur la mani\u00e8re dont nous utilisons les cookies et autres technologies de suivi et sur la mani\u00e8re dont vous pouvez les contr\u00f4ler dans notre avis sur les cookies.<\/p>\r\n<h3>Blogs, forums, wikis et autres m\u00e9dias sociaux<\/h3>\r\n<p>Ce site Web peut h\u00e9berger divers blogs, forums, wikis et autres applications ou services de m\u00e9dias sociaux qui vous permettent de partager du contenu avec d&rsquo;autres utilisateurs (collectivement \u00ab\u00a0Applications de m\u00e9dias sociaux\u00a0\u00bb). Toute information personnelle ou autre que vous fournissez \u00e0 une Application de m\u00e9dias sociaux peut \u00eatre lue, collect\u00e9e et utilis\u00e9e par d&rsquo;autres utilisateurs de cette Application de m\u00e9dias sociaux sur lesquels nous n&rsquo;avons que peu ou pas de contr\u00f4le. Par cons\u00e9quent, nous ne sommes pas responsables de l&rsquo;utilisation, du mauvais usage ou du d\u00e9tournement par un autre utilisateur de toute information personnelle ou autre que vous fournissez \u00e0 une application de m\u00e9dias sociaux.<\/p>\r\n<h3>Acc\u00e8s aux informations<\/h3>\r\n<p>Les visiteurs qui souhaitent demander l&rsquo;acc\u00e8s \u00e0 leurs informations, mettre \u00e0 jour leurs donn\u00e9es ou se d\u00e9sabonner des communications doivent contacter les services du webmaster par le biais de ce courriel. Dans tous les cas, nous traiterons les demandes d&rsquo;acc\u00e8s aux informations ou de modification des informations conform\u00e9ment aux exigences l\u00e9gales applicables.<\/p>\r\n<h3>S\u00e9curit\u00e9 des informations<\/h3>\r\n<p>Nous avons mis en place des normes commerciales raisonnables en mati\u00e8re de s\u00e9curit\u00e9 technologique et op\u00e9rationnelle afin de prot\u00e9ger toutes les informations fournies par les visiteurs via ce site Web contre tout acc\u00e8s, divulgation, alt\u00e9ration ou destruction non autoris\u00e9s.<\/p>\r\n<h3>Modifications de notre d\u00e9claration de confidentialit\u00e9<\/h3>\r\n<p>Nous pouvons modifier ou amender cette D\u00e9claration de confidentialit\u00e9 de temps \u00e0 autre, \u00e0 notre discr\u00e9tion. Lorsque nous apportons des modifications \u00e0 cette d\u00e9claration, nous modifions la date de r\u00e9vision en haut de cette page, et cette d\u00e9claration de confidentialit\u00e9 modifi\u00e9e ou amend\u00e9e prend effet pour vous et vos informations \u00e0 compter de cette date de r\u00e9vision. Nous vous encourageons \u00e0 consulter p\u00e9riodiquement la pr\u00e9sente D\u00e9claration de confidentialit\u00e9 afin d&rsquo;\u00eatre inform\u00e9 de la mani\u00e8re dont nous prot\u00e9geons vos informations.<\/p>\r\n<p>Questions des visiteurs<\/p>\r\n<p>Si vous avez des questions ou des pr\u00e9occupations concernant votre vie priv\u00e9e lors de l&rsquo;utilisation de ce site Web, veuillez les adresser aux services du webmaster par <a href=\"mailto: info@euphe.eu\">courrier \u00e9lectronique<\/a>.<\/p>\r\n","protected":false},"excerpt":{"rendered":"<p>En utilisant ce site, vous acceptez l&rsquo;utilisation de vos informations comme il est expliqu\u00e9 dans cette politique priv\u00e9e. Responsabilit\u00e9 des donn\u00e9es personnelles Identit\u00e9 : Enseignement [&hellip;]<\/p>\n","protected":false},"author":1,"featured_media":0,"parent":0,"menu_order":0,"comment_status":"closed","ping_status":"open","template":"","meta":{"_acf_changed":false,"footnotes":""},"class_list":["post-1089","page","type-page","status-publish","hentry"],"acf":[],"yoast_head":"<!-- This site is optimized with the Yoast SEO plugin v27.2 - https:\/\/yoast.com\/product\/yoast-seo-wordpress\/ -->\n<title>Politique de confidentialit\u00e9 - EUPHE<\/title>\n<meta name=\"robots\" content=\"index, follow, max-snippet:-1, max-image-preview:large, max-video-preview:-1\" \/>\n<link rel=\"canonical\" href=\"https:\/\/euphe.eu\/privacy-policy\/\" \/>\n<meta property=\"og:locale\" content=\"fr_FR\" \/>\n<meta property=\"og:type\" content=\"article\" \/>\n<meta property=\"og:title\" content=\"Politique de confidentialit\u00e9 - EUPHE\" \/>\n<meta property=\"og:description\" content=\"En utilisant ce site, vous acceptez l&rsquo;utilisation de vos informations comme il est expliqu\u00e9 dans cette politique priv\u00e9e. Responsabilit\u00e9 des donn\u00e9es personnelles Identit\u00e9 : Enseignement [&hellip;]\" \/>\n<meta property=\"og:url\" content=\"https:\/\/euphe.eu\/privacy-policy\/\" \/>\n<meta property=\"og:site_name\" content=\"EUPHE\" \/>\n<meta property=\"article:modified_time\" content=\"2022-01-17T12:53:15+00:00\" \/>\n<meta name=\"twitter:card\" content=\"summary_large_image\" \/>\n<meta name=\"twitter:label1\" content=\"Dur\u00e9e de lecture estim\u00e9e\" \/>\n\t<meta name=\"twitter:data1\" content=\"5 minutes\" \/>\n<script type=\"application\/ld+json\" class=\"yoast-schema-graph\">{\"@context\":\"https:\/\/schema.org\",\"@graph\":[{\"@type\":\"WebPage\",\"@id\":\"https:\/\/euphe.eu\/privacy-policy\/\",\"url\":\"https:\/\/euphe.eu\/privacy-policy\/\",\"name\":\"Politique de confidentialit\u00e9 - EUPHE\",\"isPartOf\":{\"@id\":\"https:\/\/euphe.eu\/#website\"},\"datePublished\":\"2021-04-27T08:07:26+00:00\",\"dateModified\":\"2022-01-17T12:53:15+00:00\",\"breadcrumb\":{\"@id\":\"https:\/\/euphe.eu\/privacy-policy\/#breadcrumb\"},\"inLanguage\":\"fr-FR\",\"potentialAction\":[{\"@type\":\"ReadAction\",\"target\":[\"https:\/\/euphe.eu\/privacy-policy\/\"]}]},{\"@type\":\"BreadcrumbList\",\"@id\":\"https:\/\/euphe.eu\/privacy-policy\/#breadcrumb\",\"itemListElement\":[{\"@type\":\"ListItem\",\"position\":1,\"name\":\"Home\",\"item\":\"https:\/\/euphe.eu\/\"},{\"@type\":\"ListItem\",\"position\":2,\"name\":\"Politique de confidentialit\u00e9\"}]},{\"@type\":\"WebSite\",\"@id\":\"https:\/\/euphe.eu\/#website\",\"url\":\"https:\/\/euphe.eu\/\",\"name\":\"EUPHE\",\"description\":\"The Alliance of Non-State Higher Education Institutions\",\"potentialAction\":[{\"@type\":\"SearchAction\",\"target\":{\"@type\":\"EntryPoint\",\"urlTemplate\":\"https:\/\/euphe.eu\/?s={search_term_string}\"},\"query-input\":{\"@type\":\"PropertyValueSpecification\",\"valueRequired\":true,\"valueName\":\"search_term_string\"}}],\"inLanguage\":\"fr-FR\"}]}<\/script>\n<!-- \/ Yoast SEO plugin. -->","yoast_head_json":{"title":"Politique de confidentialit\u00e9 - EUPHE","robots":{"index":"index","follow":"follow","max-snippet":"max-snippet:-1","max-image-preview":"max-image-preview:large","max-video-preview":"max-video-preview:-1"},"canonical":"https:\/\/euphe.eu\/privacy-policy\/","og_locale":"fr_FR","og_type":"article","og_title":"Politique de confidentialit\u00e9 - EUPHE","og_description":"En utilisant ce site, vous acceptez l&rsquo;utilisation de vos informations comme il est expliqu\u00e9 dans cette politique priv\u00e9e. Responsabilit\u00e9 des donn\u00e9es personnelles Identit\u00e9 : Enseignement [&hellip;]","og_url":"https:\/\/euphe.eu\/privacy-policy\/","og_site_name":"EUPHE","article_modified_time":"2022-01-17T12:53:15+00:00","twitter_card":"summary_large_image","twitter_misc":{"Dur\u00e9e de lecture estim\u00e9e":"5 minutes"},"schema":{"@context":"https:\/\/schema.org","@graph":[{"@type":"WebPage","@id":"https:\/\/euphe.eu\/privacy-policy\/","url":"https:\/\/euphe.eu\/privacy-policy\/","name":"Politique de confidentialit\u00e9 - EUPHE","isPartOf":{"@id":"https:\/\/euphe.eu\/#website"},"datePublished":"2021-04-27T08:07:26+00:00","dateModified":"2022-01-17T12:53:15+00:00","breadcrumb":{"@id":"https:\/\/euphe.eu\/privacy-policy\/#breadcrumb"},"inLanguage":"fr-FR","potentialAction":[{"@type":"ReadAction","target":["https:\/\/euphe.eu\/privacy-policy\/"]}]},{"@type":"BreadcrumbList","@id":"https:\/\/euphe.eu\/privacy-policy\/#breadcrumb","itemListElement":[{"@type":"ListItem","position":1,"name":"Home","item":"https:\/\/euphe.eu\/"},{"@type":"ListItem","position":2,"name":"Politique de confidentialit\u00e9"}]},{"@type":"WebSite","@id":"https:\/\/euphe.eu\/#website","url":"https:\/\/euphe.eu\/","name":"EUPHE","description":"The Alliance of Non-State Higher Education Institutions","potentialAction":[{"@type":"SearchAction","target":{"@type":"EntryPoint","urlTemplate":"https:\/\/euphe.eu\/?s={search_term_string}"},"query-input":{"@type":"PropertyValueSpecification","valueRequired":true,"valueName":"search_term_string"}}],"inLanguage":"fr-FR"}]}},"_links":{"self":[{"href":"https:\/\/euphe.eu\/fr\/wp-json\/wp\/v2\/pages\/1089","targetHints":{"allow":["GET"]}}],"collection":[{"href":"https:\/\/euphe.eu\/fr\/wp-json\/wp\/v2\/pages"}],"about":[{"href":"https:\/\/euphe.eu\/fr\/wp-json\/wp\/v2\/types\/page"}],"author":[{"embeddable":true,"href":"https:\/\/euphe.eu\/fr\/wp-json\/wp\/v2\/users\/1"}],"replies":[{"embeddable":true,"href":"https:\/\/euphe.eu\/fr\/wp-json\/wp\/v2\/comments?post=1089"}],"version-history":[{"count":4,"href":"https:\/\/euphe.eu\/fr\/wp-json\/wp\/v2\/pages\/1089\/revisions"}],"predecessor-version":[{"id":1111,"href":"https:\/\/euphe.eu\/fr\/wp-json\/wp\/v2\/pages\/1089\/revisions\/1111"}],"wp:attachment":[{"href":"https:\/\/euphe.eu\/fr\/wp-json\/wp\/v2\/media?parent=1089"}],"curies":[{"name":"wp","href":"https:\/\/api.w.org\/{rel}","templated":true}]}}