{"id":1119,"date":"2022-01-09T10:41:47","date_gmt":"2022-01-09T10:41:47","guid":{"rendered":"https:\/\/euphe.eu\/legal-advice\/"},"modified":"2022-01-17T13:03:23","modified_gmt":"2022-01-17T13:03:23","slug":"conseils-juridiques","status":"publish","type":"page","link":"https:\/\/euphe.eu\/fr\/conseils-juridiques\/","title":{"rendered":"Conseils juridiques"},"content":{"rendered":"<h3>Utilisation du contenu ; restrictions ; d\u00e9claration de confidentialit\u00e9<\/h3>\n<p>Sauf indication contraire dans le contenu concern\u00e9, et \u00e0 condition que vous respectiez toutes les obligations qui vous incombent en vertu des pr\u00e9sentes conditions d&rsquo;utilisation, vous \u00eates autoris\u00e9 \u00e0 visualiser, copier, imprimer et distribuer (mais pas \u00e0 modifier) le contenu de ce site Web, \u00e0 condition que (i) cette utilisation soit r\u00e9serv\u00e9e \u00e0 des fins informatives et non commerciales et que (ii) toute copie du contenu que vous effectuez comporte l&rsquo;avis de droit d&rsquo;auteur ou toute autre attribution associ\u00e9e au contenu.<\/p>\n<p>Vous n&rsquo;\u00eates pas autoris\u00e9 \u00e0 copier ou \u00e0 utiliser les logiciels, les processus exclusifs ou les technologies incorpor\u00e9s ou d\u00e9crits sur ce site Web.<\/p>\n<p>Vous vous conformerez \u00e0 toutes les lois applicables en acc\u00e9dant \u00e0 ce site Web et en l&rsquo;utilisant.<\/p>\n<p>Vous reconnaissez que nous pouvons utiliser vos informations et donn\u00e9es personnelles conform\u00e9ment \u00e0 notre d\u00e9claration de confidentialit\u00e9 et \u00e0 notre avis sur les cookies, qui sont int\u00e9gr\u00e9s aux pr\u00e9sentes par cette r\u00e9f\u00e9rence. Vous acceptez par la pr\u00e9sente les termes de notre D\u00e9claration de confidentialit\u00e9 et de notre Avis sur les cookies, y compris toutes les obligations qui vous sont impos\u00e9es dans ces documents.<\/p>\n<h3>Droits de propri\u00e9t\u00e9 intellectuelle ; interdiction d&rsquo;utiliser les noms ou les logos de l&rsquo;enseignement sup\u00e9rieur priv\u00e9 de l&rsquo;Union europ\u00e9enne<\/h3>\n<p>Sauf indication contraire, le contenu de ce site Web est fourni par nous ou par une autre entit\u00e9 de l&rsquo;enseignement sup\u00e9rieur priv\u00e9 de l&rsquo;Union europ\u00e9enne.<\/p>\n<p>Le pr\u00e9sent site Web et son contenu sont prot\u00e9g\u00e9s par les droits d&rsquo;auteur, les marques commerciales et autres lois d&rsquo;Angleterre et du Pays de Galles et\/ou d&rsquo;autres juridictions. Nous et nos conc\u00e9dants de licence nous r\u00e9servons tous les droits non express\u00e9ment accord\u00e9s dans les pr\u00e9sentes conditions d&rsquo;utilisation.<br \/>\n\u00ab\u00a0Le logo \u00ab\u00a0European Union Private Higher Education.\u00a0\u00bb et les variantes dans les langues locales des marques susmentionn\u00e9es, ainsi que certains noms de produits qui apparaissent sur ce site Web (collectivement, les \u00ab\u00a0European Union Private Higher Education.\u00a0\u00bb), sont des marques commerciales ou des marques d\u00e9pos\u00e9es d&rsquo;entit\u00e9s au sein de l&rsquo;European Union Private Higher Education. Sauf disposition expresse des pr\u00e9sentes Conditions d&rsquo;utilisation ou autorisation \u00e9crite expresse du propri\u00e9taire de la marque concern\u00e9e, vous ne devez pas utiliser les marques European Union Private Higher Education. que ce soit seule ou en combinaison avec d&rsquo;autres mots ou \u00e9l\u00e9ments de conception, y compris dans tout communiqu\u00e9 de presse, publicit\u00e9 ou autre mat\u00e9riel ou m\u00e9dia promotionnel ou marketing, que ce soit sous forme \u00e9crite, orale, \u00e9lectronique, visuelle ou autre.<\/p>\n<p>Les r\u00e9f\u00e9rences aux marques d\u00e9pos\u00e9es d&rsquo;autres parties sur ce site Web sont uniquement destin\u00e9es \u00e0 l&rsquo;identification et n&rsquo;indiquent pas que ces parties ont approuv\u00e9 ce site Web ou son contenu. Les pr\u00e9sentes conditions d&rsquo;utilisation ne vous accordent aucun droit d&rsquo;utiliser les marques de commerce d&rsquo;autres parties.<\/p>\n<h3>Clauses de non-responsabilit\u00e9 et limitations de responsabilit\u00e9<\/h3>\n<p>Ce site web (y compris, sans s&rsquo;y limiter, tout contenu ou autre partie de celui-ci) contient uniquement des informations g\u00e9n\u00e9rales, et nous ne fournissons pas, par le biais de ce site web, de conseils ou de services professionnels. Avant de prendre toute d\u00e9cision ou mesure susceptible d&rsquo;affecter vos finances ou vos affaires, vous devez consulter un conseiller professionnel qualifi\u00e9.<\/p>\n<p>Ce site Web est fourni tel quel, et nous ne faisons aucune d\u00e9claration ou garantie expresse ou implicite \u00e0 son sujet. Sans limiter ce qui pr\u00e9c\u00e8de, nous ne garantissons pas que ce site Web sera s\u00e9curis\u00e9, exempt d&rsquo;erreurs, de virus ou de codes malveillants, ou qu&rsquo;il r\u00e9pondra \u00e0 des crit\u00e8res particuliers de performance ou de qualit\u00e9. Nous d\u00e9clinons express\u00e9ment toute garantie implicite, y compris, sans s&rsquo;y limiter, les garanties de qualit\u00e9 marchande, de titre, d&rsquo;ad\u00e9quation \u00e0 un usage particulier, de non-violation, de compatibilit\u00e9, de s\u00e9curit\u00e9 et d&rsquo;exactitude.<\/p>\n<p>Vous utilisez ce site Web \u00e0 vos propres risques et vous assumez l&rsquo;enti\u00e8re responsabilit\u00e9 et le risque de perte r\u00e9sultant de votre utilisation, y compris, sans s&rsquo;y limiter, en ce qui concerne la perte de service ou de donn\u00e9es. Nous ne serons pas responsables des dommages directs, indirects, sp\u00e9ciaux, accessoires, cons\u00e9cutifs ou punitifs ou de tout autre dommage quel qu&rsquo;il soit, que ce soit dans le cadre d&rsquo;une action contractuelle, statutaire, d\u00e9lictuelle (y compris, mais sans s&rsquo;y limiter, la n\u00e9gligence) ou autre, en rapport avec ou d\u00e9coulant de l&rsquo;utilisation de ce site Web, m\u00eame si nous connaissions ou aurions d\u00fb conna\u00eetre la possibilit\u00e9 de tels dommages.<br \/>\nCertains liens sur ce site web peuvent mener \u00e0 des sites web, des ressources ou des outils g\u00e9r\u00e9s par des tiers sur lesquels nous n&rsquo;avons aucun contr\u00f4le, y compris, sans s&rsquo;y limiter, ceux g\u00e9r\u00e9s par d&rsquo;autres entit\u00e9s de l&rsquo;enseignement sup\u00e9rieur priv\u00e9 de l&rsquo;Union europ\u00e9enne ou par le personnel individuel de ces entit\u00e9s. Sans limiter ce qui pr\u00e9c\u00e8de, nous ne faisons aucune d\u00e9claration ou garantie, expresse ou implicite, concernant ces sites Web, ressources et outils, et les liens vers ces sites Web, ressources et outils ne doivent pas \u00eatre interpr\u00e9t\u00e9s comme une approbation de notre part de ces sites ou de leur contenu.<\/p>\n<p>Les clauses de non-responsabilit\u00e9 et les limitations de responsabilit\u00e9 susmentionn\u00e9es s&rsquo;appliquent non seulement \u00e0 nous, mais \u00e9galement \u00e0 chaque autre entit\u00e9 de l&rsquo;enseignement sup\u00e9rieur priv\u00e9 de l&rsquo;Union europ\u00e9enne, ainsi qu&rsquo;\u00e0 notre personnel et au leur.<br \/>\nLes clauses de non-responsabilit\u00e9 et les limitations de responsabilit\u00e9 susmentionn\u00e9es s&rsquo;appliquent dans toute la mesure permise par la loi, qu&rsquo;il s&rsquo;agisse d&rsquo;un contrat, d&rsquo;un statut, d&rsquo;un d\u00e9lit (y compris, sans limitation, la n\u00e9gligence) ou autre.<\/p>\n<h3>Conditions suppl\u00e9mentaires<\/h3>\n<p>Si une partie des pr\u00e9sentes Conditions d&rsquo;utilisation est invalide ou inapplicable dans une juridiction quelconque, alors (i) dans cette juridiction, elle sera r\u00e9interpr\u00e9t\u00e9e dans toute la mesure permise par la loi afin de concr\u00e9tiser son intention le plus fid\u00e8lement possible, et le reste des pr\u00e9sentes Conditions d&rsquo;utilisation restera en vigueur et en vigueur, et (ii) dans toute autre juridiction, l&rsquo;ensemble des pr\u00e9sentes Conditions d&rsquo;utilisation restera en vigueur et en vigueur.<\/p>\n<p>Nous pouvons r\u00e9viser les pr\u00e9sentes conditions d&rsquo;utilisation \u00e0 tout moment, \u00e0 notre seule discr\u00e9tion, en publiant les conditions d&rsquo;utilisation r\u00e9vis\u00e9es sur le lien des conditions d&rsquo;utilisation (c&rsquo;est-\u00e0-dire la page Web que vous consultez actuellement) ou ailleurs sur ce site Web. Ces r\u00e9visions prendront effet \u00e0 votre \u00e9gard d\u00e8s leur publication, sauf indication contraire de notre part. Il est de votre responsabilit\u00e9 de prendre connaissance de toute r\u00e9vision des conditions d&rsquo;utilisation en consultant cette page Web. Si vous continuez \u00e0 utiliser ce site Web apr\u00e8s la modification de ces conditions d&rsquo;utilisation, vous acceptez les conditions d&rsquo;utilisation r\u00e9vis\u00e9es.<\/p>\n","protected":false},"excerpt":{"rendered":"<p>Utilisation du contenu ; restrictions ; d\u00e9claration de confidentialit\u00e9 Sauf indication contraire dans le contenu concern\u00e9, et \u00e0 condition que vous respectiez toutes les obligations [&hellip;]<\/p>\n","protected":false},"author":1,"featured_media":0,"parent":0,"menu_order":0,"comment_status":"closed","ping_status":"closed","template":"","meta":{"_acf_changed":false,"footnotes":""},"class_list":["post-1119","page","type-page","status-publish","hentry"],"acf":[],"yoast_head":"<!-- This site is optimized with the Yoast SEO plugin v27.2 - https:\/\/yoast.com\/product\/yoast-seo-wordpress\/ -->\n<title>Conseils juridiques - EUPHE<\/title>\n<meta name=\"robots\" content=\"index, follow, max-snippet:-1, max-image-preview:large, max-video-preview:-1\" \/>\n<link rel=\"canonical\" href=\"https:\/\/euphe.eu\/legal-advice\/\" \/>\n<meta property=\"og:locale\" content=\"fr_FR\" \/>\n<meta property=\"og:type\" content=\"article\" \/>\n<meta property=\"og:title\" content=\"Conseils juridiques - EUPHE\" \/>\n<meta property=\"og:description\" content=\"Utilisation du contenu ; restrictions ; d\u00e9claration de confidentialit\u00e9 Sauf indication contraire dans le contenu concern\u00e9, et \u00e0 condition que vous respectiez toutes les obligations [&hellip;]\" \/>\n<meta property=\"og:url\" content=\"https:\/\/euphe.eu\/legal-advice\/\" \/>\n<meta property=\"og:site_name\" content=\"EUPHE\" \/>\n<meta property=\"article:modified_time\" content=\"2022-01-17T13:03:23+00:00\" \/>\n<meta name=\"twitter:card\" content=\"summary_large_image\" \/>\n<meta name=\"twitter:label1\" content=\"Dur\u00e9e de lecture estim\u00e9e\" \/>\n\t<meta name=\"twitter:data1\" content=\"6 minutes\" \/>\n<script type=\"application\/ld+json\" class=\"yoast-schema-graph\">{\"@context\":\"https:\/\/schema.org\",\"@graph\":[{\"@type\":\"WebPage\",\"@id\":\"https:\/\/euphe.eu\/legal-advice\/\",\"url\":\"https:\/\/euphe.eu\/legal-advice\/\",\"name\":\"Conseils juridiques - EUPHE\",\"isPartOf\":{\"@id\":\"https:\/\/euphe.eu\/#website\"},\"datePublished\":\"2022-01-09T10:41:47+00:00\",\"dateModified\":\"2022-01-17T13:03:23+00:00\",\"breadcrumb\":{\"@id\":\"https:\/\/euphe.eu\/legal-advice\/#breadcrumb\"},\"inLanguage\":\"fr-FR\",\"potentialAction\":[{\"@type\":\"ReadAction\",\"target\":[\"https:\/\/euphe.eu\/legal-advice\/\"]}]},{\"@type\":\"BreadcrumbList\",\"@id\":\"https:\/\/euphe.eu\/legal-advice\/#breadcrumb\",\"itemListElement\":[{\"@type\":\"ListItem\",\"position\":1,\"name\":\"Home\",\"item\":\"https:\/\/euphe.eu\/\"},{\"@type\":\"ListItem\",\"position\":2,\"name\":\"Conseils juridiques\"}]},{\"@type\":\"WebSite\",\"@id\":\"https:\/\/euphe.eu\/#website\",\"url\":\"https:\/\/euphe.eu\/\",\"name\":\"EUPHE\",\"description\":\"The Alliance of Non-State Higher Education Institutions\",\"potentialAction\":[{\"@type\":\"SearchAction\",\"target\":{\"@type\":\"EntryPoint\",\"urlTemplate\":\"https:\/\/euphe.eu\/?s={search_term_string}\"},\"query-input\":{\"@type\":\"PropertyValueSpecification\",\"valueRequired\":true,\"valueName\":\"search_term_string\"}}],\"inLanguage\":\"fr-FR\"}]}<\/script>\n<!-- \/ Yoast SEO plugin. -->","yoast_head_json":{"title":"Conseils juridiques - EUPHE","robots":{"index":"index","follow":"follow","max-snippet":"max-snippet:-1","max-image-preview":"max-image-preview:large","max-video-preview":"max-video-preview:-1"},"canonical":"https:\/\/euphe.eu\/legal-advice\/","og_locale":"fr_FR","og_type":"article","og_title":"Conseils juridiques - EUPHE","og_description":"Utilisation du contenu ; restrictions ; d\u00e9claration de confidentialit\u00e9 Sauf indication contraire dans le contenu concern\u00e9, et \u00e0 condition que vous respectiez toutes les obligations [&hellip;]","og_url":"https:\/\/euphe.eu\/legal-advice\/","og_site_name":"EUPHE","article_modified_time":"2022-01-17T13:03:23+00:00","twitter_card":"summary_large_image","twitter_misc":{"Dur\u00e9e de lecture estim\u00e9e":"6 minutes"},"schema":{"@context":"https:\/\/schema.org","@graph":[{"@type":"WebPage","@id":"https:\/\/euphe.eu\/legal-advice\/","url":"https:\/\/euphe.eu\/legal-advice\/","name":"Conseils juridiques - EUPHE","isPartOf":{"@id":"https:\/\/euphe.eu\/#website"},"datePublished":"2022-01-09T10:41:47+00:00","dateModified":"2022-01-17T13:03:23+00:00","breadcrumb":{"@id":"https:\/\/euphe.eu\/legal-advice\/#breadcrumb"},"inLanguage":"fr-FR","potentialAction":[{"@type":"ReadAction","target":["https:\/\/euphe.eu\/legal-advice\/"]}]},{"@type":"BreadcrumbList","@id":"https:\/\/euphe.eu\/legal-advice\/#breadcrumb","itemListElement":[{"@type":"ListItem","position":1,"name":"Home","item":"https:\/\/euphe.eu\/"},{"@type":"ListItem","position":2,"name":"Conseils juridiques"}]},{"@type":"WebSite","@id":"https:\/\/euphe.eu\/#website","url":"https:\/\/euphe.eu\/","name":"EUPHE","description":"The Alliance of Non-State Higher Education Institutions","potentialAction":[{"@type":"SearchAction","target":{"@type":"EntryPoint","urlTemplate":"https:\/\/euphe.eu\/?s={search_term_string}"},"query-input":{"@type":"PropertyValueSpecification","valueRequired":true,"valueName":"search_term_string"}}],"inLanguage":"fr-FR"}]}},"_links":{"self":[{"href":"https:\/\/euphe.eu\/fr\/wp-json\/wp\/v2\/pages\/1119","targetHints":{"allow":["GET"]}}],"collection":[{"href":"https:\/\/euphe.eu\/fr\/wp-json\/wp\/v2\/pages"}],"about":[{"href":"https:\/\/euphe.eu\/fr\/wp-json\/wp\/v2\/types\/page"}],"author":[{"embeddable":true,"href":"https:\/\/euphe.eu\/fr\/wp-json\/wp\/v2\/users\/1"}],"replies":[{"embeddable":true,"href":"https:\/\/euphe.eu\/fr\/wp-json\/wp\/v2\/comments?post=1119"}],"version-history":[{"count":3,"href":"https:\/\/euphe.eu\/fr\/wp-json\/wp\/v2\/pages\/1119\/revisions"}],"predecessor-version":[{"id":1132,"href":"https:\/\/euphe.eu\/fr\/wp-json\/wp\/v2\/pages\/1119\/revisions\/1132"}],"wp:attachment":[{"href":"https:\/\/euphe.eu\/fr\/wp-json\/wp\/v2\/media?parent=1119"}],"curies":[{"name":"wp","href":"https:\/\/api.w.org\/{rel}","templated":true}]}}