{"id":1069,"date":"2022-01-09T10:40:43","date_gmt":"2022-01-09T10:40:43","guid":{"rendered":"https:\/\/euphe.eu\/cookies-policy\/"},"modified":"2022-01-17T12:40:58","modified_gmt":"2022-01-17T12:40:58","slug":"politica-de-cookies","status":"publish","type":"page","link":"https:\/\/euphe.eu\/pt-pt\/politica-de-cookies\/","title":{"rendered":"Pol\u00edtica de Cookies"},"content":{"rendered":"<p>A fim de lhe fornecer um servi\u00e7o mais personalizado e mais reactivo, precisamos de recordar e armazenar informa\u00e7\u00f5es sobre a forma como utiliza este Website. Isto \u00e9 feito utilizando pequenos ficheiros de texto chamados cookies. Os cookies cont\u00eam pequenas quantidades de informa\u00e7\u00e3o e s\u00e3o descarregados para o seu computador ou outro dispositivo por um servidor para este Website. O seu navegador web envia ent\u00e3o estes cookies de volta a este Website em cada visita subsequente, para que possa reconhec\u00ea-lo e lembrar-se de coisas como as suas prefer\u00eancias de utilizador. Pode encontrar informa\u00e7\u00f5es mais detalhadas sobre os cookies e como funcionam em <a href=\"http:\/\/www.aboutcookies.org\/\">http:\/\/www.aboutcookies.org\/<\/a>.<\/p>\n<p>Sempre que utilizar este Website, poder\u00e3o ser recolhidas informa\u00e7\u00f5es atrav\u00e9s da utiliza\u00e7\u00e3o de cookies e outras tecnologias. Ao utilizar este Website, o utilizador concorda com a nossa utiliza\u00e7\u00e3o de cookies, conforme descrito neste Aviso de Cookies e tamb\u00e9m com a utiliza\u00e7\u00e3o de cookies no outro pa\u00eds, regi\u00e3o ou sites espec\u00edficos de pr\u00e1tica contidos em empleobelux.com que possa visitar, conforme descrito nos avisos de cookies que os acompanham.<\/p>\n<h3>Que cookies utilizamos e porqu\u00ea?<\/h3>\n<p>Alguns dos cookies que utilizamos s\u00e3o necess\u00e1rios para lhe permitir deslocar-se pelo Website e utilizar as suas caracter\u00edsticas, tais como aceder a \u00e1reas seguras que podem conter conte\u00fado para utilizadores registados.<\/p>\n<p>Tamb\u00e9m utilizamos cookies funcionais para registar informa\u00e7\u00f5es sobre as escolhas que fez e para nos permitir adaptar o s\u00edtio aos nossos utilizadores; por exemplo, para recordar a sua l\u00edngua ou regi\u00e3o ou que j\u00e1 completou um inqu\u00e9rito. Estas informa\u00e7\u00f5es s\u00e3o geralmente an\u00f3nimas e n\u00e3o s\u00e3o utilizadas para qualquer outro fim.<\/p>\n<p>N\u00f3s ou os nossos prestadores de servi\u00e7os tamb\u00e9m usamos servi\u00e7os anal\u00edticos para nos ajudar a compreender a efic\u00e1cia do nosso conte\u00fado, o que interessa aos nossos utilizadores, e para melhorar o funcionamento deste s\u00edtio Web. Al\u00e9m disso, utilizamos web beacons ou tracking pixels para contar o n\u00famero de visitantes e cookies de desempenho para rastrear quantos utilizadores individuais acedem a este Website e com que frequ\u00eancia. Esta informa\u00e7\u00e3o \u00e9 utilizada apenas para fins estat\u00edsticos e n\u00e3o \u00e9 nossa inten\u00e7\u00e3o utilizar tal informa\u00e7\u00e3o para identificar pessoalmente qualquer utilizador. No entanto, se o utilizador se tiver registado e registado neste Website, poderemos combinar estas informa\u00e7\u00f5es com informa\u00e7\u00f5es dos nossos servi\u00e7os de an\u00e1lise da Web e cookies para analisar a forma como o utilizador utiliza este Website com mais detalhe.<\/p>\n<p>Este s\u00edtio poder\u00e1, com a sua permiss\u00e3o, utilizar tamb\u00e9m cookies direccionados, que s\u00e3o cookies utilizados para fornecer publicidade ou material de marketing relevante para os seus interesses. Podem tamb\u00e9m ser utilizados para limitar o n\u00famero de vezes que v\u00ea um an\u00fancio. Lembram-se que o utilizador visitou um s\u00edtio Web e que esta informa\u00e7\u00e3o pode ser partilhada com outras organiza\u00e7\u00f5es, tais como anunciantes.<\/p>\n<h3>Como controlar os cookies?<\/h3>\n<p>Ao utilizar este website, concorda que podemos colocar cookies no seu computador ou dispositivo, conforme explicado acima. No entanto, pode controlar e gerir os cookies de v\u00e1rias maneiras. Tenha em mente que a remo\u00e7\u00e3o ou bloqueio de cookies pode ter impacto na sua experi\u00eancia de utilizador e partes deste Website podem j\u00e1 n\u00e3o estar totalmente acess\u00edveis.<\/p>\n<h3>Controlos do navegador<\/h3>\n<p>A maioria dos browsers permitir-lhe-\u00e3o ver que cookies tem e elimin\u00e1-los individualmente ou bloquear cookies de determinados ou de todos os websites. Esteja ciente de que qualquer prefer\u00eancia que tenha definido ser\u00e1 perdida se eliminar todos os cookies, incluindo a sua prefer\u00eancia por n\u00e3o participar nos cookies, uma vez que isto mesmo requer que um cookie de n\u00e3o participa\u00e7\u00e3o tenha sido definido. Para mais informa\u00e7\u00f5es sobre como modificar as defini\u00e7\u00f5es do seu navegador para bloquear ou filtrar cookies, consulte <a href=\"http:\/\/www.aboutcookies.org\/\">http:\/\/www.aboutcookies.org\/<\/a> ou <a href=\"http:\/\/www.cookiecentral.com\/faq\/\">http:\/\/www.cookiecentral.com\/faq\/<\/a>.<\/p>\n<h3>Gest\u00e3o de cookies anal\u00edticos<\/h3>\n<p>Pode optar por n\u00e3o ter a sua actividade de navega\u00e7\u00e3o an\u00f3nima nos s\u00edtios web registados por cookies anal\u00edticos. Utilizamos os seguintes fornecedores de servi\u00e7os e pode saber mais sobre as suas pol\u00edticas de privacidade e como optar por n\u00e3o ter os seus cookies, clicando nos seguintes links:<\/p>\n<ul>\n<li>Adobe: <a href=\"http:\/\/www.adobe.com\/privacy\/opt-out.html\">http:\/\/www.adobe.com\/privacy\/opt-out.html<\/a><\/li>\n<li>Google Analytics:<a href=\"http:\/\/www.google.com\/analytics\/learn\/privacy.html\"> http:\/\/www.google.com\/analytics\/learn\/privacy.html<\/a><\/li>\n<li>Marketo: <a href=\"http:\/\/uk.marketo.com\/trust\/legal\/privacy\/\">http:\/\/uk.marketo.com\/trust\/legal\/privacy\/<\/a><\/li>\n<\/ul>\n<h3>Gest\u00e3o de Objectos Partilhados Locais ou Cookies Flash<\/h3>\n<p>Um objecto local partilhado ou cookie flash \u00e9 como a maioria dos outros cookies do navegador, excepto que pode armazenar tipos adicionais de informa\u00e7\u00e3o. Estes cookies n\u00e3o podem ser controlados utilizando os mecanismos listados acima. Algumas partes deste Website utilizam estes tipos de cookies para armazenar as prefer\u00eancias do utilizador para a funcionalidade de leitores multim\u00e9dia e sem eles, alguns conte\u00fados de v\u00eddeo podem n\u00e3o ser reproduzidos correctamente. Estes cookies podem ser controlados manualmente, visitando o website da Adobe.<\/p>\n<p><a href=\"http:\/\/www.macromedia.com\/support\/documentation\/en\/flashplayer\/help\/settings_manager07.html\">http:\/\/www.macromedia.com\/support\/documentation\/en\/flashplayer\/help\/settings_manager07.html<\/a><\/p>\n<h3>Bot\u00f5es sociais<\/h3>\n<p>Utilizamos &#8216;bot\u00f5es sociais&#8217; para permitir aos nossos utilizadores partilharem ou marcarem p\u00e1ginas web. Estes s\u00e3o bot\u00f5es para s\u00edtios de meios de comunica\u00e7\u00e3o social de terceiros e estes s\u00edtios podem registar informa\u00e7\u00f5es sobre as suas actividades na Internet, incluindo neste s\u00edtio Web. Por favor, reveja os respectivos termos de utiliza\u00e7\u00e3o e pol\u00edticas de privacidade destes s\u00edtios para compreender exactamente como utilizam as suas informa\u00e7\u00f5es e para saber como optar por n\u00e3o utilizar, ou apagar tais informa\u00e7\u00f5es.<\/p>\n<h3>Servi\u00e7os Web externos<\/h3>\n<p>Por vezes utilizamos servi\u00e7os web externos neste Website para exibir conte\u00fado dentro das p\u00e1ginas web deste Website, por exemplo, para exibir imagens, mostrar v\u00eddeos, ou realizar sondagens. Tal como acontece com os bot\u00f5es sociais, n\u00e3o podemos impedir que estes s\u00edtios, ou dom\u00ednios externos, recolham informa\u00e7\u00f5es sobre a sua utiliza\u00e7\u00e3o deste conte\u00fado incorporado.<\/p>\n<h3>Comunica\u00e7\u00f5es por correio electr\u00f3nico<\/h3>\n<p>Podemos tamb\u00e9m utilizar tecnologias de rastreio para determinar se leu, clicou, ou reencaminhou certas comunica\u00e7\u00f5es por correio electr\u00f3nico que lhe enviamos, para que possamos tornar as nossas comunica\u00e7\u00f5es mais \u00fateis e interessantes. Se n\u00e3o desejar que confirmemos se abriu, clicou, ou reencaminhou as nossas comunica\u00e7\u00f5es, ter\u00e1 de cancelar a subscri\u00e7\u00e3o, uma vez que n\u00e3o nos \u00e9 poss\u00edvel enviar estas mensagens de correio electr\u00f3nico sem que o rastreio esteja activado. Os subscritores registados podem actualizar as suas prefer\u00eancias de comunica\u00e7\u00e3o em qualquer altura, contactando-nos, ou pode cancelar a subscri\u00e7\u00e3o seguindo as instru\u00e7\u00f5es nas comunica\u00e7\u00f5es por correio electr\u00f3nico individuais que receber de n\u00f3s.<\/p>\n<p>Podemos modificar ou alterar este Aviso de Cookie de tempos a tempos, \u00e0 nossa discri\u00e7\u00e3o. Quando fizermos altera\u00e7\u00f5es a este aviso, alteraremos a data de revis\u00e3o no topo desta p\u00e1gina, e o Aviso de Cookie modificado ou alterado entrar\u00e1 em vigor para o cliente e as suas informa\u00e7\u00f5es a partir dessa data de revis\u00e3o. Encorajamo-lo a rever periodicamente este Aviso de Cookie para ser informado sobre a forma como estamos a utilizar cookies.<\/p>\n","protected":false},"excerpt":{"rendered":"<p>A fim de lhe fornecer um servi\u00e7o mais personalizado e mais reactivo, precisamos de recordar e armazenar informa\u00e7\u00f5es sobre a forma como utiliza este Website. [&hellip;]<\/p>\n","protected":false},"author":1,"featured_media":0,"parent":0,"menu_order":0,"comment_status":"closed","ping_status":"closed","template":"","meta":{"_acf_changed":false,"footnotes":""},"class_list":["post-1069","page","type-page","status-publish","hentry"],"acf":[],"yoast_head":"<!-- This site is optimized with the Yoast SEO plugin v27.2 - https:\/\/yoast.com\/product\/yoast-seo-wordpress\/ -->\n<title>Pol\u00edtica de Cookies - EUPHE<\/title>\n<meta name=\"robots\" content=\"index, follow, max-snippet:-1, max-image-preview:large, max-video-preview:-1\" \/>\n<link rel=\"canonical\" href=\"https:\/\/euphe.eu\/cookies-policy\/\" \/>\n<meta property=\"og:locale\" content=\"pt_PT\" \/>\n<meta property=\"og:type\" content=\"article\" \/>\n<meta property=\"og:title\" content=\"Pol\u00edtica de Cookies - EUPHE\" \/>\n<meta property=\"og:description\" content=\"A fim de lhe fornecer um servi\u00e7o mais personalizado e mais reactivo, precisamos de recordar e armazenar informa\u00e7\u00f5es sobre a forma como utiliza este Website. [&hellip;]\" \/>\n<meta property=\"og:url\" content=\"https:\/\/euphe.eu\/cookies-policy\/\" \/>\n<meta property=\"og:site_name\" content=\"EUPHE\" \/>\n<meta property=\"article:modified_time\" content=\"2022-01-17T12:40:58+00:00\" \/>\n<meta name=\"twitter:card\" content=\"summary_large_image\" \/>\n<meta name=\"twitter:label1\" content=\"Tempo estimado de leitura\" \/>\n\t<meta name=\"twitter:data1\" content=\"6 minutos\" \/>\n<script type=\"application\/ld+json\" class=\"yoast-schema-graph\">{\"@context\":\"https:\/\/schema.org\",\"@graph\":[{\"@type\":\"WebPage\",\"@id\":\"https:\/\/euphe.eu\/cookies-policy\/\",\"url\":\"https:\/\/euphe.eu\/cookies-policy\/\",\"name\":\"Pol\u00edtica de Cookies - EUPHE\",\"isPartOf\":{\"@id\":\"https:\/\/euphe.eu\/#website\"},\"datePublished\":\"2022-01-09T10:40:43+00:00\",\"dateModified\":\"2022-01-17T12:40:58+00:00\",\"breadcrumb\":{\"@id\":\"https:\/\/euphe.eu\/cookies-policy\/#breadcrumb\"},\"inLanguage\":\"pt-PT\",\"potentialAction\":[{\"@type\":\"ReadAction\",\"target\":[\"https:\/\/euphe.eu\/cookies-policy\/\"]}]},{\"@type\":\"BreadcrumbList\",\"@id\":\"https:\/\/euphe.eu\/cookies-policy\/#breadcrumb\",\"itemListElement\":[{\"@type\":\"ListItem\",\"position\":1,\"name\":\"Home\",\"item\":\"https:\/\/euphe.eu\/\"},{\"@type\":\"ListItem\",\"position\":2,\"name\":\"Pol\u00edtica de Cookies\"}]},{\"@type\":\"WebSite\",\"@id\":\"https:\/\/euphe.eu\/#website\",\"url\":\"https:\/\/euphe.eu\/\",\"name\":\"EUPHE\",\"description\":\"The Alliance of Non-State Higher Education Institutions\",\"potentialAction\":[{\"@type\":\"SearchAction\",\"target\":{\"@type\":\"EntryPoint\",\"urlTemplate\":\"https:\/\/euphe.eu\/?s={search_term_string}\"},\"query-input\":{\"@type\":\"PropertyValueSpecification\",\"valueRequired\":true,\"valueName\":\"search_term_string\"}}],\"inLanguage\":\"pt-PT\"}]}<\/script>\n<!-- \/ Yoast SEO plugin. -->","yoast_head_json":{"title":"Pol\u00edtica de Cookies - EUPHE","robots":{"index":"index","follow":"follow","max-snippet":"max-snippet:-1","max-image-preview":"max-image-preview:large","max-video-preview":"max-video-preview:-1"},"canonical":"https:\/\/euphe.eu\/cookies-policy\/","og_locale":"pt_PT","og_type":"article","og_title":"Pol\u00edtica de Cookies - EUPHE","og_description":"A fim de lhe fornecer um servi\u00e7o mais personalizado e mais reactivo, precisamos de recordar e armazenar informa\u00e7\u00f5es sobre a forma como utiliza este Website. [&hellip;]","og_url":"https:\/\/euphe.eu\/cookies-policy\/","og_site_name":"EUPHE","article_modified_time":"2022-01-17T12:40:58+00:00","twitter_card":"summary_large_image","twitter_misc":{"Tempo estimado de leitura":"6 minutos"},"schema":{"@context":"https:\/\/schema.org","@graph":[{"@type":"WebPage","@id":"https:\/\/euphe.eu\/cookies-policy\/","url":"https:\/\/euphe.eu\/cookies-policy\/","name":"Pol\u00edtica de Cookies - EUPHE","isPartOf":{"@id":"https:\/\/euphe.eu\/#website"},"datePublished":"2022-01-09T10:40:43+00:00","dateModified":"2022-01-17T12:40:58+00:00","breadcrumb":{"@id":"https:\/\/euphe.eu\/cookies-policy\/#breadcrumb"},"inLanguage":"pt-PT","potentialAction":[{"@type":"ReadAction","target":["https:\/\/euphe.eu\/cookies-policy\/"]}]},{"@type":"BreadcrumbList","@id":"https:\/\/euphe.eu\/cookies-policy\/#breadcrumb","itemListElement":[{"@type":"ListItem","position":1,"name":"Home","item":"https:\/\/euphe.eu\/"},{"@type":"ListItem","position":2,"name":"Pol\u00edtica de Cookies"}]},{"@type":"WebSite","@id":"https:\/\/euphe.eu\/#website","url":"https:\/\/euphe.eu\/","name":"EUPHE","description":"The Alliance of Non-State Higher Education Institutions","potentialAction":[{"@type":"SearchAction","target":{"@type":"EntryPoint","urlTemplate":"https:\/\/euphe.eu\/?s={search_term_string}"},"query-input":{"@type":"PropertyValueSpecification","valueRequired":true,"valueName":"search_term_string"}}],"inLanguage":"pt-PT"}]}},"_links":{"self":[{"href":"https:\/\/euphe.eu\/pt-pt\/wp-json\/wp\/v2\/pages\/1069","targetHints":{"allow":["GET"]}}],"collection":[{"href":"https:\/\/euphe.eu\/pt-pt\/wp-json\/wp\/v2\/pages"}],"about":[{"href":"https:\/\/euphe.eu\/pt-pt\/wp-json\/wp\/v2\/types\/page"}],"author":[{"embeddable":true,"href":"https:\/\/euphe.eu\/pt-pt\/wp-json\/wp\/v2\/users\/1"}],"replies":[{"embeddable":true,"href":"https:\/\/euphe.eu\/pt-pt\/wp-json\/wp\/v2\/comments?post=1069"}],"version-history":[{"count":3,"href":"https:\/\/euphe.eu\/pt-pt\/wp-json\/wp\/v2\/pages\/1069\/revisions"}],"predecessor-version":[{"id":1084,"href":"https:\/\/euphe.eu\/pt-pt\/wp-json\/wp\/v2\/pages\/1069\/revisions\/1084"}],"wp:attachment":[{"href":"https:\/\/euphe.eu\/pt-pt\/wp-json\/wp\/v2\/media?parent=1069"}],"curies":[{"name":"wp","href":"https:\/\/api.w.org\/{rel}","templated":true}]}}