{"id":1092,"date":"2021-04-27T08:07:26","date_gmt":"2021-04-27T08:07:26","guid":{"rendered":"https:\/\/euphe.eu\/privacy-policy\/"},"modified":"2022-01-17T12:56:26","modified_gmt":"2022-01-17T12:56:26","slug":"politica-de-privacidade","status":"publish","type":"page","link":"https:\/\/euphe.eu\/pt-pt\/politica-de-privacidade\/","title":{"rendered":"Pol\u00edtica de Privacidade"},"content":{"rendered":"\r\n<p>Ao utilizar este s\u00edtio, est\u00e1 a aceitar a utiliza\u00e7\u00e3o das suas informa\u00e7\u00f5es, tal como \u00e9 explicado nesta Pol\u00edtica Privada.<\/p>\r\n<h3 class=\"wp-block-heading\">Responsabilidade dos dados pessoais<\/h3>\r\n<ul>\r\n<li><strong>Identidade<\/strong>: Ensino Superior Privado da Uni\u00e3o Europeia, ASBL. (SER 715.444.977)<\/li>\r\n<li><strong>Endere\u00e7o<\/strong>: Rue Belliard 20, 1 &#8211; 1040 Bruxelas (B\u00e9lgica)<\/li>\r\n<li><strong>N\u00famero de telefone<\/strong>: +330 140 650 933<\/li>\r\n<li><strong>E-mail<\/strong>: direccion@aeen.org<\/li>\r\n<\/ul>\r\n<h3>Recolha de informa\u00e7\u00e3o<\/h3>\r\n<p>O Ensino Superior Privado da Uni\u00e3o Europeia (a partir de agora &#8220;EUPHE&#8221;) n\u00e3o pede informa\u00e7\u00f5es pessoais para visitar o website.<\/p>\r\n<p>A informa\u00e7\u00e3o pessoal que a EUPHE recolher\u00e1 dos utilizadores \u00e9 recolhida atrav\u00e9s do website:<\/p>\r\n<ul>\r\n<li>O formul\u00e1rio de pedido de contacto, incluindo o seu nome, e-mail, e endere\u00e7o<\/li>\r\n<li>Os e-mails s\u00e3o enviados para os endere\u00e7os de e-mail da EUPHE, incluindo qualquer informa\u00e7\u00e3o que o utilizador nos possa dar na comunica\u00e7\u00e3o<\/li>\r\n<li>A subscri\u00e7\u00e3o do boletim informativo da EUPHE<\/li>\r\n<li>Informa\u00e7\u00e3o sobre as visitas ao website, incluindo, mas n\u00e3o se limitando a, o endere\u00e7o IP, o navegador utilizado, localiza\u00e7\u00e3o, pa\u00eds, entradas no website, e fontes acedidas.<\/li>\r\n<\/ul>\r\n<p>Tamb\u00e9m podemos manter e manter qualquer tipo de conte\u00fado fornecido em blogs, f\u00f3runs, wikis, e outras aplica\u00e7\u00f5es e servi\u00e7os que possam promover-se a si pr\u00f3prios atrav\u00e9s das redes sociais.<\/p>\r\n<p>A EUPHE n\u00e3o solicita informa\u00e7\u00f5es sens\u00edveis dos utilizadores, tais como dados relacionados com ra\u00e7a ou origem \u00e9tnica, cren\u00e7as religiosas, registos criminais, sa\u00fade f\u00edsica ou mental, ou orienta\u00e7\u00e3o sexual.<\/p>\r\n<h3>Utiliza\u00e7\u00e3o da informa\u00e7\u00e3o<\/h3>\r\n<p>Podemos utilizar as suas informa\u00e7\u00f5es pessoais por raz\u00f5es promocionais, ou para enviar comunica\u00e7\u00f5es relacionadas com os servi\u00e7os prestados pelos nossos membros, e entidade colaboradora da EUPHE que consideramos que possam ser do seu interesse. Podemos tamb\u00e9m contactar o cliente para obter feedback sobre os servi\u00e7os prestados por entidades da EUPHE para fins de pesquisa de mercado ou outros.<br \/>Ao assinar o boletim informativo, aceita receber esta publica\u00e7\u00e3o e as informa\u00e7\u00f5es derivadas da actividade da EUPHE e dos seus membros e entidades colaboradoras, tais como a promo\u00e7\u00e3o de servi\u00e7os, convites para eventos, informa\u00e7\u00f5es sobre actividades, ou qualquer outra informa\u00e7\u00e3o que consideremos que possa ser do seu interesse.<\/p>\r\n<p>As suas informa\u00e7\u00f5es pessoais tamb\u00e9m podem ser utilizadas para proteger os nossos direitos ou propriedade, bem como os dos nossos utilizadores, e para cumprir o processo legal.<\/p>\r\n<p>Al\u00e9m de exercer os seus direitos de acesso, rectifica\u00e7\u00e3o, cancelamento e oposi\u00e7\u00e3o em qualquer altura, o utilizador poder\u00e1 solicitar que deixemos de enviar e-mails ou outras comunica\u00e7\u00f5es que sejam geradas em resposta ao seu registo neste website.<\/p>\r\n<h3>Divulga\u00e7\u00e3o de informa\u00e7\u00f5es a terceiros<\/h3>\r\n<p>Caso seja exigido por qualquer lei ou autoridade ou por terceiros que possam precisar dele para cumprir qualquer obriga\u00e7\u00e3o ou pedido legal, as informa\u00e7\u00f5es pessoais podem ser reveladas.<\/p>\r\n<p>Ao fornecer informa\u00e7\u00f5es atrav\u00e9s deste website, o visitante aceita as cl\u00e1usulas acima descritas.<\/p>\r\n<h3>Informa\u00e7\u00f5es de registo, cookies, e web beacons<\/h3>\r\n<p>Este s\u00edtio recolhe informa\u00e7\u00e3o padr\u00e3o de registo na Internet, incluindo o seu endere\u00e7o IP, tipo e l\u00edngua do navegador, tempos de acesso, e endere\u00e7os de s\u00edtio de refer\u00eancia. Esta informa\u00e7\u00e3o \u00e9 transferida para Google LLC, atrav\u00e9s do acordo UE-EUA Privacy Shield.<\/p>\r\n<p>Para assegurar que este s\u00edtio Web \u00e9 bem gerido e para facilitar uma melhor navega\u00e7\u00e3o, n\u00f3s ou os nossos fornecedores de servi\u00e7os tamb\u00e9m podemos utilizar cookies (pequenos ficheiros de texto armazenados no browser de um utilizador) ou Web beacons (imagens electr\u00f3nicas que permitem a este s\u00edtio Web contar os visitantes que acederam a uma determinada p\u00e1gina e aceder a determinados cookies) para recolher dados agregados. Informa\u00e7\u00f5es adicionais sobre a forma como utilizamos cookies e outras tecnologias de rastreio e como os pode controlar podem ser encontradas no nosso aviso sobre cookies.<\/p>\r\n<h3>Blogs, f\u00f3runs, wikis, e outros meios de comunica\u00e7\u00e3o social<\/h3>\r\n<p>Este Website pode acolher v\u00e1rios blogs, f\u00f3runs, wikis, e outras aplica\u00e7\u00f5es ou servi\u00e7os de comunica\u00e7\u00e3o social que lhe permitem partilhar conte\u00fados com outros utilizadores (colectivamente &#8220;Aplica\u00e7\u00f5es de Comunica\u00e7\u00e3o Social&#8221;). Qualquer informa\u00e7\u00e3o pessoal ou outra informa\u00e7\u00e3o que contribui para qualquer Aplica\u00e7\u00e3o de Meios Sociais pode ser lida, recolhida, e utilizada por outros utilizadores dessa Aplica\u00e7\u00e3o de Meios Sociais sobre os quais temos pouco ou nenhum controlo. Por conseguinte, n\u00e3o somos respons\u00e1veis pela utiliza\u00e7\u00e3o, m\u00e1 utiliza\u00e7\u00e3o, ou apropria\u00e7\u00e3o indevida de quaisquer informa\u00e7\u00f5es pessoais ou outras informa\u00e7\u00f5es que o utilizador contribua para qualquer Aplica\u00e7\u00e3o de Meios Sociais.<\/p>\r\n<h3>Acesso \u00e0 informa\u00e7\u00e3o<\/h3>\r\n<p>Os visitantes que desejem solicitar acesso \u00e0s suas informa\u00e7\u00f5es, actualizar os seus dados, ou anular a subscri\u00e7\u00e3o de comunica\u00e7\u00f5es devem contactar os servi\u00e7os de webmaster atrav\u00e9s deste e-mail. Em todos os casos, trataremos os pedidos de acesso \u00e0 informa\u00e7\u00e3o ou de altera\u00e7\u00e3o de informa\u00e7\u00e3o de acordo com os requisitos legais aplic\u00e1veis.<\/p>\r\n<h3>Seguran\u00e7a da informa\u00e7\u00e3o<\/h3>\r\n<p>Temos em vigor normas comerciais razo\u00e1veis de tecnologia e seguran\u00e7a operacional para proteger toda a informa\u00e7\u00e3o fornecida pelos visitantes atrav\u00e9s deste Website contra acesso n\u00e3o autorizado, divulga\u00e7\u00e3o, altera\u00e7\u00e3o, ou destrui\u00e7\u00e3o.<\/p>\r\n<h3>Altera\u00e7\u00f5es \u00e0 nossa Declara\u00e7\u00e3o de Privacidade<\/h3>\r\n<p>Podemos modificar ou alterar a presente Declara\u00e7\u00e3o de Privacidade de tempos a tempos, \u00e0 nossa discri\u00e7\u00e3o. Quando fizermos altera\u00e7\u00f5es \u00e0 presente Declara\u00e7\u00e3o, alteraremos a data de revis\u00e3o no topo desta p\u00e1gina, e a Declara\u00e7\u00e3o de Privacidade modificada ou alterada entrar\u00e1 em vigor para o utilizador e as suas informa\u00e7\u00f5es a partir dessa data de revis\u00e3o. Encorajamo-lo a rever periodicamente a presente Declara\u00e7\u00e3o de Privacidade para ser informado sobre a forma como estamos a proteger as suas informa\u00e7\u00f5es.<\/p>\r\n<p>Perguntas dos Visitantes<\/p>\r\n<p>Se tiver quaisquer perguntas ou preocupa\u00e7\u00f5es relativas \u00e0 sua privacidade durante a utiliza\u00e7\u00e3o deste Website, por favor dirija-as aos servi\u00e7os de webmaster atrav\u00e9s de correio electr\u00f3nico.<\/p>\r\n","protected":false},"excerpt":{"rendered":"<p>Ao utilizar este s\u00edtio, est\u00e1 a aceitar a utiliza\u00e7\u00e3o das suas informa\u00e7\u00f5es, tal como \u00e9 explicado nesta Pol\u00edtica Privada. Responsabilidade dos dados pessoais Identidade: Ensino [&hellip;]<\/p>\n","protected":false},"author":1,"featured_media":0,"parent":0,"menu_order":0,"comment_status":"closed","ping_status":"open","template":"","meta":{"_acf_changed":false,"footnotes":""},"class_list":["post-1092","page","type-page","status-publish","hentry"],"acf":[],"yoast_head":"<!-- This site is optimized with the Yoast SEO plugin v27.2 - https:\/\/yoast.com\/product\/yoast-seo-wordpress\/ -->\n<title>Pol\u00edtica de Privacidade - EUPHE<\/title>\n<meta name=\"robots\" content=\"index, follow, max-snippet:-1, max-image-preview:large, max-video-preview:-1\" \/>\n<link rel=\"canonical\" href=\"https:\/\/euphe.eu\/privacy-policy\/\" \/>\n<meta property=\"og:locale\" content=\"pt_PT\" \/>\n<meta property=\"og:type\" content=\"article\" \/>\n<meta property=\"og:title\" content=\"Pol\u00edtica de Privacidade - EUPHE\" \/>\n<meta property=\"og:description\" content=\"Ao utilizar este s\u00edtio, est\u00e1 a aceitar a utiliza\u00e7\u00e3o das suas informa\u00e7\u00f5es, tal como \u00e9 explicado nesta Pol\u00edtica Privada. Responsabilidade dos dados pessoais Identidade: Ensino [&hellip;]\" \/>\n<meta property=\"og:url\" content=\"https:\/\/euphe.eu\/privacy-policy\/\" \/>\n<meta property=\"og:site_name\" content=\"EUPHE\" \/>\n<meta property=\"article:modified_time\" content=\"2022-01-17T12:56:26+00:00\" \/>\n<meta name=\"twitter:card\" content=\"summary_large_image\" \/>\n<meta name=\"twitter:label1\" content=\"Tempo estimado de leitura\" \/>\n\t<meta name=\"twitter:data1\" content=\"5 minutos\" \/>\n<script type=\"application\/ld+json\" class=\"yoast-schema-graph\">{\"@context\":\"https:\/\/schema.org\",\"@graph\":[{\"@type\":\"WebPage\",\"@id\":\"https:\/\/euphe.eu\/privacy-policy\/\",\"url\":\"https:\/\/euphe.eu\/privacy-policy\/\",\"name\":\"Pol\u00edtica de Privacidade - EUPHE\",\"isPartOf\":{\"@id\":\"https:\/\/euphe.eu\/#website\"},\"datePublished\":\"2021-04-27T08:07:26+00:00\",\"dateModified\":\"2022-01-17T12:56:26+00:00\",\"breadcrumb\":{\"@id\":\"https:\/\/euphe.eu\/privacy-policy\/#breadcrumb\"},\"inLanguage\":\"pt-PT\",\"potentialAction\":[{\"@type\":\"ReadAction\",\"target\":[\"https:\/\/euphe.eu\/privacy-policy\/\"]}]},{\"@type\":\"BreadcrumbList\",\"@id\":\"https:\/\/euphe.eu\/privacy-policy\/#breadcrumb\",\"itemListElement\":[{\"@type\":\"ListItem\",\"position\":1,\"name\":\"Home\",\"item\":\"https:\/\/euphe.eu\/\"},{\"@type\":\"ListItem\",\"position\":2,\"name\":\"Pol\u00edtica de Privacidade\"}]},{\"@type\":\"WebSite\",\"@id\":\"https:\/\/euphe.eu\/#website\",\"url\":\"https:\/\/euphe.eu\/\",\"name\":\"EUPHE\",\"description\":\"The Alliance of Non-State Higher Education Institutions\",\"potentialAction\":[{\"@type\":\"SearchAction\",\"target\":{\"@type\":\"EntryPoint\",\"urlTemplate\":\"https:\/\/euphe.eu\/?s={search_term_string}\"},\"query-input\":{\"@type\":\"PropertyValueSpecification\",\"valueRequired\":true,\"valueName\":\"search_term_string\"}}],\"inLanguage\":\"pt-PT\"}]}<\/script>\n<!-- \/ Yoast SEO plugin. -->","yoast_head_json":{"title":"Pol\u00edtica de Privacidade - EUPHE","robots":{"index":"index","follow":"follow","max-snippet":"max-snippet:-1","max-image-preview":"max-image-preview:large","max-video-preview":"max-video-preview:-1"},"canonical":"https:\/\/euphe.eu\/privacy-policy\/","og_locale":"pt_PT","og_type":"article","og_title":"Pol\u00edtica de Privacidade - EUPHE","og_description":"Ao utilizar este s\u00edtio, est\u00e1 a aceitar a utiliza\u00e7\u00e3o das suas informa\u00e7\u00f5es, tal como \u00e9 explicado nesta Pol\u00edtica Privada. Responsabilidade dos dados pessoais Identidade: Ensino [&hellip;]","og_url":"https:\/\/euphe.eu\/privacy-policy\/","og_site_name":"EUPHE","article_modified_time":"2022-01-17T12:56:26+00:00","twitter_card":"summary_large_image","twitter_misc":{"Tempo estimado de leitura":"5 minutos"},"schema":{"@context":"https:\/\/schema.org","@graph":[{"@type":"WebPage","@id":"https:\/\/euphe.eu\/privacy-policy\/","url":"https:\/\/euphe.eu\/privacy-policy\/","name":"Pol\u00edtica de Privacidade - EUPHE","isPartOf":{"@id":"https:\/\/euphe.eu\/#website"},"datePublished":"2021-04-27T08:07:26+00:00","dateModified":"2022-01-17T12:56:26+00:00","breadcrumb":{"@id":"https:\/\/euphe.eu\/privacy-policy\/#breadcrumb"},"inLanguage":"pt-PT","potentialAction":[{"@type":"ReadAction","target":["https:\/\/euphe.eu\/privacy-policy\/"]}]},{"@type":"BreadcrumbList","@id":"https:\/\/euphe.eu\/privacy-policy\/#breadcrumb","itemListElement":[{"@type":"ListItem","position":1,"name":"Home","item":"https:\/\/euphe.eu\/"},{"@type":"ListItem","position":2,"name":"Pol\u00edtica de Privacidade"}]},{"@type":"WebSite","@id":"https:\/\/euphe.eu\/#website","url":"https:\/\/euphe.eu\/","name":"EUPHE","description":"The Alliance of Non-State Higher Education Institutions","potentialAction":[{"@type":"SearchAction","target":{"@type":"EntryPoint","urlTemplate":"https:\/\/euphe.eu\/?s={search_term_string}"},"query-input":{"@type":"PropertyValueSpecification","valueRequired":true,"valueName":"search_term_string"}}],"inLanguage":"pt-PT"}]}},"_links":{"self":[{"href":"https:\/\/euphe.eu\/pt-pt\/wp-json\/wp\/v2\/pages\/1092","targetHints":{"allow":["GET"]}}],"collection":[{"href":"https:\/\/euphe.eu\/pt-pt\/wp-json\/wp\/v2\/pages"}],"about":[{"href":"https:\/\/euphe.eu\/pt-pt\/wp-json\/wp\/v2\/types\/page"}],"author":[{"embeddable":true,"href":"https:\/\/euphe.eu\/pt-pt\/wp-json\/wp\/v2\/users\/1"}],"replies":[{"embeddable":true,"href":"https:\/\/euphe.eu\/pt-pt\/wp-json\/wp\/v2\/comments?post=1092"}],"version-history":[{"count":4,"href":"https:\/\/euphe.eu\/pt-pt\/wp-json\/wp\/v2\/pages\/1092\/revisions"}],"predecessor-version":[{"id":1115,"href":"https:\/\/euphe.eu\/pt-pt\/wp-json\/wp\/v2\/pages\/1092\/revisions\/1115"}],"wp:attachment":[{"href":"https:\/\/euphe.eu\/pt-pt\/wp-json\/wp\/v2\/media?parent=1092"}],"curies":[{"name":"wp","href":"https:\/\/api.w.org\/{rel}","templated":true}]}}