{"id":1122,"date":"2022-01-09T10:41:47","date_gmt":"2022-01-09T10:41:47","guid":{"rendered":"https:\/\/euphe.eu\/legal-advice\/"},"modified":"2022-01-17T13:06:46","modified_gmt":"2022-01-17T13:06:46","slug":"aconselhamento-juridico","status":"publish","type":"page","link":"https:\/\/euphe.eu\/pt-pt\/aconselhamento-juridico\/","title":{"rendered":"Aconselhamento Jur\u00eddico"},"content":{"rendered":"<h3>Utiliza\u00e7\u00e3o de Conte\u00fado; Restri\u00e7\u00f5es; Declara\u00e7\u00e3o de Privacidade<\/h3>\n<p>Salvo indica\u00e7\u00e3o em contr\u00e1rio no conte\u00fado relevante, e na condi\u00e7\u00e3o de cumprir todas as suas obriga\u00e7\u00f5es ao abrigo destes Termos de Utiliza\u00e7\u00e3o, est\u00e1 autorizado a visualizar, copiar, imprimir e distribuir (mas n\u00e3o modificar) o conte\u00fado deste Website; desde que (i) tal utiliza\u00e7\u00e3o seja apenas para fins informativos, n\u00e3o comerciais, e (ii) qualquer c\u00f3pia do conte\u00fado que fa\u00e7a deve incluir a nota de direitos de autor ou outra atribui\u00e7\u00e3o associada ao conte\u00fado.<\/p>\n<p>O utilizador n\u00e3o est\u00e1 autorizado a copiar ou utilizar qualquer software, processos propriet\u00e1rios, ou tecnologia incorporados ou descritos neste Website.<\/p>\n<p>O utilizador cumprir\u00e1 todas as leis aplic\u00e1veis no acesso e utiliza\u00e7\u00e3o deste Website.<\/p>\n<p>O utilizador reconhece que poderemos utilizar as suas informa\u00e7\u00f5es e dados pessoais de acordo com a nossa Declara\u00e7\u00e3o de Privacidade e Nota de Cookie, que s\u00e3o aqui incorporadas por esta refer\u00eancia. O utilizador concorda com os termos da nossa Declara\u00e7\u00e3o de Privacidade e Nota de Cookie, incluindo quaisquer obriga\u00e7\u00f5es que lhe sejam impostas na mesma.<\/p>\n<h3>Direitos de Propriedade Intelectual; N\u00e3o utiliza\u00e7\u00e3o de nomes ou log\u00f3tipos do Ensino Superior Privado da Uni\u00e3o Europeia<\/h3>\n<p>Salvo indica\u00e7\u00e3o em contr\u00e1rio, o conte\u00fado deste Website \u00e9 fornecido por n\u00f3s ou por outra entidade no \u00e2mbito do Ensino Superior Privado da Uni\u00e3o Europeia.<\/p>\n<p>Este Website e o seu conte\u00fado s\u00e3o protegidos por direitos de autor, marca registada, e outras leis de Inglaterra e Pa\u00eds de Gales e\/ou outras jurisdi\u00e7\u00f5es. N\u00f3s e os nossos licenciadores reservamo-nos todos os direitos n\u00e3o expressamente concedidos nestes Termos de Utiliza\u00e7\u00e3o.<br \/>\n&#8220;O log\u00f3tipo &#8220;Ensino Superior Privado da Uni\u00e3o Europeia&#8221;, e as variantes das l\u00ednguas locais das marcas comerciais acima mencionadas, e certos nomes de produtos que aparecem neste Website (colectivamente, o (&#8220;Ensino Superior Privado da Uni\u00e3o Europeia&#8221;), s\u00e3o marcas comerciais ou marcas registadas de entidades dentro da Uni\u00e3o Europeia Ensino Superior Privado&#8230; Excepto conforme expressamente previsto nestes Termos de Utiliza\u00e7\u00e3o, ou conforme expressamente autorizado por escrito pelo propriet\u00e1rio da marca relevante, o utilizador n\u00e3o dever\u00e1 utilizar qualquer marca registada do Ensino Superior Privado da Uni\u00e3o Europeia. Marcas isoladas ou em combina\u00e7\u00e3o com outras palavras ou elementos de design, incluindo em qualquer comunicado de imprensa, publicidade, ou outro material promocional ou de marketing ou meios de comunica\u00e7\u00e3o, seja por escrito, oral, electr\u00f3nico, visual, ou qualquer outra forma.<\/p>\n<p>As refer\u00eancias \u00e0s marcas registadas de outras partes neste Website s\u00e3o apenas para fins de identifica\u00e7\u00e3o e n\u00e3o indicam que tais partes tenham aprovado este Website ou qualquer um dos seus conte\u00fados. Estes Termos de Utiliza\u00e7\u00e3o n\u00e3o lhe concedem qualquer direito de utilizar as marcas comerciais de outras partes.<\/p>\n<h3>Isen\u00e7\u00f5es de responsabilidade e limita\u00e7\u00f5es de responsabilidade<\/h3>\n<p>Este website (incluindo sem limita\u00e7\u00e3o qualquer conte\u00fado ou outra parte do mesmo) cont\u00e9m apenas informa\u00e7\u00f5es gerais, e n\u00e3o estamos, atrav\u00e9s deste website, a prestar aconselhamento ou servi\u00e7os profissionais. Antes de tomar qualquer decis\u00e3o ou tomar qualquer ac\u00e7\u00e3o que possa afectar as suas finan\u00e7as ou neg\u00f3cios, dever\u00e1 consultar um conselheiro profissional qualificado.<\/p>\n<p>Este s\u00edtio web \u00e9 fornecido tal como est\u00e1, e n\u00e3o fazemos quaisquer representa\u00e7\u00f5es ou garantias expressas ou impl\u00edcitas a seu respeito. Sem limitar o precedente, n\u00e3o garantimos que este website seja seguro, livre de erros, livre de v\u00edrus ou c\u00f3digo malicioso, ou que satisfa\u00e7a quaisquer crit\u00e9rios particulares de desempenho ou qualidade. Renunciamos expressamente a todas as garantias impl\u00edcitas, incluindo, sem limita\u00e7\u00e3o, garantias de comerciabilidade, t\u00edtulo, adequa\u00e7\u00e3o a um determinado fim, n\u00e3o infrac\u00e7\u00e3o, compatibilidade, seguran\u00e7a e exactid\u00e3o.<\/p>\n<p>A sua utiliza\u00e7\u00e3o deste website \u00e9 por sua conta e risco e assume total responsabilidade e risco de perda resultante da sua utiliza\u00e7\u00e3o, incluindo, sem limita\u00e7\u00e3o, no que diz respeito \u00e0 perda de servi\u00e7o ou dados. N\u00e3o seremos respons\u00e1veis por quaisquer danos directos, indirectos, especiais, incidentais, consequenciais ou punitivos ou quaisquer outros danos, quer numa ac\u00e7\u00e3o de contrato, estatuto, delito (incluindo, sem limita\u00e7\u00e3o, neglig\u00eancia), ou de outra forma, relacionados com ou decorrentes da utiliza\u00e7\u00e3o deste website, mesmo que soub\u00e9ssemos, ou dev\u00eassemos saber, da possibilidade de tais danos.<br \/>\nCertos links neste website podem conduzir a websites, recursos ou ferramentas mantidos por terceiros sobre os quais n\u00e3o temos qualquer controlo, incluindo, sem limita\u00e7\u00e3o, os mantidos por outras entidades dentro do Ensino Superior Privado da Uni\u00e3o Europeia ou pessoal individual de tais entidades. Sem limita\u00e7\u00e3o de qualquer uma das anteriores, n\u00e3o fazemos quaisquer representa\u00e7\u00f5es ou garantias expressas ou impl\u00edcitas relativamente a tais websites, recursos e ferramentas, e as liga\u00e7\u00f5es a tais websites, recursos e ferramentas n\u00e3o devem ser interpretadas por n\u00f3s como um endosso dos mesmos ou do seu conte\u00fado.<\/p>\n<p>As exclus\u00f5es e limita\u00e7\u00f5es de responsabilidade acima referidas ser\u00e3o aplic\u00e1veis n\u00e3o s\u00f3 a n\u00f3s, mas tamb\u00e9m a cada outra entidade dentro do Ensino Superior Privado da Uni\u00e3o Europeia e ao nosso e respectivo pessoal.<br \/>\nAs exclus\u00f5es e limita\u00e7\u00f5es de responsabilidade acima referidas s\u00e3o aplic\u00e1veis na medida m\u00e1xima permitida por lei, seja em contrato, estatuto, delito civil (incluindo, sem limita\u00e7\u00e3o, neglig\u00eancia), ou de outra forma.<\/p>\n<h3>Termos adicionais<\/h3>\n<p>Se qualquer parte destes Termos de Utiliza\u00e7\u00e3o for inv\u00e1lida ou inaplic\u00e1vel em qualquer jurisdi\u00e7\u00e3o, ent\u00e3o (i) nessa jurisdi\u00e7\u00e3o ser\u00e1 re-constru\u00edda com o m\u00e1ximo efeito permitido por lei, a fim de realizar a sua inten\u00e7\u00e3o o mais pr\u00f3ximo poss\u00edvel, e o restante destes Termos de Utiliza\u00e7\u00e3o permanecer\u00e1 em pleno vigor e efeito, e (ii) em qualquer outra jurisdi\u00e7\u00e3o, todos estes Termos de Utiliza\u00e7\u00e3o permanecer\u00e3o em pleno vigor e efeito.<\/p>\n<p>Podemos rever estes Termos de Utiliza\u00e7\u00e3o em qualquer altura, a nosso exclusivo crit\u00e9rio, publicando tais Termos de Utiliza\u00e7\u00e3o revistos no link dos Termos de Utiliza\u00e7\u00e3o (ou seja, nesta p\u00e1gina web que est\u00e1 actualmente a visualizar) ou noutro local neste Website. Tais revis\u00f5es ser\u00e3o efectivas para o utilizador no momento da publica\u00e7\u00e3o, a menos que seja explicitamente declarado por n\u00f3s. \u00c9 da responsabilidade do utilizador ter conhecimento de tais Condi\u00e7\u00f5es de Utiliza\u00e7\u00e3o revistas, verificando esta p\u00e1gina da Internet. O uso continuado deste Website pelo utilizador na sequ\u00eancia de altera\u00e7\u00f5es aos presentes Termos de Utiliza\u00e7\u00e3o constitui a sua concord\u00e2ncia com os Termos de Utiliza\u00e7\u00e3o revistos.<\/p>\n","protected":false},"excerpt":{"rendered":"<p>Utiliza\u00e7\u00e3o de Conte\u00fado; Restri\u00e7\u00f5es; Declara\u00e7\u00e3o de Privacidade Salvo indica\u00e7\u00e3o em contr\u00e1rio no conte\u00fado relevante, e na condi\u00e7\u00e3o de cumprir todas as suas obriga\u00e7\u00f5es ao abrigo [&hellip;]<\/p>\n","protected":false},"author":1,"featured_media":0,"parent":0,"menu_order":0,"comment_status":"closed","ping_status":"closed","template":"","meta":{"_acf_changed":false,"footnotes":""},"class_list":["post-1122","page","type-page","status-publish","hentry"],"acf":[],"yoast_head":"<!-- This site is optimized with the Yoast SEO plugin v27.2 - https:\/\/yoast.com\/product\/yoast-seo-wordpress\/ -->\n<title>Aconselhamento Jur\u00eddico - EUPHE<\/title>\n<meta name=\"robots\" content=\"index, follow, max-snippet:-1, max-image-preview:large, max-video-preview:-1\" \/>\n<link rel=\"canonical\" href=\"https:\/\/euphe.eu\/legal-advice\/\" \/>\n<meta property=\"og:locale\" content=\"pt_PT\" \/>\n<meta property=\"og:type\" content=\"article\" \/>\n<meta property=\"og:title\" content=\"Aconselhamento Jur\u00eddico - EUPHE\" \/>\n<meta property=\"og:description\" content=\"Utiliza\u00e7\u00e3o de Conte\u00fado; Restri\u00e7\u00f5es; Declara\u00e7\u00e3o de Privacidade Salvo indica\u00e7\u00e3o em contr\u00e1rio no conte\u00fado relevante, e na condi\u00e7\u00e3o de cumprir todas as suas obriga\u00e7\u00f5es ao abrigo [&hellip;]\" \/>\n<meta property=\"og:url\" content=\"https:\/\/euphe.eu\/legal-advice\/\" \/>\n<meta property=\"og:site_name\" content=\"EUPHE\" \/>\n<meta property=\"article:modified_time\" content=\"2022-01-17T13:06:46+00:00\" \/>\n<meta name=\"twitter:card\" content=\"summary_large_image\" \/>\n<meta name=\"twitter:label1\" content=\"Tempo estimado de leitura\" \/>\n\t<meta name=\"twitter:data1\" content=\"6 minutos\" \/>\n<script type=\"application\/ld+json\" class=\"yoast-schema-graph\">{\"@context\":\"https:\/\/schema.org\",\"@graph\":[{\"@type\":\"WebPage\",\"@id\":\"https:\/\/euphe.eu\/legal-advice\/\",\"url\":\"https:\/\/euphe.eu\/legal-advice\/\",\"name\":\"Aconselhamento Jur\u00eddico - EUPHE\",\"isPartOf\":{\"@id\":\"https:\/\/euphe.eu\/#website\"},\"datePublished\":\"2022-01-09T10:41:47+00:00\",\"dateModified\":\"2022-01-17T13:06:46+00:00\",\"breadcrumb\":{\"@id\":\"https:\/\/euphe.eu\/legal-advice\/#breadcrumb\"},\"inLanguage\":\"pt-PT\",\"potentialAction\":[{\"@type\":\"ReadAction\",\"target\":[\"https:\/\/euphe.eu\/legal-advice\/\"]}]},{\"@type\":\"BreadcrumbList\",\"@id\":\"https:\/\/euphe.eu\/legal-advice\/#breadcrumb\",\"itemListElement\":[{\"@type\":\"ListItem\",\"position\":1,\"name\":\"Home\",\"item\":\"https:\/\/euphe.eu\/\"},{\"@type\":\"ListItem\",\"position\":2,\"name\":\"Aconselhamento Jur\u00eddico\"}]},{\"@type\":\"WebSite\",\"@id\":\"https:\/\/euphe.eu\/#website\",\"url\":\"https:\/\/euphe.eu\/\",\"name\":\"EUPHE\",\"description\":\"The Alliance of Non-State Higher Education Institutions\",\"potentialAction\":[{\"@type\":\"SearchAction\",\"target\":{\"@type\":\"EntryPoint\",\"urlTemplate\":\"https:\/\/euphe.eu\/?s={search_term_string}\"},\"query-input\":{\"@type\":\"PropertyValueSpecification\",\"valueRequired\":true,\"valueName\":\"search_term_string\"}}],\"inLanguage\":\"pt-PT\"}]}<\/script>\n<!-- \/ Yoast SEO plugin. -->","yoast_head_json":{"title":"Aconselhamento Jur\u00eddico - EUPHE","robots":{"index":"index","follow":"follow","max-snippet":"max-snippet:-1","max-image-preview":"max-image-preview:large","max-video-preview":"max-video-preview:-1"},"canonical":"https:\/\/euphe.eu\/legal-advice\/","og_locale":"pt_PT","og_type":"article","og_title":"Aconselhamento Jur\u00eddico - EUPHE","og_description":"Utiliza\u00e7\u00e3o de Conte\u00fado; Restri\u00e7\u00f5es; Declara\u00e7\u00e3o de Privacidade Salvo indica\u00e7\u00e3o em contr\u00e1rio no conte\u00fado relevante, e na condi\u00e7\u00e3o de cumprir todas as suas obriga\u00e7\u00f5es ao abrigo [&hellip;]","og_url":"https:\/\/euphe.eu\/legal-advice\/","og_site_name":"EUPHE","article_modified_time":"2022-01-17T13:06:46+00:00","twitter_card":"summary_large_image","twitter_misc":{"Tempo estimado de leitura":"6 minutos"},"schema":{"@context":"https:\/\/schema.org","@graph":[{"@type":"WebPage","@id":"https:\/\/euphe.eu\/legal-advice\/","url":"https:\/\/euphe.eu\/legal-advice\/","name":"Aconselhamento Jur\u00eddico - EUPHE","isPartOf":{"@id":"https:\/\/euphe.eu\/#website"},"datePublished":"2022-01-09T10:41:47+00:00","dateModified":"2022-01-17T13:06:46+00:00","breadcrumb":{"@id":"https:\/\/euphe.eu\/legal-advice\/#breadcrumb"},"inLanguage":"pt-PT","potentialAction":[{"@type":"ReadAction","target":["https:\/\/euphe.eu\/legal-advice\/"]}]},{"@type":"BreadcrumbList","@id":"https:\/\/euphe.eu\/legal-advice\/#breadcrumb","itemListElement":[{"@type":"ListItem","position":1,"name":"Home","item":"https:\/\/euphe.eu\/"},{"@type":"ListItem","position":2,"name":"Aconselhamento Jur\u00eddico"}]},{"@type":"WebSite","@id":"https:\/\/euphe.eu\/#website","url":"https:\/\/euphe.eu\/","name":"EUPHE","description":"The Alliance of Non-State Higher Education Institutions","potentialAction":[{"@type":"SearchAction","target":{"@type":"EntryPoint","urlTemplate":"https:\/\/euphe.eu\/?s={search_term_string}"},"query-input":{"@type":"PropertyValueSpecification","valueRequired":true,"valueName":"search_term_string"}}],"inLanguage":"pt-PT"}]}},"_links":{"self":[{"href":"https:\/\/euphe.eu\/pt-pt\/wp-json\/wp\/v2\/pages\/1122","targetHints":{"allow":["GET"]}}],"collection":[{"href":"https:\/\/euphe.eu\/pt-pt\/wp-json\/wp\/v2\/pages"}],"about":[{"href":"https:\/\/euphe.eu\/pt-pt\/wp-json\/wp\/v2\/types\/page"}],"author":[{"embeddable":true,"href":"https:\/\/euphe.eu\/pt-pt\/wp-json\/wp\/v2\/users\/1"}],"replies":[{"embeddable":true,"href":"https:\/\/euphe.eu\/pt-pt\/wp-json\/wp\/v2\/comments?post=1122"}],"version-history":[{"count":3,"href":"https:\/\/euphe.eu\/pt-pt\/wp-json\/wp\/v2\/pages\/1122\/revisions"}],"predecessor-version":[{"id":1136,"href":"https:\/\/euphe.eu\/pt-pt\/wp-json\/wp\/v2\/pages\/1122\/revisions\/1136"}],"wp:attachment":[{"href":"https:\/\/euphe.eu\/pt-pt\/wp-json\/wp\/v2\/media?parent=1122"}],"curies":[{"name":"wp","href":"https:\/\/api.w.org\/{rel}","templated":true}]}}