{"id":1070,"date":"2022-01-09T10:40:43","date_gmt":"2022-01-09T10:40:43","guid":{"rendered":"https:\/\/euphe.eu\/cookies-policy\/"},"modified":"2022-05-26T13:41:56","modified_gmt":"2022-05-26T13:41:56","slug":"politika-piskotkov","status":"publish","type":"page","link":"https:\/\/euphe.eu\/sl\/politika-piskotkov\/","title":{"rendered":"Politika pi\u0161kotkov"},"content":{"rendered":"<p>Da vam lahko zagotovimo bolj prilagojene in odzivne storitve, si moramo zapomniti in shraniti informacije o tem, kako uporabljate to spletno mesto. Za to uporabljamo majhne besedilne datoteke, imenovane pi\u0161kotki. Pi\u0161kotki vsebujejo majhne koli\u010dine informacij in jih stre\u017enik tega spletnega mesta prenese v va\u0161 ra\u010dunalnik ali drugo napravo. Va\u0161 spletni brskalnik nato te pi\u0161kotke ob vsakem naslednjem obisku po\u0161lje nazaj na to spletno mesto, da vas lahko prepozna in si zapomni stvari, kot so va\u0161e uporabni\u0161ke nastavitve. Podrobnej\u0161e informacije o pi\u0161kotkih in njihovem delovanju najdete na spletni strani <a href=\"http:\/\/www.aboutcookies.org\/\">http:\/\/www.aboutcookies.org\/<\/a>.<\/p>\n<p>Kadar koli uporabljate to Spletno mesto, se lahko informacije zbirajo z uporabo pi\u0161kotkov in drugih tehnologij. Z uporabo tega spletnega mesta se strinjate z na\u0161o uporabo pi\u0161kotkov, kot je opisano v tem obvestilu o pi\u0161kotkih, in tudi z uporabo pi\u0161kotkov na drugih dr\u017eavnih, regionalnih ali za prakso specifi\u010dnih spletnih mestih, ki jih vsebuje empleobelux.com in ki jih lahko obi\u0161\u010dete, kot je opisano v njihovih spremljajo\u010dih obvestilih o pi\u0161kotkih.<\/p>\n<h3>Katere pi\u0161kotke uporabljamo in zakaj?<\/h3>\n<p>Nekateri pi\u0161kotki, ki jih uporabljamo, so potrebni, da se lahko premikate po spletnem mestu in uporabljate njegove funkcije, kot je dostop do varnih obmo\u010dij, ki lahko vsebujejo vsebino za registrirane uporabnike.<\/p>\n<p>Uporabljamo tudi funkcionalne pi\u0161kotke, s katerimi bele\u017eimo informacije o va\u0161ih izbirah in ki nam omogo\u010dajo, da spletno mesto prilagodimo na\u0161im uporabnikom; na primer, da si zapomnimo va\u0161 jezik ali regijo ali da ste \u017ee izpolnili anketo. Te informacije so obi\u010dajno anonimizirane in se ne uporabljajo za noben drug namen.<\/p>\n<p>Mi ali na\u0161i ponudniki storitev uporabljamo tudi analiti\u010dne storitve, ki nam pomagajo razumeti, kako u\u010dinkovita je na\u0161a vsebina, kak\u0161ne interese imajo na\u0161i uporabniki in kako izbolj\u0161ati delovanje tega spletnega mesta. Poleg tega uporabljamo spletne svetilnike ali sledilne piksle za \u0161tetje \u0161tevila obiskovalcev in izvedbene pi\u0161kotke za spremljanje, koliko posameznih uporabnikov dostopa do tega spletnega mesta in kako pogosto. Te informacije se uporabljajo samo v statisti\u010dne namene in jih ne nameravamo uporabiti za osebno identifikacijo katerega koli uporabnika. \u010ce pa ste se registrirali in prijavili na to Spletno mesto, lahko te informacije zdru\u017eimo z informacijami iz na\u0161ih spletnih analiti\u010dnih storitev in pi\u0161kotkov, da podrobneje analiziramo, kako uporabljate to Spletno mesto.<\/p>\n<p>To spleti\u0161\u010de lahko z va\u0161im dovoljenjem uporablja tudi ciljno usmerjene pi\u0161kotke, ki so pi\u0161kotki, ki se uporabljajo za zagotavljanje ogla\u0161evalskega ali tr\u017eenjskega gradiva, ustreznega va\u0161im interesom. Uporabljajo se lahko tudi za omejitev \u0161tevila prikazov oglasa. Zapomnijo si, da ste obiskali spletno mesto, in te informacije se lahko delijo z drugimi organizacijami, kot so ogla\u0161evalci.<\/p>\n<h3>Kako nadzirati pi\u0161kotke?<\/h3>\n<p>Z uporabo tega spletnega mesta se strinjate, da lahko v va\u0161 ra\u010dunalnik ali napravo namestimo pi\u0161kotke, kot je pojasnjeno zgoraj. Vendar lahko pi\u0161kotke nadzorujete in upravljate na razli\u010dne na\u010dine. Upo\u0161tevajte, da lahko odstranitev ali blokiranje pi\u0161kotkov vpliva na va\u0161o uporabni\u0161ko izku\u0161njo in deli tega spletnega mesta morda ne bodo ve\u010d v celoti dostopni.<\/p>\n<h3>Nadzor brskalnika<\/h3>\n<p>Ve\u010dina brskalnikov vam omogo\u010da, da vidite, kateri pi\u0161kotki so na voljo, in jih izbri\u0161ete posami\u010dno ali blokirate pi\u0161kotke z dolo\u010denih ali vseh spletnih mest. Zavedajte se, da bodo vse nastavljene nastavitve izgubljene, \u010de izbri\u0161ete vse pi\u0161kotke, vklju\u010dno z nastavitvijo za odjavo od pi\u0161kotkov, saj je za to treba nastaviti pi\u0161kotek za odjavo. Ve\u010d informacij o tem, kako spremeniti nastavitve brskalnika za blokiranje ali filtriranje pi\u0161kotkov, najdete na <a href=\"http:\/\/www.aboutcookies.org\/\">http:\/\/www.aboutcookies.org\/<\/a> ali <a href=\"http:\/\/www.cookiecentral.com\/faq\/\">http:\/\/www.cookiecentral.com\/faq\/<\/a>.<\/p>\n<h3>Upravljanje pi\u0161kotkov Analytics<\/h3>\n<p>Odklonite lahko bele\u017eenje va\u0161e anonimizirane dejavnosti brskanja po spletnih mestih s pi\u0161kotki za analizo. Uporabljamo naslednje ponudnike storitev in s klikom na naslednje povezave lahko izveste ve\u010d o njihovih pravilih zasebnosti in na\u010dinu odjave od njihovih pi\u0161kotkov:<\/p>\n<ul>\n<li>Adobe: <a href=\"http:\/\/www.adobe.com\/privacy\/opt-out.html\">http:\/\/www.adobe.com\/privacy\/opt-out.html<\/a><\/li>\n<li>Google Analytics: <a href=\"http:\/\/www.google.com\/analytics\/learn\/privacy.html\">http:\/\/www.google.com\/analytics\/learn\/privacy.html<\/a><\/li>\n<li>Marketo: <a href=\"http:\/\/uk.marketo.com\/trust\/legal\/privacy\/\">http:\/\/uk.marketo.com\/trust\/legal\/privacy\/<\/a><\/li>\n<\/ul>\n<h3>Upravljanje lokalnih skupno dostopnih objektov ali pi\u0161kotkov Flash<\/h3>\n<p>Lokalni predmet v skupni rabi ali pi\u0161kotek flash je podoben ve\u010dini drugih pi\u0161kotkov brskalnika, le da lahko shranjuje dodatne vrste informacij. Teh pi\u0161kotkov ni mogo\u010de upravljati z zgoraj navedenimi mehanizmi. Nekateri deli tega spletnega mesta uporabljajo te vrste pi\u0161kotkov za shranjevanje uporabni\u0161kih nastavitev za delovanje medijskih predvajalnikov, brez njih pa se nekatere video vsebine morda ne bodo pravilno predvajale. Te pi\u0161kotke lahko ro\u010dno nadzorujete tako, da obi\u0161\u010dete spletno mesto dru\u017ebe Adobe.<\/p>\n<p><a href=\"http:\/\/www.macromedia.com\/support\/documentation\/en\/flashplayer\/help\/settings_manager07.html\">http:\/\/www.macromedia.com\/support\/documentation\/en\/flashplayer\/help\/settings_manager07.html<\/a><\/p>\n<h3>Gumbi dru\u017eabnih omre\u017eij<\/h3>\n<p>Uporabljamo &#8220;socialne gumbe&#8221;, ki na\u0161im uporabnikom omogo\u010dajo, da delijo ali zaznamujejo spletne strani. To so gumbi za spletna mesta dru\u017eabnih medijev tretjih oseb, ta spletna mesta pa lahko bele\u017eijo informacije o va\u0161ih dejavnostih na internetu, vklju\u010dno s tem spletnim mestom. Preglejte ustrezne pogoje uporabe in politike zasebnosti teh spletnih mest, da boste natan\u010dno razumeli, kako uporabljajo va\u0161e podatke, in ugotovili, kako se lahko odjavite ali izbri\u0161ete te podatke.<\/p>\n<h3>Zunanje spletne storitve<\/h3>\n<p>Na tem spletnem mestu v\u010dasih uporabljamo zunanje spletne storitve za prikaz vsebine na spletnih straneh tega spletnega mesta, na primer za prikaz slik, videoposnetkov ali anket. Tako kot pri gumbih za dru\u017eabne stike tem spletnim mestom ali zunanjim domenam ne moremo prepre\u010diti zbiranja informacij o va\u0161i uporabi te vdelane vsebine.<\/p>\n<h3>Sporo\u010danje po e-po\u0161ti<\/h3>\n<p>Tehnologije za sledenje lahko uporabljamo tudi za ugotavljanje, ali ste prebrali, kliknili ali posredovali dolo\u010dena e-po\u0161tna sporo\u010dila, ki vam jih po\u0161iljamo, da bi lahko na\u0161a sporo\u010dila naredili bolj koristna in zanimiva. \u010ce ne \u017eelite, da potrdimo, ali ste odprli, kliknili ali posredovali na\u0161a sporo\u010dila, se boste morali odjaviti, saj teh e-po\u0161tnih sporo\u010dil ne moremo po\u0161iljati brez omogo\u010denega sledenja. Registrirani naro\u010dniki lahko kadar koli posodobijo svoje komunikacijske nastavitve tako, da nas kontaktirajo, lahko pa se odjavite po navodilih v posameznih e-po\u0161tnih sporo\u010dilih, ki jih prejmete od nas.<\/p>\n<p>To obvestilo o pi\u0161kotkih lahko ob\u010dasno spremenimo ali dopolnimo po lastni presoji. Ko spremenimo to obvestilo, spremenimo datum spremembe na vrhu te strani, tako spremenjeno ali dopolnjeno obvestilo o pi\u0161kotkih pa velja za vas in va\u0161e podatke od tega datuma spremembe. Priporo\u010damo vam, da ob\u010dasno pregledate to obvestilo o pi\u0161kotkih, da boste obve\u0161\u010deni o tem, kako uporabljamo pi\u0161kotke.<\/p>\n","protected":false},"excerpt":{"rendered":"<p>Da vam lahko zagotovimo bolj prilagojene in odzivne storitve, si moramo zapomniti in shraniti informacije o tem, kako uporabljate to spletno mesto. Za to uporabljamo [&hellip;]<\/p>\n","protected":false},"author":1,"featured_media":0,"parent":0,"menu_order":0,"comment_status":"closed","ping_status":"closed","template":"","meta":{"_acf_changed":false,"footnotes":""},"class_list":["post-1070","page","type-page","status-publish","hentry"],"acf":[],"yoast_head":"<!-- This site is optimized with the Yoast SEO plugin v27.2 - https:\/\/yoast.com\/product\/yoast-seo-wordpress\/ -->\n<title>Politika pi\u0161kotkov - EUPHE<\/title>\n<meta name=\"robots\" content=\"index, follow, max-snippet:-1, max-image-preview:large, max-video-preview:-1\" \/>\n<link rel=\"canonical\" href=\"https:\/\/euphe.eu\/cookies-policy\/\" \/>\n<meta property=\"og:locale\" content=\"sl_SI\" \/>\n<meta property=\"og:type\" content=\"article\" \/>\n<meta property=\"og:title\" content=\"Politika pi\u0161kotkov - EUPHE\" \/>\n<meta property=\"og:description\" content=\"Da vam lahko zagotovimo bolj prilagojene in odzivne storitve, si moramo zapomniti in shraniti informacije o tem, kako uporabljate to spletno mesto. Za to uporabljamo [&hellip;]\" \/>\n<meta property=\"og:url\" content=\"https:\/\/euphe.eu\/cookies-policy\/\" \/>\n<meta property=\"og:site_name\" content=\"EUPHE\" \/>\n<meta property=\"article:modified_time\" content=\"2022-05-26T13:41:56+00:00\" \/>\n<meta name=\"twitter:card\" content=\"summary_large_image\" \/>\n<meta name=\"twitter:label1\" content=\"Est. reading time\" \/>\n\t<meta name=\"twitter:data1\" content=\"6 minut\" \/>\n<script type=\"application\/ld+json\" class=\"yoast-schema-graph\">{\"@context\":\"https:\/\/schema.org\",\"@graph\":[{\"@type\":\"WebPage\",\"@id\":\"https:\/\/euphe.eu\/cookies-policy\/\",\"url\":\"https:\/\/euphe.eu\/cookies-policy\/\",\"name\":\"Politika pi\u0161kotkov - EUPHE\",\"isPartOf\":{\"@id\":\"https:\/\/euphe.eu\/#website\"},\"datePublished\":\"2022-01-09T10:40:43+00:00\",\"dateModified\":\"2022-05-26T13:41:56+00:00\",\"breadcrumb\":{\"@id\":\"https:\/\/euphe.eu\/cookies-policy\/#breadcrumb\"},\"inLanguage\":\"sl-SI\",\"potentialAction\":[{\"@type\":\"ReadAction\",\"target\":[\"https:\/\/euphe.eu\/cookies-policy\/\"]}]},{\"@type\":\"BreadcrumbList\",\"@id\":\"https:\/\/euphe.eu\/cookies-policy\/#breadcrumb\",\"itemListElement\":[{\"@type\":\"ListItem\",\"position\":1,\"name\":\"Home\",\"item\":\"https:\/\/euphe.eu\/\"},{\"@type\":\"ListItem\",\"position\":2,\"name\":\"Politika pi\u0161kotkov\"}]},{\"@type\":\"WebSite\",\"@id\":\"https:\/\/euphe.eu\/#website\",\"url\":\"https:\/\/euphe.eu\/\",\"name\":\"EUPHE\",\"description\":\"The Alliance of Non-State Higher Education Institutions\",\"potentialAction\":[{\"@type\":\"SearchAction\",\"target\":{\"@type\":\"EntryPoint\",\"urlTemplate\":\"https:\/\/euphe.eu\/?s={search_term_string}\"},\"query-input\":{\"@type\":\"PropertyValueSpecification\",\"valueRequired\":true,\"valueName\":\"search_term_string\"}}],\"inLanguage\":\"sl-SI\"}]}<\/script>\n<!-- \/ Yoast SEO plugin. -->","yoast_head_json":{"title":"Politika pi\u0161kotkov - EUPHE","robots":{"index":"index","follow":"follow","max-snippet":"max-snippet:-1","max-image-preview":"max-image-preview:large","max-video-preview":"max-video-preview:-1"},"canonical":"https:\/\/euphe.eu\/cookies-policy\/","og_locale":"sl_SI","og_type":"article","og_title":"Politika pi\u0161kotkov - EUPHE","og_description":"Da vam lahko zagotovimo bolj prilagojene in odzivne storitve, si moramo zapomniti in shraniti informacije o tem, kako uporabljate to spletno mesto. Za to uporabljamo [&hellip;]","og_url":"https:\/\/euphe.eu\/cookies-policy\/","og_site_name":"EUPHE","article_modified_time":"2022-05-26T13:41:56+00:00","twitter_card":"summary_large_image","twitter_misc":{"Est. reading time":"6 minut"},"schema":{"@context":"https:\/\/schema.org","@graph":[{"@type":"WebPage","@id":"https:\/\/euphe.eu\/cookies-policy\/","url":"https:\/\/euphe.eu\/cookies-policy\/","name":"Politika pi\u0161kotkov - EUPHE","isPartOf":{"@id":"https:\/\/euphe.eu\/#website"},"datePublished":"2022-01-09T10:40:43+00:00","dateModified":"2022-05-26T13:41:56+00:00","breadcrumb":{"@id":"https:\/\/euphe.eu\/cookies-policy\/#breadcrumb"},"inLanguage":"sl-SI","potentialAction":[{"@type":"ReadAction","target":["https:\/\/euphe.eu\/cookies-policy\/"]}]},{"@type":"BreadcrumbList","@id":"https:\/\/euphe.eu\/cookies-policy\/#breadcrumb","itemListElement":[{"@type":"ListItem","position":1,"name":"Home","item":"https:\/\/euphe.eu\/"},{"@type":"ListItem","position":2,"name":"Politika pi\u0161kotkov"}]},{"@type":"WebSite","@id":"https:\/\/euphe.eu\/#website","url":"https:\/\/euphe.eu\/","name":"EUPHE","description":"The Alliance of Non-State Higher Education Institutions","potentialAction":[{"@type":"SearchAction","target":{"@type":"EntryPoint","urlTemplate":"https:\/\/euphe.eu\/?s={search_term_string}"},"query-input":{"@type":"PropertyValueSpecification","valueRequired":true,"valueName":"search_term_string"}}],"inLanguage":"sl-SI"}]}},"_links":{"self":[{"href":"https:\/\/euphe.eu\/sl\/wp-json\/wp\/v2\/pages\/1070","targetHints":{"allow":["GET"]}}],"collection":[{"href":"https:\/\/euphe.eu\/sl\/wp-json\/wp\/v2\/pages"}],"about":[{"href":"https:\/\/euphe.eu\/sl\/wp-json\/wp\/v2\/types\/page"}],"author":[{"embeddable":true,"href":"https:\/\/euphe.eu\/sl\/wp-json\/wp\/v2\/users\/1"}],"replies":[{"embeddable":true,"href":"https:\/\/euphe.eu\/sl\/wp-json\/wp\/v2\/comments?post=1070"}],"version-history":[{"count":4,"href":"https:\/\/euphe.eu\/sl\/wp-json\/wp\/v2\/pages\/1070\/revisions"}],"predecessor-version":[{"id":2131,"href":"https:\/\/euphe.eu\/sl\/wp-json\/wp\/v2\/pages\/1070\/revisions\/2131"}],"wp:attachment":[{"href":"https:\/\/euphe.eu\/sl\/wp-json\/wp\/v2\/media?parent=1070"}],"curies":[{"name":"wp","href":"https:\/\/api.w.org\/{rel}","templated":true}]}}