{"id":1093,"date":"2021-04-27T08:07:26","date_gmt":"2021-04-27T08:07:26","guid":{"rendered":"https:\/\/euphe.eu\/privacy-policy\/"},"modified":"2022-05-26T13:40:44","modified_gmt":"2022-05-26T13:40:44","slug":"politika-zasebnosti","status":"publish","type":"page","link":"https:\/\/euphe.eu\/sl\/politika-zasebnosti\/","title":{"rendered":"Politika zasebnosti"},"content":{"rendered":"\r\n<p>Z uporabo tega spletnega mesta se strinjate z uporabo va\u0161ih podatkov, kot je pojasnjeno v tem zasebnem pravilniku.<\/p>\r\n<h3 class=\"wp-block-heading\">Odgovornost za osebne podatke<\/h3>\r\n<p>Identiteta: Odgovornost: Evropska unija Zasebno visoko \u0161olstvo, ASBL. (BE 715.444.977)<br \/>Rue Belliard 20, 1 &#8211; 1040 Bruselj (Belgija)<br \/>Telefonska \u0161tevilka: +330 140 650 933<br \/>E-naslov: direccion@aeen.org<\/p>\r\n<h3>Zbiranje informacij<\/h3>\r\n<p>Evropska unija zasebnega visoko\u0161olskega izobra\u017eevanja (od zdaj naprej &#8220;EUPHE&#8221;) za obisk spletnega mesta ne zahteva osebnih podatkov.<\/p>\r\n<p>Osebni podatki, ki jih bo EUPHE zbiral od uporabnikov, se zbirajo prek:<\/p>\r\n<ul>\r\n<li>obrazca za prijavo za stik, vklju\u010dno z va\u0161im imenom, elektronsko po\u0161to in naslovom<\/li>\r\n<li>Elektronska sporo\u010dila se po\u0161ljejo na elektronske naslove EUPHE, vklju\u010dno z vsemi informacijami, ki nam jih uporabnik lahko posreduje v komunikaciji<\/li>\r\n<li>Naro\u010danje na glasilo EUPHE<\/li>\r\n<li>Informacije o obiskih spletnega mesta, med drugim vklju\u010dno z naslovom IP, uporabljenim navigatorjem, lokalizacijo, dr\u017eavo, vstopi na spletno mesto in dostopnimi viri<\/li>\r\n<\/ul>\r\n<p>Prav tako lahko hranimo in vzdr\u017eujemo vse vrste vsebin, ki jih posredujemo v blogih, forumih, wikijih ter drugih aplikacijah in storitvah, ki se lahko promovirajo prek dru\u017ebenih medijev.<\/p>\r\n<p>EUPHE ne zahteva ob\u010dutljivih podatkov uporabnikov, kot so podatki, povezani z rasnim ali etni\u010dnim poreklom, verskim prepri\u010danjem, kazensko evidenco, telesnim ali du\u0161evnim zdravjem ali spolno usmerjenostjo.<\/p>\r\n<h3>Uporaba informacij<\/h3>\r\n<p>Va\u0161e osebne podatke lahko uporabimo iz promocijskih razlogov ali za po\u0161iljanje sporo\u010dil, povezanih s storitvami, ki jih zagotavljajo na\u0161i \u010dlani, in sodelujo\u010di subjekt EUPHE, za katere menimo, da bi vas lahko zanimali. Prav tako vas lahko kontaktiramo, da bi pridobili povratne informacije o storitvah, ki jih zagotavljajo subjekti znotraj EUPHE, za namene tr\u017enih ali drugih raziskav.<br \/>S prijavo na novice se strinjate s prejemanjem te publikacije in informacij, ki izhajajo iz dejavnosti EUPHE in njenih \u010dlanov ter sodelujo\u010dih subjektov, kot so promocija storitev, vabila na dogodke, informacije o dejavnostih ali katere koli druge informacije, za katere menimo, da bi vas lahko zanimale.<\/p>\r\n<p>Va\u0161e osebne podatke lahko uporabimo tudi za za\u0161\u010dito na\u0161ih pravic ali lastnine in pravic na\u0161ih uporabnikov ter za izpolnjevanje pravnih postopkov.<\/p>\r\n<p>Poleg uveljavljanja pravic do dostopa, popravka, preklica in ugovora lahko uporabnik kadar koli zahteva, da prenehamo po\u0161iljati e-po\u0161tna sporo\u010dila ali druga sporo\u010dila, ki so nastala kot odziv na va\u0161o registracijo na tem spletnem mestu.<\/p>\r\n<h3>Razkritje informacij tretjim osebam<\/h3>\r\n<p>Osebne podatke lahko razkrijemo, \u010de to zahteva zakon ali organ ali tretja oseba, ki jih morda potrebuje za izpolnitev zakonske obveznosti ali zahteve.<\/p>\r\n<p>S posredovanjem podatkov prek tega spletnega mesta se obiskovalec strinja z zgoraj opisanimi klavzulami.<\/p>\r\n<h3>Podatki iz dnevnika, pi\u0161kotki in spletni svetilniki<\/h3>\r\n<p>To spletno mesto zbira standardne informacije spletnega dnevnika, vklju\u010dno z va\u0161im naslovom IP, vrsto in jezikom brskalnika, \u010dasom dostopa in spletnimi naslovi, ki napotujejo. Te informacije se posredujejo dru\u017ebi Google LLC v skladu s sporazumom o zasebnostnem \u0161\u010ditu med EU in ZDA.<\/p>\r\n<p>Da bi zagotovili dobro upravljanje tega spletnega mesta in omogo\u010dili bolj\u0161o navigacijo, lahko mi ali na\u0161i ponudniki storitev za zbiranje zbirnih podatkov uporabljamo tudi pi\u0161kotke (majhne besedilne datoteke, shranjene v uporabnikovem brskalniku) ali spletne svetilnike (elektronske slike, ki temu spletnemu mestu omogo\u010dajo \u0161tetje obiskovalcev, ki so obiskali dolo\u010deno stran, in dostop do dolo\u010denih pi\u0161kotkov). Dodatne informacije o tem, kako uporabljamo pi\u0161kotke in druge tehnologije sledenja ter kako jih lahko nadzorujete, so na voljo v na\u0161em obvestilu o pi\u0161kotkih.<\/p>\r\n<h3>Blogi, forumi, wikiji in drugi dru\u017ebeni mediji<\/h3>\r\n<p>To spletno mesto lahko gosti razli\u010dne bloge, forume, wikije in druge aplikacije ali storitve dru\u017ebenih medijev, ki vam omogo\u010dajo deljenje vsebine z drugimi uporabniki (skupaj &#8220;aplikacije dru\u017ebenih medijev&#8221;). Vse osebne podatke ali druge informacije, ki jih prispevate v katero koli aplikacijo dru\u017ebenega medija, lahko preberejo, zberejo in uporabijo drugi uporabniki te aplikacije dru\u017ebenega medija, nad katerimi nimamo nadzora ali ga imamo le malo. Zato nismo odgovorni za uporabo, zlorabo ali prilastitev katerih koli osebnih podatkov ali drugih informacij, ki jih prispevate v katero koli aplikacijo dru\u017ebenega medija, s strani katerega koli drugega uporabnika.<\/p>\r\n<h3>Dostop do informacij<\/h3>\r\n<p>Obiskovalci, ki \u017eelijo zahtevati dostop do svojih podatkov, posodobiti svoje podatke ali se odjaviti od prejemanja sporo\u010dil, se morajo obrniti na storitve spletnega skrbnika prek te e-po\u0161te. V vseh primerih bomo zahteve za dostop do informacij ali spremembo informacij obravnavali v skladu z veljavnimi zakonskimi zahtevami.<\/p>\r\n<h3>Varnost informacij<\/h3>\r\n<p>Vzpostavili smo razumne komercialne standarde tehnolo\u0161ke in operativne varnosti za za\u0161\u010dito vseh informacij, ki jih obiskovalci posredujejo prek tega spletnega mesta, pred nepoobla\u0161\u010denim dostopom, razkritjem, spreminjanjem ali uni\u010denjem.<\/p>\r\n<h3>Spremembe na\u0161e izjave o zasebnosti<\/h3>\r\n<p>To izjavo o zasebnosti lahko ob\u010dasno spremenimo ali dopolnimo po lastni presoji. Ko spremenimo to izjavo, spremenimo datum spremembe na vrhu te strani, tako spremenjena ali dopolnjena izjava o zasebnosti pa velja za vas in va\u0161e podatke od tega datuma spremembe. Priporo\u010damo vam, da ob\u010dasno pregledate to izjavo o zasebnosti in se seznanite s tem, kako varujemo va\u0161e podatke.<\/p>\r\n<p>Vpra\u0161anja obiskovalcev<\/p>\r\n<p>\u010ce imate med uporabo tega spletnega mesta kakr\u0161na koli vpra\u0161anja ali pomisleke v zvezi z va\u0161o zasebnostjo, jih naslovite na storitve spletnega skrbnika po elektronski po\u0161ti.<\/p>\r\n","protected":false},"excerpt":{"rendered":"<p>Z uporabo tega spletnega mesta se strinjate z uporabo va\u0161ih podatkov, kot je pojasnjeno v tem zasebnem pravilniku. Odgovornost za osebne podatke Identiteta: Odgovornost: Evropska [&hellip;]<\/p>\n","protected":false},"author":1,"featured_media":0,"parent":0,"menu_order":0,"comment_status":"closed","ping_status":"open","template":"","meta":{"_acf_changed":false,"footnotes":""},"class_list":["post-1093","page","type-page","status-publish","hentry"],"acf":[],"yoast_head":"<!-- This site is optimized with the Yoast SEO plugin v27.2 - https:\/\/yoast.com\/product\/yoast-seo-wordpress\/ -->\n<title>Politika zasebnosti - EUPHE<\/title>\n<meta name=\"robots\" content=\"index, follow, max-snippet:-1, max-image-preview:large, max-video-preview:-1\" \/>\n<link rel=\"canonical\" href=\"https:\/\/euphe.eu\/privacy-policy\/\" \/>\n<meta property=\"og:locale\" content=\"sl_SI\" \/>\n<meta property=\"og:type\" content=\"article\" \/>\n<meta property=\"og:title\" content=\"Politika zasebnosti - EUPHE\" \/>\n<meta property=\"og:description\" content=\"Z uporabo tega spletnega mesta se strinjate z uporabo va\u0161ih podatkov, kot je pojasnjeno v tem zasebnem pravilniku. Odgovornost za osebne podatke Identiteta: Odgovornost: Evropska [&hellip;]\" \/>\n<meta property=\"og:url\" content=\"https:\/\/euphe.eu\/privacy-policy\/\" \/>\n<meta property=\"og:site_name\" content=\"EUPHE\" \/>\n<meta property=\"article:modified_time\" content=\"2022-05-26T13:40:44+00:00\" \/>\n<meta name=\"twitter:card\" content=\"summary_large_image\" \/>\n<meta name=\"twitter:label1\" content=\"Est. reading time\" \/>\n\t<meta name=\"twitter:data1\" content=\"4 minute\" \/>\n<script type=\"application\/ld+json\" class=\"yoast-schema-graph\">{\"@context\":\"https:\/\/schema.org\",\"@graph\":[{\"@type\":\"WebPage\",\"@id\":\"https:\/\/euphe.eu\/privacy-policy\/\",\"url\":\"https:\/\/euphe.eu\/privacy-policy\/\",\"name\":\"Politika zasebnosti - EUPHE\",\"isPartOf\":{\"@id\":\"https:\/\/euphe.eu\/#website\"},\"datePublished\":\"2021-04-27T08:07:26+00:00\",\"dateModified\":\"2022-05-26T13:40:44+00:00\",\"breadcrumb\":{\"@id\":\"https:\/\/euphe.eu\/privacy-policy\/#breadcrumb\"},\"inLanguage\":\"sl-SI\",\"potentialAction\":[{\"@type\":\"ReadAction\",\"target\":[\"https:\/\/euphe.eu\/privacy-policy\/\"]}]},{\"@type\":\"BreadcrumbList\",\"@id\":\"https:\/\/euphe.eu\/privacy-policy\/#breadcrumb\",\"itemListElement\":[{\"@type\":\"ListItem\",\"position\":1,\"name\":\"Home\",\"item\":\"https:\/\/euphe.eu\/\"},{\"@type\":\"ListItem\",\"position\":2,\"name\":\"Politika zasebnosti\"}]},{\"@type\":\"WebSite\",\"@id\":\"https:\/\/euphe.eu\/#website\",\"url\":\"https:\/\/euphe.eu\/\",\"name\":\"EUPHE\",\"description\":\"The Alliance of Non-State Higher Education Institutions\",\"potentialAction\":[{\"@type\":\"SearchAction\",\"target\":{\"@type\":\"EntryPoint\",\"urlTemplate\":\"https:\/\/euphe.eu\/?s={search_term_string}\"},\"query-input\":{\"@type\":\"PropertyValueSpecification\",\"valueRequired\":true,\"valueName\":\"search_term_string\"}}],\"inLanguage\":\"sl-SI\"}]}<\/script>\n<!-- \/ Yoast SEO plugin. -->","yoast_head_json":{"title":"Politika zasebnosti - EUPHE","robots":{"index":"index","follow":"follow","max-snippet":"max-snippet:-1","max-image-preview":"max-image-preview:large","max-video-preview":"max-video-preview:-1"},"canonical":"https:\/\/euphe.eu\/privacy-policy\/","og_locale":"sl_SI","og_type":"article","og_title":"Politika zasebnosti - EUPHE","og_description":"Z uporabo tega spletnega mesta se strinjate z uporabo va\u0161ih podatkov, kot je pojasnjeno v tem zasebnem pravilniku. Odgovornost za osebne podatke Identiteta: Odgovornost: Evropska [&hellip;]","og_url":"https:\/\/euphe.eu\/privacy-policy\/","og_site_name":"EUPHE","article_modified_time":"2022-05-26T13:40:44+00:00","twitter_card":"summary_large_image","twitter_misc":{"Est. reading time":"4 minute"},"schema":{"@context":"https:\/\/schema.org","@graph":[{"@type":"WebPage","@id":"https:\/\/euphe.eu\/privacy-policy\/","url":"https:\/\/euphe.eu\/privacy-policy\/","name":"Politika zasebnosti - EUPHE","isPartOf":{"@id":"https:\/\/euphe.eu\/#website"},"datePublished":"2021-04-27T08:07:26+00:00","dateModified":"2022-05-26T13:40:44+00:00","breadcrumb":{"@id":"https:\/\/euphe.eu\/privacy-policy\/#breadcrumb"},"inLanguage":"sl-SI","potentialAction":[{"@type":"ReadAction","target":["https:\/\/euphe.eu\/privacy-policy\/"]}]},{"@type":"BreadcrumbList","@id":"https:\/\/euphe.eu\/privacy-policy\/#breadcrumb","itemListElement":[{"@type":"ListItem","position":1,"name":"Home","item":"https:\/\/euphe.eu\/"},{"@type":"ListItem","position":2,"name":"Politika zasebnosti"}]},{"@type":"WebSite","@id":"https:\/\/euphe.eu\/#website","url":"https:\/\/euphe.eu\/","name":"EUPHE","description":"The Alliance of Non-State Higher Education Institutions","potentialAction":[{"@type":"SearchAction","target":{"@type":"EntryPoint","urlTemplate":"https:\/\/euphe.eu\/?s={search_term_string}"},"query-input":{"@type":"PropertyValueSpecification","valueRequired":true,"valueName":"search_term_string"}}],"inLanguage":"sl-SI"}]}},"_links":{"self":[{"href":"https:\/\/euphe.eu\/sl\/wp-json\/wp\/v2\/pages\/1093","targetHints":{"allow":["GET"]}}],"collection":[{"href":"https:\/\/euphe.eu\/sl\/wp-json\/wp\/v2\/pages"}],"about":[{"href":"https:\/\/euphe.eu\/sl\/wp-json\/wp\/v2\/types\/page"}],"author":[{"embeddable":true,"href":"https:\/\/euphe.eu\/sl\/wp-json\/wp\/v2\/users\/1"}],"replies":[{"embeddable":true,"href":"https:\/\/euphe.eu\/sl\/wp-json\/wp\/v2\/comments?post=1093"}],"version-history":[{"count":4,"href":"https:\/\/euphe.eu\/sl\/wp-json\/wp\/v2\/pages\/1093\/revisions"}],"predecessor-version":[{"id":2130,"href":"https:\/\/euphe.eu\/sl\/wp-json\/wp\/v2\/pages\/1093\/revisions\/2130"}],"wp:attachment":[{"href":"https:\/\/euphe.eu\/sl\/wp-json\/wp\/v2\/media?parent=1093"}],"curies":[{"name":"wp","href":"https:\/\/api.w.org\/{rel}","templated":true}]}}