{"id":1123,"date":"2022-01-09T10:41:47","date_gmt":"2022-01-09T10:41:47","guid":{"rendered":"https:\/\/euphe.eu\/legal-advice\/"},"modified":"2022-05-26T13:42:11","modified_gmt":"2022-05-26T13:42:11","slug":"pravni-nasvet","status":"publish","type":"page","link":"https:\/\/euphe.eu\/sl\/pravni-nasvet\/","title":{"rendered":"Pravni nasvet"},"content":{"rendered":"<h3>Uporaba vsebine; omejitve; izjava o zasebnosti<\/h3>\n<p>\u010ce v zadevni vsebini ni navedeno druga\u010de in pod pogojem, da izpolnjujete vse svoje obveznosti v skladu s temi pogoji uporabe, ste poobla\u0161\u010deni za ogled, kopiranje, tiskanje in distribucijo (vendar ne za spreminjanje) vsebine na tem spletnem mestu; pod pogojem, da (i) je tak\u0161na uporaba izklju\u010dno v informativne, nekomercialne namene in (ii) mora vsaka kopija vsebine, ki jo naredite, vsebovati obvestilo o avtorskih pravicah ali drugo pripisovanje, povezano z vsebino.<\/p>\n<p>Niste poobla\u0161\u010deni za kopiranje ali uporabo kakr\u0161ne koli programske opreme, lastni\u0161kih postopkov ali tehnologije, ki je vsebovana ali opisana na tem spletnem mestu.<\/p>\n<p>Pri dostopu do tega spletnega mesta in njegovi uporabi boste upo\u0161tevali vse veljavne zakone.<\/p>\n<p>Potrjujete, da lahko va\u0161e osebne informacije in podatke uporabljamo v skladu z na\u0161o Izjavo o zasebnosti in Obvestilom o pi\u0161kotkih, ki sta s tem sklicem vklju\u010dena v to spletno mesto. S tem se strinjate s pogoji na\u0161e Izjave o zasebnosti in Obvestila o pi\u0161kotkih, vklju\u010dno z vsemi obveznostmi, ki vam jih nalagata.<\/p>\n<h3>Pravice intelektualne lastnine; prepoved uporabe imen ali logotipov zasebnega visoko\u0161olskega izobra\u017eevanja Evropske unije<\/h3>\n<p>\u010ce ni navedeno druga\u010de, vsebino na tem spletnem mestu zagotavljamo mi ali drug subjekt v okviru European Union Private Higher Education.<\/p>\n<p>To spleti\u0161\u010de in njegova vsebina sta za\u0161\u010ditena z avtorskimi pravicami, blagovnimi znamkami in drugimi zakoni Anglije in Walesa in\/ali drugih jurisdikcij. Mi in na\u0161i dajalci licenc si pridr\u017eujemo vse pravice, ki niso izrecno podeljene v teh pogojih uporabe.<br \/>\n&#8220;Logotip &#8220;European Union Private Higher Education.&#8221; in razli\u010dice zgornjih blagovnih znamk v lokalnih jezikih ter nekatera imena izdelkov, ki se pojavljajo na tem spletnem mestu (skupaj (&#8220;European Union Private Higher Education.&#8221;), so blagovne znamke ali registrirane blagovne znamke subjektov znotraj European Union Private Higher Education. Razen \u010de ni izrecno dolo\u010deno v teh Pogojih uporabe ali \u010de vas za to izrecno pisno pooblasti zadevni lastnik blagovne znamke, ne smete uporabljati nobene znamke European Union Private Higher Education. znamk samostojno ali v kombinaciji z drugimi besedami ali oblikovnimi elementi, vklju\u010dno v sporo\u010dilih za javnost, oglasih ali drugem promocijskem ali tr\u017eenjskem gradivu ali medijih v pisni, ustni, elektronski, vizualni ali kateri koli drugi obliki.<\/p>\n<p>Sklicevanja na blagovne znamke drugih strank na tem spletnem mestu so namenjena le identifikaciji in ne pomenijo, da so te stranke odobrile to spletno mesto ali katero koli njegovo vsebino. Ti pogoji uporabe vam ne dajejo nobene pravice do uporabe blagovnih znamk drugih strank.<\/p>\n<h3>Odpovedi in omejitve odgovornosti<\/h3>\n<p>To spletno mesto (vklju\u010dno z vsemi vsebinami ali drugimi njegovimi deli, vendar ne omejeno nanje) vsebuje le splo\u0161ne informacije in s tem spletnim mestom ne zagotavljamo strokovnih nasvetov ali storitev. Pred kakr\u0161no koli odlo\u010ditvijo ali dejanjem, ki bi lahko vplivalo na va\u0161e finance ali poslovanje, se posvetujte z usposobljenim strokovnim svetovalcem.<\/p>\n<p>To spleti\u0161\u010de je na voljo tak\u0161no, kot je, in v zvezi z njim ne dajemo nobenih izrecnih ali implicitnih zagotovil ali jamstev. Ne da bi omejili zgoraj navedeno, ne jam\u010dimo, da bo to spletno mesto varno, brez napak, brez virusov ali zlonamerne kode ali da bo izpolnjevalo kakr\u0161na koli posebna merila delovanja ali kakovosti. Izrecno zavra\u010damo vsa implicitna jamstva, med drugim jamstva o primernosti za prodajo, naslovu, primernosti za dolo\u010den namen, nekr\u0161enju pravic, zdru\u017eljivosti, varnosti in to\u010dnosti.<\/p>\n<p>To spletno mesto uporabljate na lastno odgovornost in prevzemate vso odgovornost in tveganje za izgubo, ki je posledica va\u0161e uporabe, med drugim tudi v zvezi z izgubo storitve ali podatkov. Ne bomo odgovorni za nobeno neposredno, posredno, posebno, naklju\u010dno, posledi\u010dno ali kazensko \u0161kodo ali kakr\u0161no koli drugo \u0161kodo, ne glede na to, ali gre za pogodbo, zakon, prekr\u0161ek (med drugim vklju\u010dno z malomarnostjo) ali drugo \u0161kodo, ki je povezana z uporabo tega spletnega mesta ali izhaja iz nje, tudi \u010de smo vedeli ali bi morali vedeti za mo\u017enost tak\u0161ne \u0161kode.<br \/>\nNekatere povezave na tem spletnem mestu lahko vodijo do spletnih mest, virov ali orodij, ki jih vzdr\u017eujejo tretje osebe, nad katerimi nimamo nadzora, med drugim tudi do tistih, ki jih vzdr\u017eujejo drugi subjekti v okviru zasebnega visoko\u0161olskega izobra\u017eevanja Evropske unije ali posamezno osebje teh subjektov. Ne da bi omejili kar koli od zgoraj navedenega, ne dajemo nobenih izrecnih ali implicitnih zagotovil ali jamstev v zvezi s tak\u0161nimi spletnimi mesti, viri in orodji, povezav do tak\u0161nih spletnih mest, virov in orodij pa ne smemo razumeti kot na\u0161o podporo tem spletnim mestom, virom in orodjem ali njihovi vsebini.<\/p>\n<p>Zgornje zavrnitve in omejitve odgovornosti veljajo ne le za nas, temve\u010d tudi za vse druge subjekte v okviru zasebnega visoko\u0161olskega izobra\u017eevanja Evropske unije ter za na\u0161e in njihovo osebje.<br \/>\nZgornje zavrnitve in omejitve odgovornosti veljajo v najve\u010djem mo\u017enem obsegu, ki ga dovoljuje zakon, ne glede na to, ali gre za pogodbo, zakon, prekr\u0161ek (med drugim vklju\u010dno z malomarnostjo) ali kaj drugega.<\/p>\n<h3>Dodatni pogoji<\/h3>\n<p>\u010ce je kateri koli del teh Pogojev uporabe neveljaven ali neizvr\u0161ljiv v kateri koli jurisdikciji, potem (i) se v tej jurisdikciji v najve\u010dji mo\u017eni meri, ki jo dovoljuje zakon, ponovno interpretira tako, da se \u010dim bolj uresni\u010di njegov namen, preostali del teh Pogojev uporabe pa ostane v celoti veljaven in izvr\u0161en, in (ii) v vseh drugih jurisdikcijah vsi ti Pogoji uporabe ostanejo v celoti veljavni in izvr\u0161ljivi.<\/p>\n<p>Te Pogoje uporabe lahko kadar koli spremenimo po lastni presoji tako, da spremenjene Pogoje uporabe objavimo na povezavi Pogoji uporabe (tj. na tej spletni strani, ki si jo trenutno ogledujete) ali drugje na tej spletni strani. Tak\u0161ni popravki veljajo za vas ob objavi, razen \u010de to izrecno navedemo. Va\u0161a odgovornost je, da ste seznanjeni s tak\u0161nimi spremenjenimi Pogoji uporabe tako, da preverjate to spletno stran. Va\u0161a nadaljnja uporaba te spletne strani po spremembah teh Pogojev uporabe pomeni, da se strinjate s spremenjenimi Pogoji uporabe.<\/p>\n","protected":false},"excerpt":{"rendered":"<p>Uporaba vsebine; omejitve; izjava o zasebnosti \u010ce v zadevni vsebini ni navedeno druga\u010de in pod pogojem, da izpolnjujete vse svoje obveznosti v skladu s temi [&hellip;]<\/p>\n","protected":false},"author":1,"featured_media":0,"parent":0,"menu_order":0,"comment_status":"closed","ping_status":"closed","template":"","meta":{"_acf_changed":false,"footnotes":""},"class_list":["post-1123","page","type-page","status-publish","hentry"],"acf":[],"yoast_head":"<!-- This site is optimized with the Yoast SEO plugin v27.2 - https:\/\/yoast.com\/product\/yoast-seo-wordpress\/ -->\n<title>Pravni nasvet - EUPHE<\/title>\n<meta name=\"robots\" content=\"index, follow, max-snippet:-1, max-image-preview:large, max-video-preview:-1\" \/>\n<link rel=\"canonical\" href=\"https:\/\/euphe.eu\/legal-advice\/\" \/>\n<meta property=\"og:locale\" content=\"sl_SI\" \/>\n<meta property=\"og:type\" content=\"article\" \/>\n<meta property=\"og:title\" content=\"Pravni nasvet - EUPHE\" \/>\n<meta property=\"og:description\" content=\"Uporaba vsebine; omejitve; izjava o zasebnosti \u010ce v zadevni vsebini ni navedeno druga\u010de in pod pogojem, da izpolnjujete vse svoje obveznosti v skladu s temi [&hellip;]\" \/>\n<meta property=\"og:url\" content=\"https:\/\/euphe.eu\/legal-advice\/\" \/>\n<meta property=\"og:site_name\" content=\"EUPHE\" \/>\n<meta property=\"article:modified_time\" content=\"2022-05-26T13:42:11+00:00\" \/>\n<meta name=\"twitter:card\" content=\"summary_large_image\" \/>\n<meta name=\"twitter:label1\" content=\"Est. reading time\" \/>\n\t<meta name=\"twitter:data1\" content=\"5 minut\" \/>\n<script type=\"application\/ld+json\" class=\"yoast-schema-graph\">{\"@context\":\"https:\/\/schema.org\",\"@graph\":[{\"@type\":\"WebPage\",\"@id\":\"https:\/\/euphe.eu\/legal-advice\/\",\"url\":\"https:\/\/euphe.eu\/legal-advice\/\",\"name\":\"Pravni nasvet - EUPHE\",\"isPartOf\":{\"@id\":\"https:\/\/euphe.eu\/#website\"},\"datePublished\":\"2022-01-09T10:41:47+00:00\",\"dateModified\":\"2022-05-26T13:42:11+00:00\",\"breadcrumb\":{\"@id\":\"https:\/\/euphe.eu\/legal-advice\/#breadcrumb\"},\"inLanguage\":\"sl-SI\",\"potentialAction\":[{\"@type\":\"ReadAction\",\"target\":[\"https:\/\/euphe.eu\/legal-advice\/\"]}]},{\"@type\":\"BreadcrumbList\",\"@id\":\"https:\/\/euphe.eu\/legal-advice\/#breadcrumb\",\"itemListElement\":[{\"@type\":\"ListItem\",\"position\":1,\"name\":\"Home\",\"item\":\"https:\/\/euphe.eu\/\"},{\"@type\":\"ListItem\",\"position\":2,\"name\":\"Pravni nasvet\"}]},{\"@type\":\"WebSite\",\"@id\":\"https:\/\/euphe.eu\/#website\",\"url\":\"https:\/\/euphe.eu\/\",\"name\":\"EUPHE\",\"description\":\"The Alliance of Non-State Higher Education Institutions\",\"potentialAction\":[{\"@type\":\"SearchAction\",\"target\":{\"@type\":\"EntryPoint\",\"urlTemplate\":\"https:\/\/euphe.eu\/?s={search_term_string}\"},\"query-input\":{\"@type\":\"PropertyValueSpecification\",\"valueRequired\":true,\"valueName\":\"search_term_string\"}}],\"inLanguage\":\"sl-SI\"}]}<\/script>\n<!-- \/ Yoast SEO plugin. -->","yoast_head_json":{"title":"Pravni nasvet - EUPHE","robots":{"index":"index","follow":"follow","max-snippet":"max-snippet:-1","max-image-preview":"max-image-preview:large","max-video-preview":"max-video-preview:-1"},"canonical":"https:\/\/euphe.eu\/legal-advice\/","og_locale":"sl_SI","og_type":"article","og_title":"Pravni nasvet - EUPHE","og_description":"Uporaba vsebine; omejitve; izjava o zasebnosti \u010ce v zadevni vsebini ni navedeno druga\u010de in pod pogojem, da izpolnjujete vse svoje obveznosti v skladu s temi [&hellip;]","og_url":"https:\/\/euphe.eu\/legal-advice\/","og_site_name":"EUPHE","article_modified_time":"2022-05-26T13:42:11+00:00","twitter_card":"summary_large_image","twitter_misc":{"Est. reading time":"5 minut"},"schema":{"@context":"https:\/\/schema.org","@graph":[{"@type":"WebPage","@id":"https:\/\/euphe.eu\/legal-advice\/","url":"https:\/\/euphe.eu\/legal-advice\/","name":"Pravni nasvet - EUPHE","isPartOf":{"@id":"https:\/\/euphe.eu\/#website"},"datePublished":"2022-01-09T10:41:47+00:00","dateModified":"2022-05-26T13:42:11+00:00","breadcrumb":{"@id":"https:\/\/euphe.eu\/legal-advice\/#breadcrumb"},"inLanguage":"sl-SI","potentialAction":[{"@type":"ReadAction","target":["https:\/\/euphe.eu\/legal-advice\/"]}]},{"@type":"BreadcrumbList","@id":"https:\/\/euphe.eu\/legal-advice\/#breadcrumb","itemListElement":[{"@type":"ListItem","position":1,"name":"Home","item":"https:\/\/euphe.eu\/"},{"@type":"ListItem","position":2,"name":"Pravni nasvet"}]},{"@type":"WebSite","@id":"https:\/\/euphe.eu\/#website","url":"https:\/\/euphe.eu\/","name":"EUPHE","description":"The Alliance of Non-State Higher Education Institutions","potentialAction":[{"@type":"SearchAction","target":{"@type":"EntryPoint","urlTemplate":"https:\/\/euphe.eu\/?s={search_term_string}"},"query-input":{"@type":"PropertyValueSpecification","valueRequired":true,"valueName":"search_term_string"}}],"inLanguage":"sl-SI"}]}},"_links":{"self":[{"href":"https:\/\/euphe.eu\/sl\/wp-json\/wp\/v2\/pages\/1123","targetHints":{"allow":["GET"]}}],"collection":[{"href":"https:\/\/euphe.eu\/sl\/wp-json\/wp\/v2\/pages"}],"about":[{"href":"https:\/\/euphe.eu\/sl\/wp-json\/wp\/v2\/types\/page"}],"author":[{"embeddable":true,"href":"https:\/\/euphe.eu\/sl\/wp-json\/wp\/v2\/users\/1"}],"replies":[{"embeddable":true,"href":"https:\/\/euphe.eu\/sl\/wp-json\/wp\/v2\/comments?post=1123"}],"version-history":[{"count":3,"href":"https:\/\/euphe.eu\/sl\/wp-json\/wp\/v2\/pages\/1123\/revisions"}],"predecessor-version":[{"id":2132,"href":"https:\/\/euphe.eu\/sl\/wp-json\/wp\/v2\/pages\/1123\/revisions\/2132"}],"wp:attachment":[{"href":"https:\/\/euphe.eu\/sl\/wp-json\/wp\/v2\/media?parent=1123"}],"curies":[{"name":"wp","href":"https:\/\/api.w.org\/{rel}","templated":true}]}}